{"id":5425,"date":"2025-12-01T20:47:28","date_gmt":"2025-12-01T20:47:28","guid":{"rendered":"https:\/\/darkorchid-narwhal-360002.hostingersite.com\/?page_id=5425"},"modified":"2026-02-10T15:44:07","modified_gmt":"2026-02-10T15:44:07","slug":"simone-marques","status":"publish","type":"page","link":"https:\/\/cograjau.com.br\/?page_id=5425","title":{"rendered":"Simone Marques"},"content":{"rendered":"\t\t<div data-elementor-type=\"wp-page\" data-elementor-id=\"5425\" class=\"elementor elementor-5425\">\n\t\t\t\t<div class=\"elementor-element elementor-element-5f18a59 e-flex e-con-boxed wpr-particle-no wpr-jarallax-no wpr-parallax-no wpr-sticky-section-no wpr-equal-height-no e-con e-parent\" data-id=\"5f18a59\" data-element_type=\"container\" data-e-type=\"container\">\n\t\t\t\t\t<div class=\"e-con-inner\">\n\t\t\t\t\t<\/div>\n\t\t\t\t<\/div>\n\t\t<div class=\"elementor-element elementor-element-1a2575c e-flex e-con-boxed wpr-particle-no wpr-jarallax-no wpr-parallax-no wpr-sticky-section-no wpr-equal-height-no e-con e-parent\" data-id=\"1a2575c\" data-element_type=\"container\" data-e-type=\"container\">\n\t\t\t\t\t<div class=\"e-con-inner\">\n\t\t<div class=\"elementor-element elementor-element-5601abe e-con-full e-flex wpr-particle-no wpr-jarallax-no wpr-parallax-no wpr-sticky-section-no wpr-equal-height-no e-con e-child\" data-id=\"5601abe\" data-element_type=\"container\" data-e-type=\"container\">\n\t\t\t\t<div class=\"elementor-element elementor-element-4d3be04 elementor-widget elementor-widget-image\" data-id=\"4d3be04\" data-element_type=\"widget\" data-e-type=\"widget\" data-widget_type=\"image.default\">\n\t\t\t\t\t\t\t\t\t\t\t\t\t\t\t<img fetchpriority=\"high\" decoding=\"async\" width=\"768\" height=\"960\" src=\"https:\/\/cograjau.com.br\/wp-content\/uploads\/2026\/02\/13.png\" class=\"attachment-medium_large size-medium_large wp-image-7226\" alt=\"\" \/>\t\t\t\t\t\t\t\t\t\t\t\t\t\t\t<\/div>\n\t\t\t\t<\/div>\n\t\t<div class=\"elementor-element elementor-element-bbdf630 e-con-full e-flex wpr-particle-no wpr-jarallax-no wpr-parallax-no wpr-sticky-section-no wpr-equal-height-no e-con e-child\" data-id=\"bbdf630\" data-element_type=\"container\" data-e-type=\"container\">\n\t\t\t\t<div class=\"elementor-element elementor-element-292795f elementor-widget elementor-widget-heading\" data-id=\"292795f\" data-element_type=\"widget\" data-e-type=\"widget\" data-widget_type=\"heading.default\">\n\t\t\t\t\t<h2 class=\"elementor-heading-title elementor-size-default\">Simone Marques<\/h2>\t\t\t\t<\/div>\n\t\t\t\t<div class=\"elementor-element elementor-element-62c4a7e elementor-widget elementor-widget-text-editor\" data-id=\"62c4a7e\" data-element_type=\"widget\" data-e-type=\"widget\" data-widget_type=\"text-editor.default\">\n\t\t\t\t\t\t\t\t\t<p>Fisioterapeuta Graduada na institui\u00e7\u00e3o Unesa<\/p><p>Curso de capacita\u00e7\u00e3o em pilates \u2013 ARPILATES CURSOS<\/p><p>Curso Dry Needling \u2013 ARPILATES CURSOS<\/p><p>Curso de osteopatia incompleto \u2013 EBOM \u2013 Escola Brasileira de Osteopatia e Terapia Manual<\/p><p>Curso de ozonioterapia- Instituto Irradiar<\/p><p>Drenagem linf\u00e1tica- CURSO HENRIQUE BAUMGARTH \/ PATRICIA FROES<\/p><p>Curso de capacita\u00e7\u00e3o em RPG\u00a0\u2013\u00a0CBFISIO\u00a0RJ<\/p>\t\t\t\t\t\t\t\t<\/div>\n\t\t\t\t<\/div>\n\t\t\t\t\t<\/div>\n\t\t\t\t<\/div>\n\t\t<div class=\"elementor-element elementor-element-522c692 e-con-full e-flex wpr-particle-no wpr-jarallax-no wpr-parallax-no wpr-sticky-section-no wpr-equal-height-no e-con e-parent\" data-id=\"522c692\" data-element_type=\"container\" data-e-type=\"container\">\n\t\t\t\t<div class=\"elementor-element elementor-element-dac954e elementor-widget-divider--view-line elementor-widget elementor-widget-divider\" data-id=\"dac954e\" data-element_type=\"widget\" data-e-type=\"widget\" data-widget_type=\"divider.default\">\n\t\t\t\t\t\t\t<div class=\"elementor-divider\">\n\t\t\t<span class=\"elementor-divider-separator\">\n\t\t\t\t\t\t<\/span>\n\t\t<\/div>\n\t\t\t\t\t\t<\/div>\n\t\t\t\t<\/div>\n\t\t\t\t<\/div>\n\t\t","protected":false},"excerpt":{"rendered":"<p>Simone Marques Fisioterapeuta Graduada na institui\u00e7\u00e3o Unesa Curso de capacita\u00e7\u00e3o em pilates \u2013 ARPILATES CURSOS Curso Dry Needling \u2013 ARPILATES CURSOS Curso de osteopatia incompleto \u2013 EBOM \u2013 Escola Brasileira de Osteopatia e Terapia Manual Curso de ozonioterapia- Instituto Irradiar Drenagem linf\u00e1tica- CURSO HENRIQUE BAUMGARTH \/ PATRICIA FROES Curso de capacita\u00e7\u00e3o em RPG\u00a0\u2013\u00a0CBFISIO\u00a0RJ<\/p>\n","protected":false},"author":1,"featured_media":0,"parent":0,"menu_order":0,"comment_status":"closed","ping_status":"closed","template":"elementor_canvas","meta":{"footnotes":""},"class_list":["post-5425","page","type-page","status-publish","hentry"],"aioseo_notices":[],"_links":{"self":[{"href":"https:\/\/cograjau.com.br\/index.php?rest_route=\/wp\/v2\/pages\/5425","targetHints":{"allow":["GET"]}}],"collection":[{"href":"https:\/\/cograjau.com.br\/index.php?rest_route=\/wp\/v2\/pages"}],"about":[{"href":"https:\/\/cograjau.com.br\/index.php?rest_route=\/wp\/v2\/types\/page"}],"author":[{"embeddable":true,"href":"https:\/\/cograjau.com.br\/index.php?rest_route=\/wp\/v2\/users\/1"}],"replies":[{"embeddable":true,"href":"https:\/\/cograjau.com.br\/index.php?rest_route=%2Fwp%2Fv2%2Fcomments&post=5425"}],"version-history":[{"count":3,"href":"https:\/\/cograjau.com.br\/index.php?rest_route=\/wp\/v2\/pages\/5425\/revisions"}],"predecessor-version":[{"id":7492,"href":"https:\/\/cograjau.com.br\/index.php?rest_route=\/wp\/v2\/pages\/5425\/revisions\/7492"}],"wp:attachment":[{"href":"https:\/\/cograjau.com.br\/index.php?rest_route=%2Fwp%2Fv2%2Fmedia&parent=5425"}],"curies":[{"name":"wp","href":"https:\/\/api.w.org\/{rel}","templated":true}]}}