{"id":5401,"date":"2025-12-01T20:34:47","date_gmt":"2025-12-01T20:34:47","guid":{"rendered":"https:\/\/darkorchid-narwhal-360002.hostingersite.com\/?page_id=5401"},"modified":"2026-02-10T15:42:36","modified_gmt":"2026-02-10T15:42:36","slug":"vinicius-monteiro","status":"publish","type":"page","link":"https:\/\/cograjau.com.br\/?page_id=5401","title":{"rendered":"Vinicius Monteiro"},"content":{"rendered":"\t\t<div data-elementor-type=\"wp-page\" data-elementor-id=\"5401\" class=\"elementor elementor-5401\">\n\t\t\t\t<div class=\"elementor-element elementor-element-564a01c e-flex e-con-boxed wpr-particle-no wpr-jarallax-no wpr-parallax-no wpr-sticky-section-no wpr-equal-height-no e-con e-parent\" data-id=\"564a01c\" data-element_type=\"container\" data-e-type=\"container\">\n\t\t\t\t\t<div class=\"e-con-inner\">\n\t\t\t\t\t<\/div>\n\t\t\t\t<\/div>\n\t\t<div class=\"elementor-element elementor-element-7448c74 e-flex e-con-boxed wpr-particle-no wpr-jarallax-no wpr-parallax-no wpr-sticky-section-no wpr-equal-height-no e-con e-parent\" data-id=\"7448c74\" data-element_type=\"container\" data-e-type=\"container\">\n\t\t\t\t\t<div class=\"e-con-inner\">\n\t\t<div class=\"elementor-element elementor-element-4111833 e-con-full e-flex wpr-particle-no wpr-jarallax-no wpr-parallax-no wpr-sticky-section-no wpr-equal-height-no e-con e-child\" data-id=\"4111833\" data-element_type=\"container\" data-e-type=\"container\">\n\t\t\t\t<div class=\"elementor-element elementor-element-4d3be04 elementor-widget elementor-widget-image\" data-id=\"4d3be04\" data-element_type=\"widget\" data-e-type=\"widget\" data-widget_type=\"image.default\">\n\t\t\t\t\t\t\t\t\t\t\t\t\t\t\t<img fetchpriority=\"high\" decoding=\"async\" width=\"768\" height=\"960\" src=\"https:\/\/cograjau.com.br\/wp-content\/uploads\/2026\/02\/11.png\" class=\"attachment-medium_large size-medium_large wp-image-7228\" alt=\"\" \/>\t\t\t\t\t\t\t\t\t\t\t\t\t\t\t<\/div>\n\t\t\t\t<\/div>\n\t\t<div class=\"elementor-element elementor-element-ef4391c e-con-full e-flex wpr-particle-no wpr-jarallax-no wpr-parallax-no wpr-sticky-section-no wpr-equal-height-no e-con e-child\" data-id=\"ef4391c\" data-element_type=\"container\" data-e-type=\"container\">\n\t\t\t\t<div class=\"elementor-element elementor-element-90e6446 elementor-widget elementor-widget-heading\" data-id=\"90e6446\" data-element_type=\"widget\" data-e-type=\"widget\" data-widget_type=\"heading.default\">\n\t\t\t\t\t<h2 class=\"elementor-heading-title elementor-size-default\">Vinicius Monteiro<\/h2>\t\t\t\t<\/div>\n\t\t\t\t<div class=\"elementor-element elementor-element-9df567c elementor-widget elementor-widget-text-editor\" data-id=\"9df567c\" data-element_type=\"widget\" data-e-type=\"widget\" data-widget_type=\"text-editor.default\">\n\t\t\t\t\t\t\t\t\t<p>Graduado em Fisioterapia pelo Centro Universit\u00e1rio Celso Lisboa<\/p><p>P\u00f3s graduando Lato Sensu em Osteopatia pelo Centro Universit\u00e1rio Celso Lisboa<\/p><p>P\u00f3s graduando Lato Sensu em Quiropraxia pela FRASCE<\/p><p>Forma\u00e7\u00e3o internacional no Conceito Mulligan \/ Physioscience<\/p><p>Mobilidade e terapia manual no tratamento das disfun\u00e7\u00f5es musculoesquel\u00e9ticas \/ I.E.S.A<\/p><p>Especializa\u00e7\u00e3o Termografia Cl\u00ednica \/ PREDIKTA<\/p><p>Especializa\u00e7\u00e3o em Fotobiomodula\u00e7\u00e3o \u2013 (com \u00eanfase em medicina\/fisioterapia, regenerativa, desportiva, ortop\u00e9dico) \/ BIOS<\/p><p>Especializa\u00e7\u00e3o em Avalia\u00e7\u00e3o de pisada e palmilha\u00a0funcional<\/p>\t\t\t\t\t\t\t\t<\/div>\n\t\t\t\t<\/div>\n\t\t\t\t\t<\/div>\n\t\t\t\t<\/div>\n\t\t\t\t<\/div>\n\t\t","protected":false},"excerpt":{"rendered":"<p>Vinicius Monteiro Graduado em Fisioterapia pelo Centro Universit\u00e1rio Celso Lisboa P\u00f3s graduando Lato Sensu em Osteopatia pelo Centro Universit\u00e1rio Celso Lisboa P\u00f3s graduando Lato Sensu em Quiropraxia pela FRASCE Forma\u00e7\u00e3o internacional no Conceito Mulligan \/ Physioscience Mobilidade e terapia manual no tratamento das disfun\u00e7\u00f5es musculoesquel\u00e9ticas \/ I.E.S.A Especializa\u00e7\u00e3o Termografia Cl\u00ednica \/ PREDIKTA Especializa\u00e7\u00e3o em Fotobiomodula\u00e7\u00e3o \u2013 (com \u00eanfase em medicina\/fisioterapia, regenerativa, desportiva, ortop\u00e9dico) \/ BIOS Especializa\u00e7\u00e3o em Avalia\u00e7\u00e3o de pisada e palmilha\u00a0funcional<\/p>\n","protected":false},"author":1,"featured_media":0,"parent":0,"menu_order":0,"comment_status":"closed","ping_status":"closed","template":"elementor_canvas","meta":{"footnotes":""},"class_list":["post-5401","page","type-page","status-publish","hentry"],"aioseo_notices":[],"_links":{"self":[{"href":"https:\/\/cograjau.com.br\/index.php?rest_route=\/wp\/v2\/pages\/5401","targetHints":{"allow":["GET"]}}],"collection":[{"href":"https:\/\/cograjau.com.br\/index.php?rest_route=\/wp\/v2\/pages"}],"about":[{"href":"https:\/\/cograjau.com.br\/index.php?rest_route=\/wp\/v2\/types\/page"}],"author":[{"embeddable":true,"href":"https:\/\/cograjau.com.br\/index.php?rest_route=\/wp\/v2\/users\/1"}],"replies":[{"embeddable":true,"href":"https:\/\/cograjau.com.br\/index.php?rest_route=%2Fwp%2Fv2%2Fcomments&post=5401"}],"version-history":[{"count":3,"href":"https:\/\/cograjau.com.br\/index.php?rest_route=\/wp\/v2\/pages\/5401\/revisions"}],"predecessor-version":[{"id":7480,"href":"https:\/\/cograjau.com.br\/index.php?rest_route=\/wp\/v2\/pages\/5401\/revisions\/7480"}],"wp:attachment":[{"href":"https:\/\/cograjau.com.br\/index.php?rest_route=%2Fwp%2Fv2%2Fmedia&parent=5401"}],"curies":[{"name":"wp","href":"https:\/\/api.w.org\/{rel}","templated":true}]}}