{"id":5382,"date":"2025-12-01T14:32:20","date_gmt":"2025-12-01T14:32:20","guid":{"rendered":"https:\/\/darkorchid-narwhal-360002.hostingersite.com\/?page_id=5382"},"modified":"2026-02-10T15:42:00","modified_gmt":"2026-02-10T15:42:00","slug":"karyna-soares","status":"publish","type":"page","link":"https:\/\/cograjau.com.br\/?page_id=5382","title":{"rendered":"Karyna Soares"},"content":{"rendered":"\t\t<div data-elementor-type=\"wp-page\" data-elementor-id=\"5382\" class=\"elementor elementor-5382\">\n\t\t\t\t<div class=\"elementor-element elementor-element-1b70b46 e-flex e-con-boxed wpr-particle-no wpr-jarallax-no wpr-parallax-no wpr-sticky-section-no wpr-equal-height-no e-con e-parent\" data-id=\"1b70b46\" data-element_type=\"container\" data-e-type=\"container\">\n\t\t\t\t\t<div class=\"e-con-inner\">\n\t\t\t\t\t<\/div>\n\t\t\t\t<\/div>\n\t\t<div class=\"elementor-element elementor-element-0eceb76 e-flex e-con-boxed wpr-particle-no wpr-jarallax-no wpr-parallax-no wpr-sticky-section-no wpr-equal-height-no e-con e-parent\" data-id=\"0eceb76\" data-element_type=\"container\" data-e-type=\"container\">\n\t\t\t\t\t<div class=\"e-con-inner\">\n\t\t<div class=\"elementor-element elementor-element-eb72ae2 e-con-full e-flex wpr-particle-no wpr-jarallax-no wpr-parallax-no wpr-sticky-section-no wpr-equal-height-no e-con e-child\" data-id=\"eb72ae2\" data-element_type=\"container\" data-e-type=\"container\">\n\t\t\t\t<div class=\"elementor-element elementor-element-4d3be04 elementor-widget elementor-widget-image\" data-id=\"4d3be04\" data-element_type=\"widget\" data-e-type=\"widget\" data-widget_type=\"image.default\">\n\t\t\t\t\t\t\t\t\t\t\t\t\t\t\t<img fetchpriority=\"high\" decoding=\"async\" width=\"768\" height=\"960\" src=\"https:\/\/cograjau.com.br\/wp-content\/uploads\/2026\/02\/10.png\" class=\"attachment-medium_large size-medium_large wp-image-7229\" alt=\"\" \/>\t\t\t\t\t\t\t\t\t\t\t\t\t\t\t<\/div>\n\t\t\t\t<\/div>\n\t\t<div class=\"elementor-element elementor-element-e2d0722 e-con-full e-flex wpr-particle-no wpr-jarallax-no wpr-parallax-no wpr-sticky-section-no wpr-equal-height-no e-con e-child\" data-id=\"e2d0722\" data-element_type=\"container\" data-e-type=\"container\">\n\t\t\t\t<div class=\"elementor-element elementor-element-85c5d6f elementor-widget elementor-widget-heading\" data-id=\"85c5d6f\" data-element_type=\"widget\" data-e-type=\"widget\" data-widget_type=\"heading.default\">\n\t\t\t\t\t<h2 class=\"elementor-heading-title elementor-size-default\">Karyna Soares<\/h2>\t\t\t\t<\/div>\n\t\t\t\t<div class=\"elementor-element elementor-element-755f4c2 elementor-widget elementor-widget-text-editor\" data-id=\"755f4c2\" data-element_type=\"widget\" data-e-type=\"widget\" data-widget_type=\"text-editor.default\">\n\t\t\t\t\t\t\t\t\t<p>Fisioterapeuta graduada pelo Instituto Brasileiro de Medicina e Reabilita\u00e7\u00e3o (IBMR)<\/p><p>P\u00f3s-graduanda Lato Sensu em P\u00f3s-gradua\u00e7\u00e3o Fisioterapia em Traumato Ortopedia e Esportiva l InterFISIO Cursos e Treinamentos<\/p><p>P\u00f3s graduanda Lato Sensu em Especializa\u00e7\u00e3o em Dor para Fisioterapeutas l Fisio em Ortopedia<\/p><p>Forma\u00e7\u00e3o Internacional no Conceito Mulligan de Mobiliza\u00e7\u00e3o com Movimento (MWM) l Physioscience<\/p><p>Curso de capacita\u00e7\u00e3o em Pilates na Conduta Cinesioterap\u00eautica l Philia Pilates Cursos<\/p><p>Curso de capacita\u00e7\u00e3o em Agulhamento Seco\/Dry-Needling l IESA Cursos<\/p><p>Forma\u00e7\u00e3o em Termografia Cl\u00ednica l Predikta Science Solutions<\/p><p>Curso de capacita\u00e7\u00e3o em Fotobiomodula\u00e7\u00e3o\u00a0l\u00a0BIO\u00a0Cursos<\/p>\t\t\t\t\t\t\t\t<\/div>\n\t\t\t\t<\/div>\n\t\t\t\t\t<\/div>\n\t\t\t\t<\/div>\n\t\t\t\t<\/div>\n\t\t","protected":false},"excerpt":{"rendered":"<p>Karyna Soares Fisioterapeuta graduada pelo Instituto Brasileiro de Medicina e Reabilita\u00e7\u00e3o (IBMR) P\u00f3s-graduanda Lato Sensu em P\u00f3s-gradua\u00e7\u00e3o Fisioterapia em Traumato Ortopedia e Esportiva l InterFISIO Cursos e Treinamentos P\u00f3s graduanda Lato Sensu em Especializa\u00e7\u00e3o em Dor para Fisioterapeutas l Fisio em Ortopedia Forma\u00e7\u00e3o Internacional no Conceito Mulligan de Mobiliza\u00e7\u00e3o com Movimento (MWM) l Physioscience Curso de capacita\u00e7\u00e3o em Pilates na Conduta Cinesioterap\u00eautica l Philia Pilates Cursos Curso de capacita\u00e7\u00e3o em Agulhamento Seco\/Dry-Needling l IESA Cursos Forma\u00e7\u00e3o em Termografia Cl\u00ednica l Predikta Science Solutions Curso de capacita\u00e7\u00e3o em Fotobiomodula\u00e7\u00e3o\u00a0l\u00a0BIO\u00a0Cursos<\/p>\n","protected":false},"author":1,"featured_media":0,"parent":0,"menu_order":0,"comment_status":"closed","ping_status":"closed","template":"elementor_canvas","meta":{"footnotes":""},"class_list":["post-5382","page","type-page","status-publish","hentry"],"aioseo_notices":[],"_links":{"self":[{"href":"https:\/\/cograjau.com.br\/index.php?rest_route=\/wp\/v2\/pages\/5382","targetHints":{"allow":["GET"]}}],"collection":[{"href":"https:\/\/cograjau.com.br\/index.php?rest_route=\/wp\/v2\/pages"}],"about":[{"href":"https:\/\/cograjau.com.br\/index.php?rest_route=\/wp\/v2\/types\/page"}],"author":[{"embeddable":true,"href":"https:\/\/cograjau.com.br\/index.php?rest_route=\/wp\/v2\/users\/1"}],"replies":[{"embeddable":true,"href":"https:\/\/cograjau.com.br\/index.php?rest_route=%2Fwp%2Fv2%2Fcomments&post=5382"}],"version-history":[{"count":3,"href":"https:\/\/cograjau.com.br\/index.php?rest_route=\/wp\/v2\/pages\/5382\/revisions"}],"predecessor-version":[{"id":7474,"href":"https:\/\/cograjau.com.br\/index.php?rest_route=\/wp\/v2\/pages\/5382\/revisions\/7474"}],"wp:attachment":[{"href":"https:\/\/cograjau.com.br\/index.php?rest_route=%2Fwp%2Fv2%2Fmedia&parent=5382"}],"curies":[{"name":"wp","href":"https:\/\/api.w.org\/{rel}","templated":true}]}}