{"id":5358,"date":"2025-12-01T14:25:03","date_gmt":"2025-12-01T14:25:03","guid":{"rendered":"https:\/\/darkorchid-narwhal-360002.hostingersite.com\/?page_id=5358"},"modified":"2026-02-10T15:41:19","modified_gmt":"2026-02-10T15:41:19","slug":"elisabeth-rodrigues","status":"publish","type":"page","link":"https:\/\/cograjau.com.br\/?page_id=5358","title":{"rendered":"Elisabeth Rodrigues"},"content":{"rendered":"\t\t<div data-elementor-type=\"wp-page\" data-elementor-id=\"5358\" class=\"elementor elementor-5358\">\n\t\t\t\t<div class=\"elementor-element elementor-element-7a26ed5 e-flex e-con-boxed wpr-particle-no wpr-jarallax-no wpr-parallax-no wpr-sticky-section-no wpr-equal-height-no e-con e-parent\" data-id=\"7a26ed5\" data-element_type=\"container\" data-e-type=\"container\">\n\t\t\t\t\t<div class=\"e-con-inner\">\n\t\t\t\t\t<\/div>\n\t\t\t\t<\/div>\n\t\t<div class=\"elementor-element elementor-element-9d5f8f4 e-flex e-con-boxed wpr-particle-no wpr-jarallax-no wpr-parallax-no wpr-sticky-section-no wpr-equal-height-no e-con e-parent\" data-id=\"9d5f8f4\" data-element_type=\"container\" data-e-type=\"container\">\n\t\t\t\t\t<div class=\"e-con-inner\">\n\t\t<div class=\"elementor-element elementor-element-5afef3f e-con-full e-flex wpr-particle-no wpr-jarallax-no wpr-parallax-no wpr-sticky-section-no wpr-equal-height-no e-con e-child\" data-id=\"5afef3f\" data-element_type=\"container\" data-e-type=\"container\">\n\t\t\t\t<div class=\"elementor-element elementor-element-4d3be04 elementor-widget elementor-widget-image\" data-id=\"4d3be04\" data-element_type=\"widget\" data-e-type=\"widget\" data-widget_type=\"image.default\">\n\t\t\t\t\t\t\t\t\t\t\t\t\t\t\t<img fetchpriority=\"high\" decoding=\"async\" width=\"768\" height=\"960\" src=\"https:\/\/cograjau.com.br\/wp-content\/uploads\/2026\/02\/9.png\" class=\"attachment-medium_large size-medium_large wp-image-7230\" alt=\"\" \/>\t\t\t\t\t\t\t\t\t\t\t\t\t\t\t<\/div>\n\t\t\t\t<\/div>\n\t\t<div class=\"elementor-element elementor-element-c83b45c e-con-full e-flex wpr-particle-no wpr-jarallax-no wpr-parallax-no wpr-sticky-section-no wpr-equal-height-no e-con e-child\" data-id=\"c83b45c\" data-element_type=\"container\" data-e-type=\"container\">\n\t\t\t\t<div class=\"elementor-element elementor-element-fae2bc8 elementor-widget elementor-widget-heading\" data-id=\"fae2bc8\" data-element_type=\"widget\" data-e-type=\"widget\" data-widget_type=\"heading.default\">\n\t\t\t\t\t<h2 class=\"elementor-heading-title elementor-size-default\">Elisabeth Rodrigues<\/h2>\t\t\t\t<\/div>\n\t\t\t\t<div class=\"elementor-element elementor-element-a7bdb52 elementor-widget elementor-widget-text-editor\" data-id=\"a7bdb52\" data-element_type=\"widget\" data-e-type=\"widget\" data-widget_type=\"text-editor.default\">\n\t\t\t\t\t\t\t\t\t<p>Graduada em Fisioterapia pela Universidade Castelo Branco<\/p><p>P\u00f3s-gradua\u00e7\u00e3o Lato Sensu em Acupuntura pela Escola de Acupuntura | Zang-fu<\/p><p>Forma\u00e7\u00e3o em Fisioterapia Regenerativa \u2013 Pain Expert<\/p><p>Forma\u00e7\u00e3o em Eletroterapia em Alta Performance \u2013 Dosys Academy BASIS<\/p><p>Forma\u00e7\u00e3o em RPG<\/p><p>Forma\u00e7\u00e3o\u00a0em\u00a0Pilates<\/p>\t\t\t\t\t\t\t\t<\/div>\n\t\t\t\t<\/div>\n\t\t\t\t\t<\/div>\n\t\t\t\t<\/div>\n\t\t\t\t<\/div>\n\t\t","protected":false},"excerpt":{"rendered":"<p>Elisabeth Rodrigues Graduada em Fisioterapia pela Universidade Castelo Branco P\u00f3s-gradua\u00e7\u00e3o Lato Sensu em Acupuntura pela Escola de Acupuntura | Zang-fu Forma\u00e7\u00e3o em Fisioterapia Regenerativa \u2013 Pain Expert Forma\u00e7\u00e3o em Eletroterapia em Alta Performance \u2013 Dosys Academy BASIS Forma\u00e7\u00e3o em RPG Forma\u00e7\u00e3o\u00a0em\u00a0Pilates<\/p>\n","protected":false},"author":1,"featured_media":0,"parent":0,"menu_order":0,"comment_status":"closed","ping_status":"closed","template":"elementor_canvas","meta":{"footnotes":""},"class_list":["post-5358","page","type-page","status-publish","hentry"],"aioseo_notices":[],"_links":{"self":[{"href":"https:\/\/cograjau.com.br\/index.php?rest_route=\/wp\/v2\/pages\/5358","targetHints":{"allow":["GET"]}}],"collection":[{"href":"https:\/\/cograjau.com.br\/index.php?rest_route=\/wp\/v2\/pages"}],"about":[{"href":"https:\/\/cograjau.com.br\/index.php?rest_route=\/wp\/v2\/types\/page"}],"author":[{"embeddable":true,"href":"https:\/\/cograjau.com.br\/index.php?rest_route=\/wp\/v2\/users\/1"}],"replies":[{"embeddable":true,"href":"https:\/\/cograjau.com.br\/index.php?rest_route=%2Fwp%2Fv2%2Fcomments&post=5358"}],"version-history":[{"count":3,"href":"https:\/\/cograjau.com.br\/index.php?rest_route=\/wp\/v2\/pages\/5358\/revisions"}],"predecessor-version":[{"id":7468,"href":"https:\/\/cograjau.com.br\/index.php?rest_route=\/wp\/v2\/pages\/5358\/revisions\/7468"}],"wp:attachment":[{"href":"https:\/\/cograjau.com.br\/index.php?rest_route=%2Fwp%2Fv2%2Fmedia&parent=5358"}],"curies":[{"name":"wp","href":"https:\/\/api.w.org\/{rel}","templated":true}]}}