{"id":5346,"date":"2025-12-01T14:21:28","date_gmt":"2025-12-01T14:21:28","guid":{"rendered":"https:\/\/darkorchid-narwhal-360002.hostingersite.com\/?page_id=5346"},"modified":"2026-02-10T15:39:36","modified_gmt":"2026-02-10T15:39:36","slug":"jaqueline-souza","status":"publish","type":"page","link":"https:\/\/cograjau.com.br\/?page_id=5346","title":{"rendered":"Jaqueline Souza"},"content":{"rendered":"\t\t<div data-elementor-type=\"wp-page\" data-elementor-id=\"5346\" class=\"elementor elementor-5346\">\n\t\t\t\t<div class=\"elementor-element elementor-element-61456fe e-flex e-con-boxed wpr-particle-no wpr-jarallax-no wpr-parallax-no wpr-sticky-section-no wpr-equal-height-no e-con e-parent\" data-id=\"61456fe\" data-element_type=\"container\" data-e-type=\"container\">\n\t\t\t\t\t<div class=\"e-con-inner\">\n\t\t\t\t\t<\/div>\n\t\t\t\t<\/div>\n\t\t<div class=\"elementor-element elementor-element-0123847 e-flex e-con-boxed wpr-particle-no wpr-jarallax-no wpr-parallax-no wpr-sticky-section-no wpr-equal-height-no e-con e-parent\" data-id=\"0123847\" data-element_type=\"container\" data-e-type=\"container\">\n\t\t\t\t\t<div class=\"e-con-inner\">\n\t\t<div class=\"elementor-element elementor-element-d04fd40 e-con-full e-flex wpr-particle-no wpr-jarallax-no wpr-parallax-no wpr-sticky-section-no wpr-equal-height-no e-con e-child\" data-id=\"d04fd40\" data-element_type=\"container\" data-e-type=\"container\">\n\t\t\t\t<div class=\"elementor-element elementor-element-4d3be04 elementor-widget elementor-widget-image\" data-id=\"4d3be04\" data-element_type=\"widget\" data-e-type=\"widget\" data-widget_type=\"image.default\">\n\t\t\t\t\t\t\t\t\t\t\t\t\t\t\t<img fetchpriority=\"high\" decoding=\"async\" width=\"768\" height=\"960\" src=\"https:\/\/cograjau.com.br\/wp-content\/uploads\/2026\/02\/8.png\" class=\"attachment-medium_large size-medium_large wp-image-7232\" alt=\"\" \/>\t\t\t\t\t\t\t\t\t\t\t\t\t\t\t<\/div>\n\t\t\t\t<\/div>\n\t\t<div class=\"elementor-element elementor-element-982a0df e-con-full e-flex wpr-particle-no wpr-jarallax-no wpr-parallax-no wpr-sticky-section-no wpr-equal-height-no e-con e-child\" data-id=\"982a0df\" data-element_type=\"container\" data-e-type=\"container\">\n\t\t\t\t<div class=\"elementor-element elementor-element-2831ba0 elementor-widget elementor-widget-heading\" data-id=\"2831ba0\" data-element_type=\"widget\" data-e-type=\"widget\" data-widget_type=\"heading.default\">\n\t\t\t\t\t<h2 class=\"elementor-heading-title elementor-size-default\">Jaqueline Souza<\/h2>\t\t\t\t<\/div>\n\t\t\t\t<div class=\"elementor-element elementor-element-11986f4 elementor-widget elementor-widget-text-editor\" data-id=\"11986f4\" data-element_type=\"widget\" data-e-type=\"widget\" data-widget_type=\"text-editor.default\">\n\t\t\t\t\t\t\t\t\t<p>Graduada em Fisioterapia pela Universidade Est\u00e1cio de S\u00e1 \/ UNESA<\/p><p>P\u00f3s-gradua\u00e7\u00e3o Lato Sensu em Acupuntura pela Escola de Acupuntura | Zang-fu<\/p><p>P\u00f3s graduanda Lato Sensu em Pr\u00e1ticas Integrativas e Biof\u00edsica pelo Instituto Fernanda Ben \/ IFB<\/p><p>Membro da Sociedade Nacional de Terapias por Ondas de Choque \/SNTOC<\/p><p>Especializa\u00e7\u00e3o Termografia Cl\u00ednica | Bio Cursos<\/p><p>Especializa\u00e7\u00e3o em Fotobiomodula\u00e7\u00e3o | Bios<\/p><p>Especializa\u00e7\u00e3o em Ozonioterapia | Hypnos medicina integrativa<\/p><p>P\u00f3s Graduanda Lato Sensu Especializa\u00e7\u00e3o em dor pela Fisio em Ortopedia \/ Fisio\u00a0em\u00a0ortopedia<\/p>\t\t\t\t\t\t\t\t<\/div>\n\t\t\t\t<\/div>\n\t\t\t\t\t<\/div>\n\t\t\t\t<\/div>\n\t\t\t\t<\/div>\n\t\t","protected":false},"excerpt":{"rendered":"<p>Jaqueline Souza Graduada em Fisioterapia pela Universidade Est\u00e1cio de S\u00e1 \/ UNESA P\u00f3s-gradua\u00e7\u00e3o Lato Sensu em Acupuntura pela Escola de Acupuntura | Zang-fu P\u00f3s graduanda Lato Sensu em Pr\u00e1ticas Integrativas e Biof\u00edsica pelo Instituto Fernanda Ben \/ IFB Membro da Sociedade Nacional de Terapias por Ondas de Choque \/SNTOC Especializa\u00e7\u00e3o Termografia Cl\u00ednica | Bio Cursos Especializa\u00e7\u00e3o em Fotobiomodula\u00e7\u00e3o | Bios Especializa\u00e7\u00e3o em Ozonioterapia | Hypnos medicina integrativa P\u00f3s Graduanda Lato Sensu Especializa\u00e7\u00e3o em dor pela Fisio em Ortopedia \/ Fisio\u00a0em\u00a0ortopedia<\/p>\n","protected":false},"author":1,"featured_media":0,"parent":0,"menu_order":0,"comment_status":"closed","ping_status":"closed","template":"elementor_canvas","meta":{"footnotes":""},"class_list":["post-5346","page","type-page","status-publish","hentry"],"aioseo_notices":[],"_links":{"self":[{"href":"https:\/\/cograjau.com.br\/index.php?rest_route=\/wp\/v2\/pages\/5346","targetHints":{"allow":["GET"]}}],"collection":[{"href":"https:\/\/cograjau.com.br\/index.php?rest_route=\/wp\/v2\/pages"}],"about":[{"href":"https:\/\/cograjau.com.br\/index.php?rest_route=\/wp\/v2\/types\/page"}],"author":[{"embeddable":true,"href":"https:\/\/cograjau.com.br\/index.php?rest_route=\/wp\/v2\/users\/1"}],"replies":[{"embeddable":true,"href":"https:\/\/cograjau.com.br\/index.php?rest_route=%2Fwp%2Fv2%2Fcomments&post=5346"}],"version-history":[{"count":3,"href":"https:\/\/cograjau.com.br\/index.php?rest_route=\/wp\/v2\/pages\/5346\/revisions"}],"predecessor-version":[{"id":7462,"href":"https:\/\/cograjau.com.br\/index.php?rest_route=\/wp\/v2\/pages\/5346\/revisions\/7462"}],"wp:attachment":[{"href":"https:\/\/cograjau.com.br\/index.php?rest_route=%2Fwp%2Fv2%2Fmedia&parent=5346"}],"curies":[{"name":"wp","href":"https:\/\/api.w.org\/{rel}","templated":true}]}}