{"id":5334,"date":"2025-12-01T14:17:21","date_gmt":"2025-12-01T14:17:21","guid":{"rendered":"https:\/\/darkorchid-narwhal-360002.hostingersite.com\/?page_id=5334"},"modified":"2026-02-10T15:38:59","modified_gmt":"2026-02-10T15:38:59","slug":"fabiana-christofaro","status":"publish","type":"page","link":"https:\/\/cograjau.com.br\/?page_id=5334","title":{"rendered":"Fabiana Christ\u00f3faro"},"content":{"rendered":"\t\t<div data-elementor-type=\"wp-page\" data-elementor-id=\"5334\" class=\"elementor elementor-5334\">\n\t\t\t\t<div class=\"elementor-element elementor-element-13f5916 e-flex e-con-boxed wpr-particle-no wpr-jarallax-no wpr-parallax-no wpr-sticky-section-no wpr-equal-height-no e-con e-parent\" data-id=\"13f5916\" data-element_type=\"container\" data-e-type=\"container\">\n\t\t\t\t\t<div class=\"e-con-inner\">\n\t\t\t\t\t<\/div>\n\t\t\t\t<\/div>\n\t\t<div class=\"elementor-element elementor-element-b4007ab e-flex e-con-boxed wpr-particle-no wpr-jarallax-no wpr-parallax-no wpr-sticky-section-no wpr-equal-height-no e-con e-parent\" data-id=\"b4007ab\" data-element_type=\"container\" data-e-type=\"container\">\n\t\t\t\t\t<div class=\"e-con-inner\">\n\t\t<div class=\"elementor-element elementor-element-ef1cea0 e-con-full e-flex wpr-particle-no wpr-jarallax-no wpr-parallax-no wpr-sticky-section-no wpr-equal-height-no e-con e-child\" data-id=\"ef1cea0\" data-element_type=\"container\" data-e-type=\"container\">\n\t\t\t\t<div class=\"elementor-element elementor-element-4d3be04 elementor-widget elementor-widget-image\" data-id=\"4d3be04\" data-element_type=\"widget\" data-e-type=\"widget\" data-widget_type=\"image.default\">\n\t\t\t\t\t\t\t\t\t\t\t\t\t\t\t<img fetchpriority=\"high\" decoding=\"async\" width=\"768\" height=\"960\" src=\"https:\/\/cograjau.com.br\/wp-content\/uploads\/2026\/02\/7.png\" class=\"attachment-medium_large size-medium_large wp-image-7233\" alt=\"\" \/>\t\t\t\t\t\t\t\t\t\t\t\t\t\t\t<\/div>\n\t\t\t\t<\/div>\n\t\t<div class=\"elementor-element elementor-element-351f2bf e-con-full e-flex wpr-particle-no wpr-jarallax-no wpr-parallax-no wpr-sticky-section-no wpr-equal-height-no e-con e-child\" data-id=\"351f2bf\" data-element_type=\"container\" data-e-type=\"container\">\n\t\t\t\t<div class=\"elementor-element elementor-element-4feb62b elementor-widget elementor-widget-heading\" data-id=\"4feb62b\" data-element_type=\"widget\" data-e-type=\"widget\" data-widget_type=\"heading.default\">\n\t\t\t\t\t<h2 class=\"elementor-heading-title elementor-size-default\">Fabiana Christ\u00f3faro<\/h2>\t\t\t\t<\/div>\n\t\t\t\t<div class=\"elementor-element elementor-element-9ed537c elementor-widget elementor-widget-text-editor\" data-id=\"9ed537c\" data-element_type=\"widget\" data-e-type=\"widget\" data-widget_type=\"text-editor.default\">\n\t\t\t\t\t\t\t\t\t<p>Graduada em Nutri\u00e7\u00e3o a pela Universidade Federal do Rio de Janeiro \u2502 UFRJ<br \/>P\u00f3s-graduada em Terapia Nutricional Enteral e Parenteral \u2502 Santa Casa de Miseric\u00f3rdia<br \/>P\u00f3s- graduada em Nutri\u00e7\u00e3o Cl\u00ednica Funcional | VP Nutri\u00e7\u00e3o Funcional<br \/>P\u00f3s- graduada em Nutri\u00e7\u00e3o Esportiva Funcional | VP Nutri\u00e7\u00e3o Funcional<br \/>P\u00f3s- graduada em Fitoterapia | ABEFIT<br \/>P\u00f3s- graduanda em Endocrinologia e Metabologia| VP Nutri\u00e7\u00e3o Funcional<br \/>Educadora em Diabetes<br \/>Cursos de Extens\u00e3o em Modula\u00e7\u00e3o intestinal<br \/>Cursos de Extens\u00e3o em Sa\u00fade da Mulher<\/p>\t\t\t\t\t\t\t\t<\/div>\n\t\t\t\t<\/div>\n\t\t\t\t\t<\/div>\n\t\t\t\t<\/div>\n\t\t\t\t<\/div>\n\t\t","protected":false},"excerpt":{"rendered":"<p>Fabiana Christ\u00f3faro Graduada em Nutri\u00e7\u00e3o a pela Universidade Federal do Rio de Janeiro \u2502 UFRJP\u00f3s-graduada em Terapia Nutricional Enteral e Parenteral \u2502 Santa Casa de Miseric\u00f3rdiaP\u00f3s- graduada em Nutri\u00e7\u00e3o Cl\u00ednica Funcional | VP Nutri\u00e7\u00e3o FuncionalP\u00f3s- graduada em Nutri\u00e7\u00e3o Esportiva Funcional | VP Nutri\u00e7\u00e3o FuncionalP\u00f3s- graduada em Fitoterapia | ABEFITP\u00f3s- graduanda em Endocrinologia e Metabologia| VP Nutri\u00e7\u00e3o FuncionalEducadora em DiabetesCursos de Extens\u00e3o em Modula\u00e7\u00e3o intestinalCursos de Extens\u00e3o em Sa\u00fade da Mulher<\/p>\n","protected":false},"author":1,"featured_media":0,"parent":0,"menu_order":0,"comment_status":"closed","ping_status":"closed","template":"elementor_canvas","meta":{"footnotes":""},"class_list":["post-5334","page","type-page","status-publish","hentry"],"aioseo_notices":[],"_links":{"self":[{"href":"https:\/\/cograjau.com.br\/index.php?rest_route=\/wp\/v2\/pages\/5334","targetHints":{"allow":["GET"]}}],"collection":[{"href":"https:\/\/cograjau.com.br\/index.php?rest_route=\/wp\/v2\/pages"}],"about":[{"href":"https:\/\/cograjau.com.br\/index.php?rest_route=\/wp\/v2\/types\/page"}],"author":[{"embeddable":true,"href":"https:\/\/cograjau.com.br\/index.php?rest_route=\/wp\/v2\/users\/1"}],"replies":[{"embeddable":true,"href":"https:\/\/cograjau.com.br\/index.php?rest_route=%2Fwp%2Fv2%2Fcomments&post=5334"}],"version-history":[{"count":3,"href":"https:\/\/cograjau.com.br\/index.php?rest_route=\/wp\/v2\/pages\/5334\/revisions"}],"predecessor-version":[{"id":7456,"href":"https:\/\/cograjau.com.br\/index.php?rest_route=\/wp\/v2\/pages\/5334\/revisions\/7456"}],"wp:attachment":[{"href":"https:\/\/cograjau.com.br\/index.php?rest_route=%2Fwp%2Fv2%2Fmedia&parent=5334"}],"curies":[{"name":"wp","href":"https:\/\/api.w.org\/{rel}","templated":true}]}}