{"id":5322,"date":"2025-12-01T14:13:44","date_gmt":"2025-12-01T14:13:44","guid":{"rendered":"https:\/\/darkorchid-narwhal-360002.hostingersite.com\/?page_id=5322"},"modified":"2026-02-10T15:37:38","modified_gmt":"2026-02-10T15:37:38","slug":"viviane-marques","status":"publish","type":"page","link":"https:\/\/cograjau.com.br\/?page_id=5322","title":{"rendered":"Viviane Marques"},"content":{"rendered":"\t\t<div data-elementor-type=\"wp-page\" data-elementor-id=\"5322\" class=\"elementor elementor-5322\">\n\t\t\t\t<div class=\"elementor-element elementor-element-b9d1eec e-flex e-con-boxed wpr-particle-no wpr-jarallax-no wpr-parallax-no wpr-sticky-section-no wpr-equal-height-no e-con e-parent\" data-id=\"b9d1eec\" data-element_type=\"container\" data-e-type=\"container\">\n\t\t\t\t\t<div class=\"e-con-inner\">\n\t\t\t\t\t<\/div>\n\t\t\t\t<\/div>\n\t\t<div class=\"elementor-element elementor-element-c6781a3 e-flex e-con-boxed wpr-particle-no wpr-jarallax-no wpr-parallax-no wpr-sticky-section-no wpr-equal-height-no e-con e-parent\" data-id=\"c6781a3\" data-element_type=\"container\" data-e-type=\"container\">\n\t\t\t\t\t<div class=\"e-con-inner\">\n\t\t<div class=\"elementor-element elementor-element-33e8dbf e-con-full e-flex wpr-particle-no wpr-jarallax-no wpr-parallax-no wpr-sticky-section-no wpr-equal-height-no e-con e-child\" data-id=\"33e8dbf\" data-element_type=\"container\" data-e-type=\"container\">\n\t\t\t\t<div class=\"elementor-element elementor-element-4d3be04 elementor-widget elementor-widget-image\" data-id=\"4d3be04\" data-element_type=\"widget\" data-e-type=\"widget\" data-widget_type=\"image.default\">\n\t\t\t\t\t\t\t\t\t\t\t\t\t\t\t<img fetchpriority=\"high\" decoding=\"async\" width=\"768\" height=\"960\" src=\"https:\/\/cograjau.com.br\/wp-content\/uploads\/2026\/02\/6.png\" class=\"attachment-medium_large size-medium_large wp-image-7234\" alt=\"\" \/>\t\t\t\t\t\t\t\t\t\t\t\t\t\t\t<\/div>\n\t\t\t\t<\/div>\n\t\t<div class=\"elementor-element elementor-element-0370521 e-con-full e-flex wpr-particle-no wpr-jarallax-no wpr-parallax-no wpr-sticky-section-no wpr-equal-height-no e-con e-child\" data-id=\"0370521\" data-element_type=\"container\" data-e-type=\"container\">\n\t\t\t\t<div class=\"elementor-element elementor-element-9b34e34 elementor-widget elementor-widget-heading\" data-id=\"9b34e34\" data-element_type=\"widget\" data-e-type=\"widget\" data-widget_type=\"heading.default\">\n\t\t\t\t\t<h2 class=\"elementor-heading-title elementor-size-default\">Viviane Marques<\/h2>\t\t\t\t<\/div>\n\t\t\t\t<div class=\"elementor-element elementor-element-de61548 elementor-widget elementor-widget-text-editor\" data-id=\"de61548\" data-element_type=\"widget\" data-e-type=\"widget\" data-widget_type=\"text-editor.default\">\n\t\t\t\t\t\t\t\t\t<p>Gradua\u00e7\u00e3o em Enfermagem<br \/>Centro Universit\u00e1rio Augusto Motta |UNISUAM.<\/p><p>P\u00f3s-gradua\u00e7\u00e3o Lato Sensu em Enfermagem em Alta Complexidade pela Universidade Veiga de Almeida | UVA .<\/p><p>P\u00f3s-gradua\u00e7\u00e3o Lato Sensu em Enfermagem em Dermatologia pela Universidade Est\u00e1cio de S\u00e1 | Unesa .<\/p><p>Capacita\u00e7\u00e3o em Ozonioterapia<br \/>Faculdade Centro de Treinamento em Anatomia | CTA .<\/p><p>Treinamento Laboratorial no preparo de Ortobiol\u00f3gicos\u00a0|\u00a0ORTHOREGEN.<\/p>\t\t\t\t\t\t\t\t<\/div>\n\t\t\t\t<\/div>\n\t\t\t\t\t<\/div>\n\t\t\t\t<\/div>\n\t\t\t\t<\/div>\n\t\t","protected":false},"excerpt":{"rendered":"<p>Viviane Marques Gradua\u00e7\u00e3o em EnfermagemCentro Universit\u00e1rio Augusto Motta |UNISUAM. P\u00f3s-gradua\u00e7\u00e3o Lato Sensu em Enfermagem em Alta Complexidade pela Universidade Veiga de Almeida | UVA . P\u00f3s-gradua\u00e7\u00e3o Lato Sensu em Enfermagem em Dermatologia pela Universidade Est\u00e1cio de S\u00e1 | Unesa . Capacita\u00e7\u00e3o em OzonioterapiaFaculdade Centro de Treinamento em Anatomia | CTA . Treinamento Laboratorial no preparo de Ortobiol\u00f3gicos\u00a0|\u00a0ORTHOREGEN.<\/p>\n","protected":false},"author":1,"featured_media":0,"parent":0,"menu_order":0,"comment_status":"closed","ping_status":"closed","template":"elementor_canvas","meta":{"footnotes":""},"class_list":["post-5322","page","type-page","status-publish","hentry"],"aioseo_notices":[],"_links":{"self":[{"href":"https:\/\/cograjau.com.br\/index.php?rest_route=\/wp\/v2\/pages\/5322","targetHints":{"allow":["GET"]}}],"collection":[{"href":"https:\/\/cograjau.com.br\/index.php?rest_route=\/wp\/v2\/pages"}],"about":[{"href":"https:\/\/cograjau.com.br\/index.php?rest_route=\/wp\/v2\/types\/page"}],"author":[{"embeddable":true,"href":"https:\/\/cograjau.com.br\/index.php?rest_route=\/wp\/v2\/users\/1"}],"replies":[{"embeddable":true,"href":"https:\/\/cograjau.com.br\/index.php?rest_route=%2Fwp%2Fv2%2Fcomments&post=5322"}],"version-history":[{"count":3,"href":"https:\/\/cograjau.com.br\/index.php?rest_route=\/wp\/v2\/pages\/5322\/revisions"}],"predecessor-version":[{"id":7450,"href":"https:\/\/cograjau.com.br\/index.php?rest_route=\/wp\/v2\/pages\/5322\/revisions\/7450"}],"wp:attachment":[{"href":"https:\/\/cograjau.com.br\/index.php?rest_route=%2Fwp%2Fv2%2Fmedia&parent=5322"}],"curies":[{"name":"wp","href":"https:\/\/api.w.org\/{rel}","templated":true}]}}