{"id":5310,"date":"2025-12-01T14:10:01","date_gmt":"2025-12-01T14:10:01","guid":{"rendered":"https:\/\/darkorchid-narwhal-360002.hostingersite.com\/?page_id=5310"},"modified":"2026-02-10T15:36:53","modified_gmt":"2026-02-10T15:36:53","slug":"luan-dias-santos","status":"publish","type":"page","link":"https:\/\/cograjau.com.br\/?page_id=5310","title":{"rendered":"Luan Dias Santos"},"content":{"rendered":"\t\t<div data-elementor-type=\"wp-page\" data-elementor-id=\"5310\" class=\"elementor elementor-5310\">\n\t\t\t\t<div class=\"elementor-element elementor-element-4fcb622 e-flex e-con-boxed wpr-particle-no wpr-jarallax-no wpr-parallax-no wpr-sticky-section-no wpr-equal-height-no e-con e-parent\" data-id=\"4fcb622\" data-element_type=\"container\" data-e-type=\"container\">\n\t\t\t\t\t<div class=\"e-con-inner\">\n\t\t\t\t\t<\/div>\n\t\t\t\t<\/div>\n\t\t<div class=\"elementor-element elementor-element-a1cf3d5 e-flex e-con-boxed wpr-particle-no wpr-jarallax-no wpr-parallax-no wpr-sticky-section-no wpr-equal-height-no e-con e-parent\" data-id=\"a1cf3d5\" data-element_type=\"container\" data-e-type=\"container\">\n\t\t\t\t\t<div class=\"e-con-inner\">\n\t\t<div class=\"elementor-element elementor-element-9136df7 e-con-full e-flex wpr-particle-no wpr-jarallax-no wpr-parallax-no wpr-sticky-section-no wpr-equal-height-no e-con e-child\" data-id=\"9136df7\" data-element_type=\"container\" data-e-type=\"container\">\n\t\t\t\t<div class=\"elementor-element elementor-element-4d3be04 elementor-widget elementor-widget-image\" data-id=\"4d3be04\" data-element_type=\"widget\" data-e-type=\"widget\" data-widget_type=\"image.default\">\n\t\t\t\t\t\t\t\t\t\t\t\t\t\t\t<img fetchpriority=\"high\" decoding=\"async\" width=\"768\" height=\"960\" src=\"https:\/\/cograjau.com.br\/wp-content\/uploads\/2026\/02\/5.png\" class=\"attachment-medium_large size-medium_large wp-image-7235\" alt=\"\" \/>\t\t\t\t\t\t\t\t\t\t\t\t\t\t\t<\/div>\n\t\t\t\t<\/div>\n\t\t<div class=\"elementor-element elementor-element-e061a8a e-con-full e-flex wpr-particle-no wpr-jarallax-no wpr-parallax-no wpr-sticky-section-no wpr-equal-height-no e-con e-child\" data-id=\"e061a8a\" data-element_type=\"container\" data-e-type=\"container\">\n\t\t\t\t<div class=\"elementor-element elementor-element-bb2de2f elementor-widget elementor-widget-heading\" data-id=\"bb2de2f\" data-element_type=\"widget\" data-e-type=\"widget\" data-widget_type=\"heading.default\">\n\t\t\t\t\t<h2 class=\"elementor-heading-title elementor-size-default\">Luan Dias Santos<\/h2>\t\t\t\t<\/div>\n\t\t\t\t<div class=\"elementor-element elementor-element-889529a elementor-widget elementor-widget-text-editor\" data-id=\"889529a\" data-element_type=\"widget\" data-e-type=\"widget\" data-widget_type=\"text-editor.default\">\n\t\t\t\t\t\t\t\t\t<p>Graduado em Fisioterapia pela Universidade IBMR<\/p><p>P\u00f3s-graduando em Quiropraxia | Frasce<\/p><p>P\u00f3s-graduando em Osteopatia \/ Celso Lisboa<\/p><p>Membro da Sociedade Nacional de Terapias por Ondas de Choque \/SNTOC<\/p><p>Especializa\u00e7\u00e3o Termografia Cl\u00ednica | Bio Cursos<\/p><p>Especializa\u00e7\u00e3o em Fotobiomodula\u00e7\u00e3o | Bios<\/p><p>Especializa\u00e7\u00e3o em Terapia manual | Mulligan Concept Internacional<\/p><p>Especializa\u00e7\u00e3o em Flossing Band\/ Artzt Concept<\/p><p>Especializa\u00e7\u00e3o em Terapias por ondas de\u00a0choque\/\u00a0SNTOC<\/p>\t\t\t\t\t\t\t\t<\/div>\n\t\t\t\t<\/div>\n\t\t\t\t\t<\/div>\n\t\t\t\t<\/div>\n\t\t\t\t<\/div>\n\t\t","protected":false},"excerpt":{"rendered":"<p>Luan Dias Santos Graduado em Fisioterapia pela Universidade IBMR P\u00f3s-graduando em Quiropraxia | Frasce P\u00f3s-graduando em Osteopatia \/ Celso Lisboa Membro da Sociedade Nacional de Terapias por Ondas de Choque \/SNTOC Especializa\u00e7\u00e3o Termografia Cl\u00ednica | Bio Cursos Especializa\u00e7\u00e3o em Fotobiomodula\u00e7\u00e3o | Bios Especializa\u00e7\u00e3o em Terapia manual | Mulligan Concept Internacional Especializa\u00e7\u00e3o em Flossing Band\/ Artzt Concept Especializa\u00e7\u00e3o em Terapias por ondas de\u00a0choque\/\u00a0SNTOC<\/p>\n","protected":false},"author":1,"featured_media":0,"parent":0,"menu_order":0,"comment_status":"closed","ping_status":"closed","template":"elementor_canvas","meta":{"footnotes":""},"class_list":["post-5310","page","type-page","status-publish","hentry"],"aioseo_notices":[],"_links":{"self":[{"href":"https:\/\/cograjau.com.br\/index.php?rest_route=\/wp\/v2\/pages\/5310","targetHints":{"allow":["GET"]}}],"collection":[{"href":"https:\/\/cograjau.com.br\/index.php?rest_route=\/wp\/v2\/pages"}],"about":[{"href":"https:\/\/cograjau.com.br\/index.php?rest_route=\/wp\/v2\/types\/page"}],"author":[{"embeddable":true,"href":"https:\/\/cograjau.com.br\/index.php?rest_route=\/wp\/v2\/users\/1"}],"replies":[{"embeddable":true,"href":"https:\/\/cograjau.com.br\/index.php?rest_route=%2Fwp%2Fv2%2Fcomments&post=5310"}],"version-history":[{"count":3,"href":"https:\/\/cograjau.com.br\/index.php?rest_route=\/wp\/v2\/pages\/5310\/revisions"}],"predecessor-version":[{"id":7444,"href":"https:\/\/cograjau.com.br\/index.php?rest_route=\/wp\/v2\/pages\/5310\/revisions\/7444"}],"wp:attachment":[{"href":"https:\/\/cograjau.com.br\/index.php?rest_route=%2Fwp%2Fv2%2Fmedia&parent=5310"}],"curies":[{"name":"wp","href":"https:\/\/api.w.org\/{rel}","templated":true}]}}