{"id":5244,"date":"2025-12-01T13:24:12","date_gmt":"2025-12-01T13:24:12","guid":{"rendered":"https:\/\/darkorchid-narwhal-360002.hostingersite.com\/?page_id=5244"},"modified":"2026-02-10T15:33:28","modified_gmt":"2026-02-10T15:33:28","slug":"dr-marcelo-costa","status":"publish","type":"page","link":"https:\/\/cograjau.com.br\/?page_id=5244","title":{"rendered":"Dr. Marcelo Costa"},"content":{"rendered":"\t\t<div data-elementor-type=\"wp-page\" data-elementor-id=\"5244\" class=\"elementor elementor-5244\">\n\t\t\t\t<div class=\"elementor-element elementor-element-2d2289e e-flex e-con-boxed wpr-particle-no wpr-jarallax-no wpr-parallax-no wpr-sticky-section-no wpr-equal-height-no e-con e-parent\" data-id=\"2d2289e\" data-element_type=\"container\" data-e-type=\"container\">\n\t\t\t\t\t<div class=\"e-con-inner\">\n\t\t\t\t\t<\/div>\n\t\t\t\t<\/div>\n\t\t<div class=\"elementor-element elementor-element-8f7ed08 e-flex e-con-boxed wpr-particle-no wpr-jarallax-no wpr-parallax-no wpr-sticky-section-no wpr-equal-height-no e-con e-parent\" data-id=\"8f7ed08\" data-element_type=\"container\" data-e-type=\"container\">\n\t\t\t\t\t<div class=\"e-con-inner\">\n\t\t<div class=\"elementor-element elementor-element-296ce08 e-con-full e-flex wpr-particle-no wpr-jarallax-no wpr-parallax-no wpr-sticky-section-no wpr-equal-height-no e-con e-child\" data-id=\"296ce08\" data-element_type=\"container\" data-e-type=\"container\">\n\t\t\t\t<div class=\"elementor-element elementor-element-4d3be04 elementor-widget elementor-widget-image\" data-id=\"4d3be04\" data-element_type=\"widget\" data-e-type=\"widget\" data-widget_type=\"image.default\">\n\t\t\t\t\t\t\t\t\t\t\t\t\t\t\t<img fetchpriority=\"high\" decoding=\"async\" width=\"768\" height=\"960\" src=\"https:\/\/cograjau.com.br\/wp-content\/uploads\/2026\/02\/1.png\" class=\"attachment-medium_large size-medium_large wp-image-7239\" alt=\"\" \/>\t\t\t\t\t\t\t\t\t\t\t\t\t\t\t<\/div>\n\t\t\t\t<\/div>\n\t\t<div class=\"elementor-element elementor-element-0f7b708 e-con-full e-flex wpr-particle-no wpr-jarallax-no wpr-parallax-no wpr-sticky-section-no wpr-equal-height-no e-con e-child\" data-id=\"0f7b708\" data-element_type=\"container\" data-e-type=\"container\">\n\t\t\t\t<div class=\"elementor-element elementor-element-4830451 elementor-widget elementor-widget-heading\" data-id=\"4830451\" data-element_type=\"widget\" data-e-type=\"widget\" data-widget_type=\"heading.default\">\n\t\t\t\t\t<h2 class=\"elementor-heading-title elementor-size-default\">Dr. Marcelo Costa<\/h2>\t\t\t\t<\/div>\n\t\t\t\t<div class=\"elementor-element elementor-element-bd42e8a elementor-widget elementor-widget-text-editor\" data-id=\"bd42e8a\" data-element_type=\"widget\" data-e-type=\"widget\" data-widget_type=\"text-editor.default\">\n\t\t\t\t\t\t\t\t\t<p>Graduado em Medicina pela Universidade Federal de Medicina | UFRJ, Grau Acad\u00eamico Portugu\u00eas de Mestre, em Medicina, pela Universidade de Lisboa \u2013 PT.<\/p><p>Resid\u00eancia M\u00e9dica em Ortopedia e Traumatologia pelo Instituto Nacional e Traumatologia e Ortopedia | INTO.<\/p><p>Membro Titular da Sociedade Brasileira de Ortopedia e Traumatologia | SBOT, Membro da Sociedade Brasileira de Trauma Ortop\u00e9dico | SBTO.<\/p><p>Membro Titular da Sociedade Brasileira de Coluna | SBC, Membro da Sociedade da Coluna Minimamente Invasiva | SBC. Member North American Spine Society | NASS.<\/p><p>Membro do Col\u00e9gio Brasileiro de Cirurgi\u00f5es na Especialidade Ortopedia | CBC.<\/p><p>P\u00f3s-gradua\u00e7\u00e3o Lato Sensu em Dor, pela Faculdade Israelita de Ci\u00eancia de Sa\u00fade Albert Einstein.<\/p><p>P\u00f3s-gradua\u00e7\u00e3o Lato Sensu em Medicina Regenerativa e Interven\u00e7\u00e3o em Dor, em n\u00edvel de Especializa\u00e7\u00e3o | ORTHOREGEN Internacional Course \u2013 UNIMAX.<\/p><p>Membro da Academia Brasileira de Medicina Regenerativa | ABMR, Membro American Board of Regenerative Medicine | ABRM.<\/p><p>Membro Fundador Sociedade Brasileira de Regenera\u00e7\u00e3o Tecidual | SBRET.<\/p><p>Membro Fundador Associa\u00e7\u00e3o Brasileira de Ultrassonografia Musculoesquel\u00e9tico | ABUM.<\/p><p>Membro da Sociedade M\u00e9dica Brasileira de Tratamento por Ondas de Choque | SMBTOC.<\/p><p>Diretor M\u00e9dico Centro Ortop\u00e9dico Graja\u00fa e da Cograja\u00fa \u2013 Tratamento da dor | COG.Cograja\u00fa.<\/p>\t\t\t\t\t\t\t\t<\/div>\n\t\t\t\t<\/div>\n\t\t\t\t\t<\/div>\n\t\t\t\t<\/div>\n\t\t\t\t<\/div>\n\t\t","protected":false},"excerpt":{"rendered":"<p>Dr. Marcelo Costa Graduado em Medicina pela Universidade Federal de Medicina | UFRJ, Grau Acad\u00eamico Portugu\u00eas de Mestre, em Medicina, pela Universidade de Lisboa \u2013 PT. Resid\u00eancia M\u00e9dica em Ortopedia e Traumatologia pelo Instituto Nacional e Traumatologia e Ortopedia | INTO. Membro Titular da Sociedade Brasileira de Ortopedia e Traumatologia | SBOT, Membro da Sociedade Brasileira de Trauma Ortop\u00e9dico | SBTO. Membro Titular da Sociedade Brasileira de Coluna | SBC, Membro da Sociedade da Coluna Minimamente Invasiva | SBC. Member North American Spine Society | NASS. Membro do Col\u00e9gio Brasileiro de Cirurgi\u00f5es na Especialidade Ortopedia | CBC. P\u00f3s-gradua\u00e7\u00e3o Lato Sensu em Dor, pela Faculdade Israelita de Ci\u00eancia de Sa\u00fade Albert Einstein. P\u00f3s-gradua\u00e7\u00e3o Lato Sensu em Medicina Regenerativa e Interven\u00e7\u00e3o em Dor, em n\u00edvel de Especializa\u00e7\u00e3o | ORTHOREGEN Internacional Course \u2013 UNIMAX. Membro da Academia Brasileira de Medicina Regenerativa | ABMR, Membro American Board of Regenerative Medicine | ABRM. Membro Fundador Sociedade Brasileira de Regenera\u00e7\u00e3o Tecidual | SBRET. Membro Fundador Associa\u00e7\u00e3o Brasileira de Ultrassonografia Musculoesquel\u00e9tico | ABUM. Membro da Sociedade M\u00e9dica Brasileira de Tratamento por Ondas de Choque | SMBTOC. Diretor M\u00e9dico Centro Ortop\u00e9dico Graja\u00fa e da Cograja\u00fa \u2013 Tratamento da dor | COG.Cograja\u00fa.<\/p>\n","protected":false},"author":1,"featured_media":0,"parent":0,"menu_order":0,"comment_status":"closed","ping_status":"closed","template":"elementor_canvas","meta":{"footnotes":""},"class_list":["post-5244","page","type-page","status-publish","hentry"],"aioseo_notices":[],"_links":{"self":[{"href":"https:\/\/cograjau.com.br\/index.php?rest_route=\/wp\/v2\/pages\/5244","targetHints":{"allow":["GET"]}}],"collection":[{"href":"https:\/\/cograjau.com.br\/index.php?rest_route=\/wp\/v2\/pages"}],"about":[{"href":"https:\/\/cograjau.com.br\/index.php?rest_route=\/wp\/v2\/types\/page"}],"author":[{"embeddable":true,"href":"https:\/\/cograjau.com.br\/index.php?rest_route=\/wp\/v2\/users\/1"}],"replies":[{"embeddable":true,"href":"https:\/\/cograjau.com.br\/index.php?rest_route=%2Fwp%2Fv2%2Fcomments&post=5244"}],"version-history":[{"count":3,"href":"https:\/\/cograjau.com.br\/index.php?rest_route=\/wp\/v2\/pages\/5244\/revisions"}],"predecessor-version":[{"id":7420,"href":"https:\/\/cograjau.com.br\/index.php?rest_route=\/wp\/v2\/pages\/5244\/revisions\/7420"}],"wp:attachment":[{"href":"https:\/\/cograjau.com.br\/index.php?rest_route=%2Fwp%2Fv2%2Fmedia&parent=5244"}],"curies":[{"name":"wp","href":"https:\/\/api.w.org\/{rel}","templated":true}]}}