{"id":5135,"date":"2025-11-29T11:12:00","date_gmt":"2025-11-29T11:12:00","guid":{"rendered":"https:\/\/darkorchid-narwhal-360002.hostingersite.com\/?page_id=5135"},"modified":"2026-02-10T17:48:12","modified_gmt":"2026-02-10T17:48:12","slug":"procedimentos-medicos-guiados-por-ultrassom","status":"publish","type":"page","link":"https:\/\/cograjau.com.br\/?page_id=5135","title":{"rendered":"Procedimentos M\u00e9dicos Guiados por Ultrassom"},"content":{"rendered":"\t\t<div data-elementor-type=\"wp-page\" data-elementor-id=\"5135\" class=\"elementor elementor-5135\">\n\t\t\t\t<div class=\"elementor-element elementor-element-64908d0 elementor-hidden-tablet elementor-hidden-mobile e-flex e-con-boxed wpr-particle-no wpr-jarallax-no wpr-parallax-no wpr-sticky-section-no wpr-equal-height-no e-con e-parent\" data-id=\"64908d0\" data-element_type=\"container\" data-e-type=\"container\" data-settings=\"{&quot;background_background&quot;:&quot;classic&quot;}\">\n\t\t\t\t\t<div class=\"e-con-inner\">\n\t\t<div class=\"elementor-element elementor-element-e0c072d e-con-full e-flex wpr-particle-no wpr-jarallax-no wpr-parallax-no wpr-sticky-section-no wpr-equal-height-no e-con e-child\" data-id=\"e0c072d\" data-element_type=\"container\" data-e-type=\"container\" data-settings=\"{&quot;background_background&quot;:&quot;classic&quot;}\">\n\t\t\t\t<div class=\"elementor-element elementor-element-1e8fb73 elementor-widget-divider--view-line elementor-widget elementor-widget-divider\" data-id=\"1e8fb73\" data-element_type=\"widget\" data-e-type=\"widget\" data-widget_type=\"divider.default\">\n\t\t\t\t\t\t\t<div class=\"elementor-divider\">\n\t\t\t<span class=\"elementor-divider-separator\">\n\t\t\t\t\t\t<\/span>\n\t\t<\/div>\n\t\t\t\t\t\t<\/div>\n\t\t\t\t<div class=\"elementor-element elementor-element-9dec12c elementor-widget elementor-widget-text-editor\" data-id=\"9dec12c\" data-element_type=\"widget\" data-e-type=\"widget\" data-widget_type=\"text-editor.default\">\n\t\t\t\t\t\t\t\t\t<p><a href=\"\/\">Home<\/a> \u00bb <a href=\"\/tratamentos\/\">Tratamentos<\/a> \u00bb <a href=\"\/terapias-regenerativas\/\">Terapias Regenerativas<\/a> \u00bb Procedimentos M\u00e9dicos Guiados por Ultrassom<\/p>\t\t\t\t\t\t\t\t<\/div>\n\t\t\t\t<div class=\"elementor-element elementor-element-6c9e9dd elementor-widget elementor-widget-heading\" data-id=\"6c9e9dd\" data-element_type=\"widget\" data-e-type=\"widget\" data-widget_type=\"heading.default\">\n\t\t\t\t\t<h2 class=\"elementor-heading-title elementor-size-default\">Procedimentos M\u00e9dicos Guiados por Ultrassom<\/h2>\t\t\t\t<\/div>\n\t\t\t\t<div class=\"elementor-element elementor-element-73cb5b0 elementor-widget elementor-widget-text-editor\" data-id=\"73cb5b0\" data-element_type=\"widget\" data-e-type=\"widget\" data-widget_type=\"text-editor.default\">\n\t\t\t\t\t\t\t\t\t<p>Mais precis\u00e3o, seguran\u00e7a e efic\u00e1cia no tratamento da dor.<\/p>\t\t\t\t\t\t\t\t<\/div>\n\t\t\t\t<div class=\"elementor-element elementor-element-08b86c2 elementor-view-default elementor-widget elementor-widget-icon\" data-id=\"08b86c2\" data-element_type=\"widget\" data-e-type=\"widget\" data-widget_type=\"icon.default\">\n\t\t\t\t\t\t\t<div class=\"elementor-icon-wrapper\">\n\t\t\t<div class=\"elementor-icon\">\n\t\t\t<svg aria-hidden=\"true\" class=\"e-font-icon-svg e-fas-angle-down\" viewBox=\"0 0 320 512\" xmlns=\"http:\/\/www.w3.org\/2000\/svg\"><path d=\"M143 352.3L7 216.3c-9.4-9.4-9.4-24.6 0-33.9l22.6-22.6c9.4-9.4 24.6-9.4 33.9 0l96.4 96.4 96.4-96.4c9.4-9.4 24.6-9.4 33.9 0l22.6 22.6c9.4 9.4 9.4 24.6 0 33.9l-136 136c-9.2 9.4-24.4 9.4-33.8 0z\"><\/path><\/svg>\t\t\t<\/div>\n\t\t<\/div>\n\t\t\t\t\t\t<\/div>\n\t\t\t\t<div class=\"elementor-element elementor-element-2f0c2aa elementor-widget-divider--view-line elementor-widget elementor-widget-divider\" data-id=\"2f0c2aa\" data-element_type=\"widget\" data-e-type=\"widget\" data-widget_type=\"divider.default\">\n\t\t\t\t\t\t\t<div class=\"elementor-divider\">\n\t\t\t<span class=\"elementor-divider-separator\">\n\t\t\t\t\t\t<\/span>\n\t\t<\/div>\n\t\t\t\t\t\t<\/div>\n\t\t\t\t<\/div>\n\t\t\t\t\t<\/div>\n\t\t\t\t<\/div>\n\t\t<div class=\"elementor-element elementor-element-3b0aecf elementor-hidden-desktop e-flex e-con-boxed wpr-particle-no wpr-jarallax-no wpr-parallax-no wpr-sticky-section-no wpr-equal-height-no e-con e-parent\" data-id=\"3b0aecf\" data-element_type=\"container\" data-e-type=\"container\" data-settings=\"{&quot;background_background&quot;:&quot;classic&quot;}\">\n\t\t\t\t\t<div class=\"e-con-inner\">\n\t\t<div class=\"elementor-element elementor-element-44f00ad e-con-full e-flex wpr-particle-no wpr-jarallax-no wpr-parallax-no wpr-sticky-section-no wpr-equal-height-no e-con e-child\" data-id=\"44f00ad\" data-element_type=\"container\" data-e-type=\"container\" data-settings=\"{&quot;background_background&quot;:&quot;classic&quot;}\">\n\t\t\t\t<div class=\"elementor-element elementor-element-197784c elementor-widget-divider--view-line elementor-widget elementor-widget-divider\" data-id=\"197784c\" data-element_type=\"widget\" data-e-type=\"widget\" data-widget_type=\"divider.default\">\n\t\t\t\t\t\t\t<div class=\"elementor-divider\">\n\t\t\t<span class=\"elementor-divider-separator\">\n\t\t\t\t\t\t<\/span>\n\t\t<\/div>\n\t\t\t\t\t\t<\/div>\n\t\t\t\t<div class=\"elementor-element elementor-element-37035cd elementor-widget elementor-widget-text-editor\" data-id=\"37035cd\" data-element_type=\"widget\" data-e-type=\"widget\" data-widget_type=\"text-editor.default\">\n\t\t\t\t\t\t\t\t\t<p><a href=\"\/\">Home<\/a> \u00bb <a href=\"\/tratamentos\/\">Tratamentos<\/a> \u00bb <a href=\"\/terapias-regenerativas\/\">Terapias Regenerativas<\/a> \u00bb Procedimentos M\u00e9dicos Guiados por Ultrassom<\/p>\t\t\t\t\t\t\t\t<\/div>\n\t\t\t\t<div class=\"elementor-element elementor-element-07e50e5 elementor-widget elementor-widget-heading\" data-id=\"07e50e5\" data-element_type=\"widget\" data-e-type=\"widget\" data-widget_type=\"heading.default\">\n\t\t\t\t\t<h2 class=\"elementor-heading-title elementor-size-default\">Procedimentos M\u00e9dicos Guiados por Ultrassom<\/h2>\t\t\t\t<\/div>\n\t\t\t\t<div class=\"elementor-element elementor-element-8e616b7 elementor-widget elementor-widget-text-editor\" data-id=\"8e616b7\" data-element_type=\"widget\" data-e-type=\"widget\" data-widget_type=\"text-editor.default\">\n\t\t\t\t\t\t\t\t\t<p>Mais precis\u00e3o, seguran\u00e7a e efic\u00e1cia no tratamento da dor.<\/p>\t\t\t\t\t\t\t\t<\/div>\n\t\t\t\t<div class=\"elementor-element elementor-element-579e1fb elementor-view-default elementor-widget elementor-widget-icon\" data-id=\"579e1fb\" data-element_type=\"widget\" data-e-type=\"widget\" data-widget_type=\"icon.default\">\n\t\t\t\t\t\t\t<div class=\"elementor-icon-wrapper\">\n\t\t\t<div class=\"elementor-icon\">\n\t\t\t<svg aria-hidden=\"true\" class=\"e-font-icon-svg e-fas-angle-down\" viewBox=\"0 0 320 512\" xmlns=\"http:\/\/www.w3.org\/2000\/svg\"><path d=\"M143 352.3L7 216.3c-9.4-9.4-9.4-24.6 0-33.9l22.6-22.6c9.4-9.4 24.6-9.4 33.9 0l96.4 96.4 96.4-96.4c9.4-9.4 24.6-9.4 33.9 0l22.6 22.6c9.4 9.4 9.4 24.6 0 33.9l-136 136c-9.2 9.4-24.4 9.4-33.8 0z\"><\/path><\/svg>\t\t\t<\/div>\n\t\t<\/div>\n\t\t\t\t\t\t<\/div>\n\t\t\t\t<div class=\"elementor-element elementor-element-a0958ef elementor-widget-divider--view-line elementor-widget elementor-widget-divider\" data-id=\"a0958ef\" data-element_type=\"widget\" data-e-type=\"widget\" data-widget_type=\"divider.default\">\n\t\t\t\t\t\t\t<div class=\"elementor-divider\">\n\t\t\t<span class=\"elementor-divider-separator\">\n\t\t\t\t\t\t<\/span>\n\t\t<\/div>\n\t\t\t\t\t\t<\/div>\n\t\t\t\t<\/div>\n\t\t\t\t\t<\/div>\n\t\t\t\t<\/div>\n\t\t<div class=\"elementor-element elementor-element-c4067a3 e-flex e-con-boxed wpr-particle-no wpr-jarallax-no wpr-parallax-no wpr-sticky-section-no wpr-equal-height-no e-con e-parent\" data-id=\"c4067a3\" data-element_type=\"container\" data-e-type=\"container\">\n\t\t\t\t\t<div class=\"e-con-inner\">\n\t\t\t\t<div class=\"elementor-element elementor-element-6a83ffe elementor-widget-divider--view-line elementor-widget elementor-widget-divider\" data-id=\"6a83ffe\" data-element_type=\"widget\" data-e-type=\"widget\" data-widget_type=\"divider.default\">\n\t\t\t\t\t\t\t<div class=\"elementor-divider\">\n\t\t\t<span class=\"elementor-divider-separator\">\n\t\t\t\t\t\t<\/span>\n\t\t<\/div>\n\t\t\t\t\t\t<\/div>\n\t\t\t\t<div class=\"elementor-element elementor-element-a851615 elementor-widget elementor-widget-text-editor\" data-id=\"a851615\" data-element_type=\"widget\" data-e-type=\"widget\" data-widget_type=\"text-editor.default\">\n\t\t\t\t\t\t\t\t\t<p>Na\u00a0<strong>SanosLife<\/strong>, utilizamos a tecnologia do\u00a0<strong>ultrassom em tempo real<\/strong>\u00a0para guiar procedimentos m\u00e9dicos como\u00a0<strong>infiltra\u00e7\u00f5es intra-articulares<\/strong>\u00a0e\u00a0<strong>bloqueios de nervos perif\u00e9ricos<\/strong>. Esse recurso permite que o m\u00e9dico visualize com clareza estruturas como articula\u00e7\u00f5es, tend\u00f5es, m\u00fasculos e nervos, garantindo\u00a0<strong>aplica\u00e7\u00f5es mais precisas, seguras e eficazes<\/strong>.<\/p><p>\u00a0<\/p><h2 id=\"h-por-que-utilizar-o-ultrassom-nos-procedimentos\" class=\"wp-block-heading\">Por que utilizar o ultrassom nos procedimentos?<\/h2><p>A visualiza\u00e7\u00e3o direta por ultrassom permite que o especialista\u00a0<strong>localize exatamente o ponto de dor ou inflama\u00e7\u00e3o<\/strong>, evitando estruturas sens\u00edveis, reduzindo o risco de complica\u00e7\u00f5es e aumentando a efetividade da t\u00e9cnica.<\/p><p>Ao contr\u00e1rio de procedimentos realizados \u00e0s cegas (por refer\u00eancia anat\u00f4mica), o\u00a0<strong>guiamento por imagem permite o controle total da profundidade e da trajet\u00f3ria da agulha<\/strong>, promovendo resultados superiores e maior conforto para o paciente.<\/p><p>\u00a0<\/p><h2 id=\"h-procedimentos-realizados-com-guiamento-por-ultrassom-na-sanoslife\" class=\"wp-block-heading\">Procedimentos realizados com guiamento por ultrassom na SanosLife:<\/h2><ul class=\"wp-block-list\"><li>Infiltra\u00e7\u00e3o intra-articular com \u00e1cido hialur\u00f4nico<\/li><li>Bloqueios anest\u00e9sicos e anti-inflamat\u00f3rios para dor cr\u00f4nica<\/li><li>Bloqueios de nervos perif\u00e9ricos (como nervos geniculares, nervo supra escapulares, nervo peitoral e etc)<\/li><li>Aspira\u00e7\u00e3o de derrames articulares ou cistos<\/li><li>Pun\u00e7\u00f5es terap\u00eauticas e diagn\u00f3sticas<\/li><li>Inje\u00e7\u00f5es de terapias ortobiol\u00f3gicas (como PRP)<\/li><\/ul><div>\u00a0<\/div><h2 id=\"h-beneficios-do-uso-do-ultrassom-nos-procedimentos\" class=\"wp-block-heading\">Benef\u00edcios do uso do ultrassom nos procedimentos<\/h2><ul class=\"wp-block-list\"><li><strong>Maior precis\u00e3o<\/strong>\u00a0na aplica\u00e7\u00e3o do medicamento ou subst\u00e2ncia<\/li><li><strong>Menor risco de efeitos adversos<\/strong>\u00a0e complica\u00e7\u00f5es<\/li><li><strong>Mais conforto e seguran\u00e7a<\/strong>\u00a0para o paciente<\/li><li><strong>Efic\u00e1cia aumentada<\/strong>, com al\u00edvio mais r\u00e1pido e duradouro da dor<\/li><li>Permite o acompanhamento em tempo real durante o procedimento<\/li><li>Excelente alternativa para pacientes com dificuldade de acesso venoso ou anatomias complexas<\/li><\/ul><div>\u00a0<\/div><p><strong>SanosLife: tecnologia e cuidado para um tratamento mais assertivo<\/strong><\/p><p>Na\u00a0<strong>SanosLife<\/strong>, os procedimentos guiados por ultrassom s\u00e3o realizados por\u00a0<strong>m\u00e9dicos especialistas em dor, ortopedia e terapias regenerativas<\/strong>, sempre com o suporte de um ambiente seguro, acolhedor e com os mais altos padr\u00f5es t\u00e9cnicos.<strong>Precis\u00e3o n\u00e3o \u00e9 apenas um diferencial. \u00c9 o que garante seguran\u00e7a, resultado e tranquilidade.\u00a0<\/strong>Na SanosLife, unimos tecnologia e experi\u00eancia para tratar a dor com mais efici\u00eancia e menos incertezas.<\/p>\t\t\t\t\t\t\t\t<\/div>\n\t\t\t\t\t<\/div>\n\t\t\t\t<\/div>\n\t\t<div class=\"elementor-element elementor-element-969100e e-flex e-con-boxed wpr-particle-no wpr-jarallax-no wpr-parallax-no wpr-sticky-section-no wpr-equal-height-no e-con e-parent\" data-id=\"969100e\" data-element_type=\"container\" data-e-type=\"container\">\n\t\t\t\t\t<div class=\"e-con-inner\">\n\t\t\t\t<div class=\"elementor-element elementor-element-a5cca06 elementor-align-center elementor-widget elementor-widget-button\" data-id=\"a5cca06\" data-element_type=\"widget\" data-e-type=\"widget\" data-widget_type=\"button.default\">\n\t\t\t\t\t\t\t\t\t\t<a class=\"elementor-button elementor-button-link elementor-size-sm\" href=\"https:\/\/api.whatsapp.com\/send\/?phone=5521985635375&#038;text=Ol%C3%A1%21+Estou+vindo+pelo+SITE+e+gostaria+de+informa%C3%A7%C3%B5es.+Pode+me+ajudar%3F\">\n\t\t\t\t\t\t<span class=\"elementor-button-content-wrapper\">\n\t\t\t\t\t\t\t\t\t<span class=\"elementor-button-text\">Marque uma consulta<\/span>\n\t\t\t\t\t<\/span>\n\t\t\t\t\t<\/a>\n\t\t\t\t\t\t\t\t<\/div>\n\t\t\t\t\t<\/div>\n\t\t\t\t<\/div>\n\t\t<div class=\"elementor-element elementor-element-8eeb13c e-flex e-con-boxed wpr-particle-no wpr-jarallax-no wpr-parallax-no wpr-sticky-section-no wpr-equal-height-no e-con e-parent\" data-id=\"8eeb13c\" data-element_type=\"container\" data-e-type=\"container\">\n\t\t\t\t\t<div class=\"e-con-inner\">\n\t\t\t\t<div class=\"elementor-element elementor-element-19e647f elementor-widget-divider--view-line elementor-widget elementor-widget-divider\" data-id=\"19e647f\" data-element_type=\"widget\" data-e-type=\"widget\" data-widget_type=\"divider.default\">\n\t\t\t\t\t\t\t<div class=\"elementor-divider\">\n\t\t\t<span class=\"elementor-divider-separator\">\n\t\t\t\t\t\t<\/span>\n\t\t<\/div>\n\t\t\t\t\t\t<\/div>\n\t\t\t\t\t<\/div>\n\t\t\t\t<\/div>\n\t\t\t\t<\/div>\n\t\t","protected":false},"excerpt":{"rendered":"<p>Home \u00bb Tratamentos \u00bb Terapias Regenerativas \u00bb Procedimentos M\u00e9dicos Guiados por Ultrassom Procedimentos M\u00e9dicos Guiados por Ultrassom Mais precis\u00e3o, seguran\u00e7a e efic\u00e1cia no tratamento da dor. Home \u00bb Tratamentos \u00bb Terapias Regenerativas \u00bb Procedimentos M\u00e9dicos Guiados por Ultrassom Procedimentos M\u00e9dicos Guiados por Ultrassom Mais precis\u00e3o, seguran\u00e7a e efic\u00e1cia no tratamento da dor. Na\u00a0SanosLife, utilizamos a tecnologia do\u00a0ultrassom em tempo real\u00a0para guiar procedimentos m\u00e9dicos como\u00a0infiltra\u00e7\u00f5es intra-articulares\u00a0e\u00a0bloqueios de nervos perif\u00e9ricos. Esse recurso permite que o m\u00e9dico visualize com clareza estruturas como articula\u00e7\u00f5es, tend\u00f5es, m\u00fasculos e nervos, garantindo\u00a0aplica\u00e7\u00f5es mais precisas, seguras e eficazes. \u00a0 Por que utilizar o ultrassom nos procedimentos? A visualiza\u00e7\u00e3o direta por ultrassom permite que o especialista\u00a0localize exatamente o ponto de dor ou inflama\u00e7\u00e3o, evitando estruturas sens\u00edveis, reduzindo o risco de complica\u00e7\u00f5es e aumentando a efetividade da t\u00e9cnica. Ao contr\u00e1rio de procedimentos realizados \u00e0s cegas (por refer\u00eancia anat\u00f4mica), o\u00a0guiamento por imagem permite o controle total da profundidade e da trajet\u00f3ria da agulha, promovendo resultados superiores e maior conforto para o paciente. \u00a0 Procedimentos realizados com guiamento por ultrassom na SanosLife: Infiltra\u00e7\u00e3o intra-articular com \u00e1cido hialur\u00f4nico Bloqueios anest\u00e9sicos e anti-inflamat\u00f3rios para dor cr\u00f4nica Bloqueios de nervos perif\u00e9ricos (como nervos geniculares, nervo supra escapulares, nervo peitoral e etc) Aspira\u00e7\u00e3o de derrames articulares ou cistos Pun\u00e7\u00f5es terap\u00eauticas e diagn\u00f3sticas Inje\u00e7\u00f5es de terapias ortobiol\u00f3gicas (como PRP) \u00a0 Benef\u00edcios do uso do ultrassom nos procedimentos Maior precis\u00e3o\u00a0na aplica\u00e7\u00e3o do medicamento ou subst\u00e2ncia Menor risco de efeitos adversos\u00a0e complica\u00e7\u00f5es Mais conforto e seguran\u00e7a\u00a0para o paciente Efic\u00e1cia aumentada, com al\u00edvio mais r\u00e1pido e duradouro da dor Permite o acompanhamento em tempo real durante o procedimento Excelente alternativa para pacientes com dificuldade de acesso venoso ou anatomias complexas \u00a0 SanosLife: tecnologia e cuidado para um tratamento mais assertivo Na\u00a0SanosLife, os procedimentos guiados por ultrassom s\u00e3o realizados por\u00a0m\u00e9dicos especialistas em dor, ortopedia e terapias regenerativas, sempre com o suporte de um ambiente seguro, acolhedor e com os mais altos padr\u00f5es t\u00e9cnicos.Precis\u00e3o n\u00e3o \u00e9 apenas um diferencial. \u00c9 o que garante seguran\u00e7a, resultado e tranquilidade.\u00a0Na SanosLife, unimos tecnologia e experi\u00eancia para tratar a dor com mais efici\u00eancia e menos incertezas. Marque uma consulta<\/p>\n","protected":false},"author":1,"featured_media":0,"parent":0,"menu_order":0,"comment_status":"closed","ping_status":"closed","template":"elementor_canvas","meta":{"footnotes":""},"class_list":["post-5135","page","type-page","status-publish","hentry"],"aioseo_notices":[],"_links":{"self":[{"href":"https:\/\/cograjau.com.br\/index.php?rest_route=\/wp\/v2\/pages\/5135","targetHints":{"allow":["GET"]}}],"collection":[{"href":"https:\/\/cograjau.com.br\/index.php?rest_route=\/wp\/v2\/pages"}],"about":[{"href":"https:\/\/cograjau.com.br\/index.php?rest_route=\/wp\/v2\/types\/page"}],"author":[{"embeddable":true,"href":"https:\/\/cograjau.com.br\/index.php?rest_route=\/wp\/v2\/users\/1"}],"replies":[{"embeddable":true,"href":"https:\/\/cograjau.com.br\/index.php?rest_route=%2Fwp%2Fv2%2Fcomments&post=5135"}],"version-history":[{"count":3,"href":"https:\/\/cograjau.com.br\/index.php?rest_route=\/wp\/v2\/pages\/5135\/revisions"}],"predecessor-version":[{"id":7728,"href":"https:\/\/cograjau.com.br\/index.php?rest_route=\/wp\/v2\/pages\/5135\/revisions\/7728"}],"wp:attachment":[{"href":"https:\/\/cograjau.com.br\/index.php?rest_route=%2Fwp%2Fv2%2Fmedia&parent=5135"}],"curies":[{"name":"wp","href":"https:\/\/api.w.org\/{rel}","templated":true}]}}