{"id":4990,"date":"2025-11-28T23:41:46","date_gmt":"2025-11-28T23:41:46","guid":{"rendered":"https:\/\/darkorchid-narwhal-360002.hostingersite.com\/?page_id=4990"},"modified":"2026-02-10T17:50:56","modified_gmt":"2026-02-10T17:50:56","slug":"lesoes-esportivas-e-musculares","status":"publish","type":"page","link":"https:\/\/cograjau.com.br\/?page_id=4990","title":{"rendered":"Les\u00f5es Esportivas e Musculares"},"content":{"rendered":"\t\t<div data-elementor-type=\"wp-page\" data-elementor-id=\"4990\" class=\"elementor elementor-4990\">\n\t\t\t\t<div class=\"elementor-element elementor-element-94338d0 elementor-hidden-tablet elementor-hidden-mobile e-flex e-con-boxed wpr-particle-no wpr-jarallax-no wpr-parallax-no wpr-sticky-section-no wpr-equal-height-no e-con e-parent\" data-id=\"94338d0\" data-element_type=\"container\" data-e-type=\"container\" data-settings=\"{&quot;background_background&quot;:&quot;classic&quot;}\">\n\t\t\t\t\t<div class=\"e-con-inner\">\n\t\t<div class=\"elementor-element elementor-element-0caea2c e-con-full e-flex wpr-particle-no wpr-jarallax-no wpr-parallax-no wpr-sticky-section-no wpr-equal-height-no e-con e-child\" data-id=\"0caea2c\" data-element_type=\"container\" data-e-type=\"container\" data-settings=\"{&quot;background_background&quot;:&quot;classic&quot;}\">\n\t\t\t\t<div class=\"elementor-element elementor-element-3501a35 elementor-widget-divider--view-line elementor-widget elementor-widget-divider\" data-id=\"3501a35\" data-element_type=\"widget\" data-e-type=\"widget\" data-widget_type=\"divider.default\">\n\t\t\t\t\t\t\t<div class=\"elementor-divider\">\n\t\t\t<span class=\"elementor-divider-separator\">\n\t\t\t\t\t\t<\/span>\n\t\t<\/div>\n\t\t\t\t\t\t<\/div>\n\t\t\t\t<div class=\"elementor-element elementor-element-fcdc918 elementor-widget elementor-widget-text-editor\" data-id=\"fcdc918\" data-element_type=\"widget\" data-e-type=\"widget\" data-widget_type=\"text-editor.default\">\n\t\t\t\t\t\t\t\t\t<p><a href=\"\/\">Home<\/a> \u00bb <a href=\"\/tratamentos\/\">Tratamentos<\/a> \u00bb <a href=\"\/termografia-medica-digital\/\">Termografia m\u00e9dica digital<\/a> \u00bb Les\u00f5es Esportivas e Musculares<\/p>\t\t\t\t\t\t\t\t<\/div>\n\t\t\t\t<div class=\"elementor-element elementor-element-d74b483 elementor-widget elementor-widget-heading\" data-id=\"d74b483\" data-element_type=\"widget\" data-e-type=\"widget\" data-widget_type=\"heading.default\">\n\t\t\t\t\t<h2 class=\"elementor-heading-title elementor-size-default\">Les\u00f5es Esportivas e Musculares<\/h2>\t\t\t\t<\/div>\n\t\t\t\t<div class=\"elementor-element elementor-element-cfbf25c elementor-widget elementor-widget-text-editor\" data-id=\"cfbf25c\" data-element_type=\"widget\" data-e-type=\"widget\" data-widget_type=\"text-editor.default\">\n\t\t\t\t\t\t\t\t\t<p>Tecnologia de imagem para prevenir, detectar e monitorar les\u00f5es com precis\u00e3o.<\/p>\t\t\t\t\t\t\t\t<\/div>\n\t\t\t\t<div class=\"elementor-element elementor-element-d01f5d9 elementor-view-default elementor-widget elementor-widget-icon\" data-id=\"d01f5d9\" data-element_type=\"widget\" data-e-type=\"widget\" data-widget_type=\"icon.default\">\n\t\t\t\t\t\t\t<div class=\"elementor-icon-wrapper\">\n\t\t\t<div class=\"elementor-icon\">\n\t\t\t<svg aria-hidden=\"true\" class=\"e-font-icon-svg e-fas-angle-down\" viewBox=\"0 0 320 512\" xmlns=\"http:\/\/www.w3.org\/2000\/svg\"><path d=\"M143 352.3L7 216.3c-9.4-9.4-9.4-24.6 0-33.9l22.6-22.6c9.4-9.4 24.6-9.4 33.9 0l96.4 96.4 96.4-96.4c9.4-9.4 24.6-9.4 33.9 0l22.6 22.6c9.4 9.4 9.4 24.6 0 33.9l-136 136c-9.2 9.4-24.4 9.4-33.8 0z\"><\/path><\/svg>\t\t\t<\/div>\n\t\t<\/div>\n\t\t\t\t\t\t<\/div>\n\t\t\t\t<div class=\"elementor-element elementor-element-7979e6c elementor-widget-divider--view-line elementor-widget elementor-widget-divider\" data-id=\"7979e6c\" data-element_type=\"widget\" data-e-type=\"widget\" data-widget_type=\"divider.default\">\n\t\t\t\t\t\t\t<div class=\"elementor-divider\">\n\t\t\t<span class=\"elementor-divider-separator\">\n\t\t\t\t\t\t<\/span>\n\t\t<\/div>\n\t\t\t\t\t\t<\/div>\n\t\t\t\t<\/div>\n\t\t\t\t\t<\/div>\n\t\t\t\t<\/div>\n\t\t<div class=\"elementor-element elementor-element-e6050c8 elementor-hidden-desktop e-flex e-con-boxed wpr-particle-no wpr-jarallax-no wpr-parallax-no wpr-sticky-section-no wpr-equal-height-no e-con e-parent\" data-id=\"e6050c8\" data-element_type=\"container\" data-e-type=\"container\" data-settings=\"{&quot;background_background&quot;:&quot;classic&quot;}\">\n\t\t\t\t\t<div class=\"e-con-inner\">\n\t\t<div class=\"elementor-element elementor-element-f17b711 e-con-full e-flex wpr-particle-no wpr-jarallax-no wpr-parallax-no wpr-sticky-section-no wpr-equal-height-no e-con e-child\" data-id=\"f17b711\" data-element_type=\"container\" data-e-type=\"container\" data-settings=\"{&quot;background_background&quot;:&quot;classic&quot;}\">\n\t\t\t\t<div class=\"elementor-element elementor-element-49472eb elementor-widget-divider--view-line elementor-widget elementor-widget-divider\" data-id=\"49472eb\" data-element_type=\"widget\" data-e-type=\"widget\" data-widget_type=\"divider.default\">\n\t\t\t\t\t\t\t<div class=\"elementor-divider\">\n\t\t\t<span class=\"elementor-divider-separator\">\n\t\t\t\t\t\t<\/span>\n\t\t<\/div>\n\t\t\t\t\t\t<\/div>\n\t\t\t\t<div class=\"elementor-element elementor-element-1c90ff4 elementor-widget elementor-widget-text-editor\" data-id=\"1c90ff4\" data-element_type=\"widget\" data-e-type=\"widget\" data-widget_type=\"text-editor.default\">\n\t\t\t\t\t\t\t\t\t<p><a href=\"\/\">Home<\/a> \u00bb <a href=\"\/tratamentos\/\">Tratamentos<\/a> \u00bb <a href=\"\/termografia-medica-digital\/\">Termografia m\u00e9dica digital<\/a> \u00bb Les\u00f5es Esportivas e Musculares<\/p>\t\t\t\t\t\t\t\t<\/div>\n\t\t\t\t<div class=\"elementor-element elementor-element-3126c6c elementor-widget elementor-widget-heading\" data-id=\"3126c6c\" data-element_type=\"widget\" data-e-type=\"widget\" data-widget_type=\"heading.default\">\n\t\t\t\t\t<h2 class=\"elementor-heading-title elementor-size-default\">Les\u00f5es Esportivas e Musculares<\/h2>\t\t\t\t<\/div>\n\t\t\t\t<div class=\"elementor-element elementor-element-8e88234 elementor-widget elementor-widget-text-editor\" data-id=\"8e88234\" data-element_type=\"widget\" data-e-type=\"widget\" data-widget_type=\"text-editor.default\">\n\t\t\t\t\t\t\t\t\t<p>Tecnologia de imagem para prevenir, detectar e monitorar les\u00f5es com precis\u00e3o.<\/p>\t\t\t\t\t\t\t\t<\/div>\n\t\t\t\t<div class=\"elementor-element elementor-element-3a97910 elementor-view-default elementor-widget elementor-widget-icon\" data-id=\"3a97910\" data-element_type=\"widget\" data-e-type=\"widget\" data-widget_type=\"icon.default\">\n\t\t\t\t\t\t\t<div class=\"elementor-icon-wrapper\">\n\t\t\t<div class=\"elementor-icon\">\n\t\t\t<svg aria-hidden=\"true\" class=\"e-font-icon-svg e-fas-angle-down\" viewBox=\"0 0 320 512\" xmlns=\"http:\/\/www.w3.org\/2000\/svg\"><path d=\"M143 352.3L7 216.3c-9.4-9.4-9.4-24.6 0-33.9l22.6-22.6c9.4-9.4 24.6-9.4 33.9 0l96.4 96.4 96.4-96.4c9.4-9.4 24.6-9.4 33.9 0l22.6 22.6c9.4 9.4 9.4 24.6 0 33.9l-136 136c-9.2 9.4-24.4 9.4-33.8 0z\"><\/path><\/svg>\t\t\t<\/div>\n\t\t<\/div>\n\t\t\t\t\t\t<\/div>\n\t\t\t\t<div class=\"elementor-element elementor-element-99a3ee5 elementor-widget-divider--view-line elementor-widget elementor-widget-divider\" data-id=\"99a3ee5\" data-element_type=\"widget\" data-e-type=\"widget\" data-widget_type=\"divider.default\">\n\t\t\t\t\t\t\t<div class=\"elementor-divider\">\n\t\t\t<span class=\"elementor-divider-separator\">\n\t\t\t\t\t\t<\/span>\n\t\t<\/div>\n\t\t\t\t\t\t<\/div>\n\t\t\t\t<\/div>\n\t\t\t\t\t<\/div>\n\t\t\t\t<\/div>\n\t\t<div class=\"elementor-element elementor-element-130f26e e-flex e-con-boxed wpr-particle-no wpr-jarallax-no wpr-parallax-no wpr-sticky-section-no wpr-equal-height-no e-con e-parent\" data-id=\"130f26e\" data-element_type=\"container\" data-e-type=\"container\">\n\t\t\t\t\t<div class=\"e-con-inner\">\n\t\t\t\t<div class=\"elementor-element elementor-element-6a83ffe elementor-widget-divider--view-line elementor-widget elementor-widget-divider\" data-id=\"6a83ffe\" data-element_type=\"widget\" data-e-type=\"widget\" data-widget_type=\"divider.default\">\n\t\t\t\t\t\t\t<div class=\"elementor-divider\">\n\t\t\t<span class=\"elementor-divider-separator\">\n\t\t\t\t\t\t<\/span>\n\t\t<\/div>\n\t\t\t\t\t\t<\/div>\n\t\t\t\t<div class=\"elementor-element elementor-element-a851615 elementor-widget elementor-widget-text-editor\" data-id=\"a851615\" data-element_type=\"widget\" data-e-type=\"widget\" data-widget_type=\"text-editor.default\">\n\t\t\t\t\t\t\t\t\t<p>A\u00a0<strong>termografia cl\u00ednica<\/strong>\u00a0\u00e9 uma ferramenta moderna e n\u00e3o invasiva que permite\u00a0<strong>visualizar altera\u00e7\u00f5es t\u00e9rmicas na superf\u00edcie do corpo<\/strong>, refletindo processos inflamat\u00f3rios, sobrecargas musculares, desequil\u00edbrios biomec\u00e2nicos e microles\u00f5es antes mesmo que a dor apare\u00e7a.<\/p><p>Na\u00a0<strong>SanosLife<\/strong>, utilizamos a termografia como aliada da\u00a0<strong>medicina esportiva e da fisioterapia funcional<\/strong>, tanto para o diagn\u00f3stico precoce de les\u00f5es quanto para o acompanhamento da recupera\u00e7\u00e3o muscular e o planejamento de treinos mais seguros e eficientes.<\/p><p>\u00a0<\/p><h2 id=\"h-para-que-serve-a-termografia-em-lesoes-esportivas\" class=\"wp-block-heading\">Para que serve a termografia em les\u00f5es esportivas?<\/h2><ul class=\"wp-block-list\"><li><strong>Identificar sobrecargas e \u00e1reas de risco antes que a les\u00e3o aconte\u00e7a<\/strong><\/li><li>Diagnosticar precocemente\u00a0<strong>microles\u00f5es, distens\u00f5es e inflama\u00e7\u00f5es musculares<\/strong><\/li><li>Detectar assimetrias t\u00e9rmicas que indicam\u00a0<strong>compensa\u00e7\u00f5es ou disfun\u00e7\u00f5es biomec\u00e2nicas<\/strong><\/li><li>Acompanhar a\u00a0<strong>recupera\u00e7\u00e3o p\u00f3s-les\u00e3o ou p\u00f3s-procedimento<\/strong><\/li><li>Avaliar\u00a0<strong>respostas fisiol\u00f3gicas ao treino<\/strong>\u00a0e orientar ajustes individualizados<\/li><li>Monitorar a\u00a0<strong>efic\u00e1cia de tratamentos como TOC, SIS, PRP, fisioterapia ou soroterapia<\/strong><\/li><\/ul><div><b>\u00a0<\/b><\/div><h2 id=\"h-indicacoes-mais-comuns\" class=\"wp-block-heading\">Indica\u00e7\u00f5es mais comuns<\/h2><ul class=\"wp-block-list\"><li>Dores musculares localizadas ou difusas<\/li><li>Distens\u00f5es, contraturas e les\u00f5es por esfor\u00e7o repetitivo<\/li><li>Tendinites e bursites<\/li><li>Fadiga muscular e overtraining<\/li><li>Les\u00f5es ligamentares e articulares (joelho, tornozelo, ombro, quadril)<\/li><li>Reabilita\u00e7\u00e3o ortop\u00e9dica e esportiva<\/li><li>Avalia\u00e7\u00e3o de desempenho e preven\u00e7\u00e3o de les\u00f5es em atletas<\/li><\/ul><div>\u00a0<\/div><h2 id=\"h-beneficios-da-termografia-para-atletas-e-praticantes-de-atividade-fisica\" class=\"wp-block-heading\">Benef\u00edcios da termografia para atletas e praticantes de atividade f\u00edsica<\/h2><ul class=\"wp-block-list\"><li>Exame\u00a0<strong>indolor, sem contato e sem radia\u00e7\u00e3o<\/strong><\/li><li>Detecta disfun\u00e7\u00f5es\u00a0<strong>antes que se tornem les\u00f5es<\/strong><\/li><li>Permite\u00a0<strong>monitoramento cont\u00ednuo e seguro<\/strong>\u00a0durante o tratamento ou treino<\/li><li>Suporte para decis\u00f5es cl\u00ednicas, fisioterap\u00eauticas e esportivas mais assertivas<\/li><li>Otimiza a\u00a0<strong>performance com mais seguran\u00e7a<\/strong>\u00a0e menos risco de recidiva<\/li><li>Complementa outros exames como ultrassom, resson\u00e2ncia e avalia\u00e7\u00e3o funcional<\/li><\/ul><div>\u00a0<\/div><h2 id=\"h-termografia-na-sanoslife-tecnologia-a-favor-do-movimento\" class=\"wp-block-heading\">Termografia na SanosLife: tecnologia a favor do movimento<\/h2><p>Na\u00a0<strong>SanosLife<\/strong>, a termografia \u00e9 integrada a uma equipe multidisciplinar que atua em reabilita\u00e7\u00e3o, ortopedia, fisioterapia, medicina esportiva e terapias regenerativas.\u00a0<strong>Voc\u00ea \u00e9 avaliado por completo<\/strong>, com escuta, tecnologia e plano de a\u00e7\u00e3o sob medida.<strong>Quem se move, precisa cuidar.\u00a0<\/strong>Com a termografia, \u00e9 poss\u00edvel\u00a0<strong>prevenir les\u00f5es, acelerar a recupera\u00e7\u00e3o e manter o corpo em equil\u00edbrio<\/strong>, respeitando os limites e potencializando o desempenho com seguran\u00e7a.<\/p>\t\t\t\t\t\t\t\t<\/div>\n\t\t\t\t\t<\/div>\n\t\t\t\t<\/div>\n\t\t<div class=\"elementor-element elementor-element-1c35a37 e-flex e-con-boxed wpr-particle-no wpr-jarallax-no wpr-parallax-no wpr-sticky-section-no wpr-equal-height-no e-con e-parent\" data-id=\"1c35a37\" data-element_type=\"container\" data-e-type=\"container\">\n\t\t\t\t\t<div class=\"e-con-inner\">\n\t\t\t\t<div class=\"elementor-element elementor-element-7228693 elementor-align-center elementor-widget elementor-widget-button\" data-id=\"7228693\" data-element_type=\"widget\" data-e-type=\"widget\" data-widget_type=\"button.default\">\n\t\t\t\t\t\t\t\t\t\t<a class=\"elementor-button elementor-button-link elementor-size-sm\" href=\"https:\/\/api.whatsapp.com\/send\/?phone=5521985635375&#038;text=Ol%C3%A1%21+Estou+vindo+pelo+SITE+e+gostaria+de+informa%C3%A7%C3%B5es.+Pode+me+ajudar%3F\">\n\t\t\t\t\t\t<span class=\"elementor-button-content-wrapper\">\n\t\t\t\t\t\t\t\t\t<span class=\"elementor-button-text\">Marque uma consulta<\/span>\n\t\t\t\t\t<\/span>\n\t\t\t\t\t<\/a>\n\t\t\t\t\t\t\t\t<\/div>\n\t\t\t\t\t<\/div>\n\t\t\t\t<\/div>\n\t\t<div class=\"elementor-element elementor-element-8eeb13c e-flex e-con-boxed wpr-particle-no wpr-jarallax-no wpr-parallax-no wpr-sticky-section-no wpr-equal-height-no e-con e-parent\" data-id=\"8eeb13c\" data-element_type=\"container\" data-e-type=\"container\">\n\t\t\t\t\t<div class=\"e-con-inner\">\n\t\t\t\t<div class=\"elementor-element elementor-element-19e647f elementor-widget-divider--view-line elementor-widget elementor-widget-divider\" data-id=\"19e647f\" data-element_type=\"widget\" data-e-type=\"widget\" data-widget_type=\"divider.default\">\n\t\t\t\t\t\t\t<div class=\"elementor-divider\">\n\t\t\t<span class=\"elementor-divider-separator\">\n\t\t\t\t\t\t<\/span>\n\t\t<\/div>\n\t\t\t\t\t\t<\/div>\n\t\t\t\t\t<\/div>\n\t\t\t\t<\/div>\n\t\t\t\t<\/div>\n\t\t","protected":false},"excerpt":{"rendered":"<p>Home \u00bb Tratamentos \u00bb Termografia m\u00e9dica digital \u00bb Les\u00f5es Esportivas e Musculares Les\u00f5es Esportivas e Musculares Tecnologia de imagem para prevenir, detectar e monitorar les\u00f5es com precis\u00e3o. Home \u00bb Tratamentos \u00bb Termografia m\u00e9dica digital \u00bb Les\u00f5es Esportivas e Musculares Les\u00f5es Esportivas e Musculares Tecnologia de imagem para prevenir, detectar e monitorar les\u00f5es com precis\u00e3o. A\u00a0termografia cl\u00ednica\u00a0\u00e9 uma ferramenta moderna e n\u00e3o invasiva que permite\u00a0visualizar altera\u00e7\u00f5es t\u00e9rmicas na superf\u00edcie do corpo, refletindo processos inflamat\u00f3rios, sobrecargas musculares, desequil\u00edbrios biomec\u00e2nicos e microles\u00f5es antes mesmo que a dor apare\u00e7a. Na\u00a0SanosLife, utilizamos a termografia como aliada da\u00a0medicina esportiva e da fisioterapia funcional, tanto para o diagn\u00f3stico precoce de les\u00f5es quanto para o acompanhamento da recupera\u00e7\u00e3o muscular e o planejamento de treinos mais seguros e eficientes. \u00a0 Para que serve a termografia em les\u00f5es esportivas? Identificar sobrecargas e \u00e1reas de risco antes que a les\u00e3o aconte\u00e7a Diagnosticar precocemente\u00a0microles\u00f5es, distens\u00f5es e inflama\u00e7\u00f5es musculares Detectar assimetrias t\u00e9rmicas que indicam\u00a0compensa\u00e7\u00f5es ou disfun\u00e7\u00f5es biomec\u00e2nicas Acompanhar a\u00a0recupera\u00e7\u00e3o p\u00f3s-les\u00e3o ou p\u00f3s-procedimento Avaliar\u00a0respostas fisiol\u00f3gicas ao treino\u00a0e orientar ajustes individualizados Monitorar a\u00a0efic\u00e1cia de tratamentos como TOC, SIS, PRP, fisioterapia ou soroterapia \u00a0 Indica\u00e7\u00f5es mais comuns Dores musculares localizadas ou difusas Distens\u00f5es, contraturas e les\u00f5es por esfor\u00e7o repetitivo Tendinites e bursites Fadiga muscular e overtraining Les\u00f5es ligamentares e articulares (joelho, tornozelo, ombro, quadril) Reabilita\u00e7\u00e3o ortop\u00e9dica e esportiva Avalia\u00e7\u00e3o de desempenho e preven\u00e7\u00e3o de les\u00f5es em atletas \u00a0 Benef\u00edcios da termografia para atletas e praticantes de atividade f\u00edsica Exame\u00a0indolor, sem contato e sem radia\u00e7\u00e3o Detecta disfun\u00e7\u00f5es\u00a0antes que se tornem les\u00f5es Permite\u00a0monitoramento cont\u00ednuo e seguro\u00a0durante o tratamento ou treino Suporte para decis\u00f5es cl\u00ednicas, fisioterap\u00eauticas e esportivas mais assertivas Otimiza a\u00a0performance com mais seguran\u00e7a\u00a0e menos risco de recidiva Complementa outros exames como ultrassom, resson\u00e2ncia e avalia\u00e7\u00e3o funcional \u00a0 Termografia na SanosLife: tecnologia a favor do movimento Na\u00a0SanosLife, a termografia \u00e9 integrada a uma equipe multidisciplinar que atua em reabilita\u00e7\u00e3o, ortopedia, fisioterapia, medicina esportiva e terapias regenerativas.\u00a0Voc\u00ea \u00e9 avaliado por completo, com escuta, tecnologia e plano de a\u00e7\u00e3o sob medida.Quem se move, precisa cuidar.\u00a0Com a termografia, \u00e9 poss\u00edvel\u00a0prevenir les\u00f5es, acelerar a recupera\u00e7\u00e3o e manter o corpo em equil\u00edbrio, respeitando os limites e potencializando o desempenho com seguran\u00e7a. Marque uma consulta<\/p>\n","protected":false},"author":1,"featured_media":0,"parent":0,"menu_order":0,"comment_status":"closed","ping_status":"closed","template":"elementor_canvas","meta":{"footnotes":""},"class_list":["post-4990","page","type-page","status-publish","hentry"],"aioseo_notices":[],"_links":{"self":[{"href":"https:\/\/cograjau.com.br\/index.php?rest_route=\/wp\/v2\/pages\/4990","targetHints":{"allow":["GET"]}}],"collection":[{"href":"https:\/\/cograjau.com.br\/index.php?rest_route=\/wp\/v2\/pages"}],"about":[{"href":"https:\/\/cograjau.com.br\/index.php?rest_route=\/wp\/v2\/types\/page"}],"author":[{"embeddable":true,"href":"https:\/\/cograjau.com.br\/index.php?rest_route=\/wp\/v2\/users\/1"}],"replies":[{"embeddable":true,"href":"https:\/\/cograjau.com.br\/index.php?rest_route=%2Fwp%2Fv2%2Fcomments&post=4990"}],"version-history":[{"count":3,"href":"https:\/\/cograjau.com.br\/index.php?rest_route=\/wp\/v2\/pages\/4990\/revisions"}],"predecessor-version":[{"id":7743,"href":"https:\/\/cograjau.com.br\/index.php?rest_route=\/wp\/v2\/pages\/4990\/revisions\/7743"}],"wp:attachment":[{"href":"https:\/\/cograjau.com.br\/index.php?rest_route=%2Fwp%2Fv2%2Fmedia&parent=4990"}],"curies":[{"name":"wp","href":"https:\/\/api.w.org\/{rel}","templated":true}]}}