{"id":4952,"date":"2025-11-28T23:18:19","date_gmt":"2025-11-28T23:18:19","guid":{"rendered":"https:\/\/darkorchid-narwhal-360002.hostingersite.com\/?page_id=4952"},"modified":"2026-02-12T13:01:20","modified_gmt":"2026-02-12T13:01:20","slug":"ozonioterapia","status":"publish","type":"page","link":"https:\/\/cograjau.com.br\/?page_id=4952","title":{"rendered":"Ozonioterapia"},"content":{"rendered":"\t\t<div data-elementor-type=\"wp-page\" data-elementor-id=\"4952\" class=\"elementor elementor-4952\">\n\t\t\t\t<div class=\"elementor-element elementor-element-80aa72c elementor-hidden-tablet elementor-hidden-mobile e-flex e-con-boxed wpr-particle-no wpr-jarallax-no wpr-parallax-no wpr-sticky-section-no wpr-equal-height-no e-con e-parent\" data-id=\"80aa72c\" data-element_type=\"container\" data-e-type=\"container\" data-settings=\"{&quot;background_background&quot;:&quot;classic&quot;}\">\n\t\t\t\t\t<div class=\"e-con-inner\">\n\t\t<div class=\"elementor-element elementor-element-168e399 e-con-full e-flex wpr-particle-no wpr-jarallax-no wpr-parallax-no wpr-sticky-section-no wpr-equal-height-no e-con e-child\" data-id=\"168e399\" data-element_type=\"container\" data-e-type=\"container\" data-settings=\"{&quot;background_background&quot;:&quot;classic&quot;}\">\n\t\t\t\t<div class=\"elementor-element elementor-element-400989a elementor-widget-divider--view-line elementor-widget elementor-widget-divider\" data-id=\"400989a\" data-element_type=\"widget\" data-e-type=\"widget\" data-widget_type=\"divider.default\">\n\t\t\t\t\t\t\t<div class=\"elementor-divider\">\n\t\t\t<span class=\"elementor-divider-separator\">\n\t\t\t\t\t\t<\/span>\n\t\t<\/div>\n\t\t\t\t\t\t<\/div>\n\t\t\t\t<div class=\"elementor-element elementor-element-1540068 elementor-widget elementor-widget-text-editor\" data-id=\"1540068\" data-element_type=\"widget\" data-e-type=\"widget\" data-widget_type=\"text-editor.default\">\n\t\t\t\t\t\t\t\t\t<p><a href=\"\/\">Home<\/a> \u00bb <a href=\"\/tratamentos\/\">Tratamentos<\/a> \u00bb <a href=\"\/terapias-fisicas-e-biologicas\/\">Terapias f\u00edsicas e biol\u00f3gicas<\/a> \u00bb Ozonioterapia<\/p>\t\t\t\t\t\t\t\t<\/div>\n\t\t\t\t<div class=\"elementor-element elementor-element-b7b853c elementor-widget elementor-widget-heading\" data-id=\"b7b853c\" data-element_type=\"widget\" data-e-type=\"widget\" data-widget_type=\"heading.default\">\n\t\t\t\t\t<h2 class=\"elementor-heading-title elementor-size-default\">Ozonioterapia<\/h2>\t\t\t\t<\/div>\n\t\t\t\t<div class=\"elementor-element elementor-element-3781612 elementor-widget elementor-widget-text-editor\" data-id=\"3781612\" data-element_type=\"widget\" data-e-type=\"widget\" data-widget_type=\"text-editor.default\">\n\t\t\t\t\t\t\t\t\t<p>A Ozonioterapia \u00e9 uma terapia integrativa que utiliza uma mistura de oxig\u00eanio e oz\u00f4nio medicinal para estimular processos de cura, combater inflama\u00e7\u00f5es e modular o sistema imunol\u00f3gico.<\/p>\t\t\t\t\t\t\t\t<\/div>\n\t\t\t\t<div class=\"elementor-element elementor-element-9fd1f23 elementor-view-default elementor-widget elementor-widget-icon\" data-id=\"9fd1f23\" data-element_type=\"widget\" data-e-type=\"widget\" data-widget_type=\"icon.default\">\n\t\t\t\t\t\t\t<div class=\"elementor-icon-wrapper\">\n\t\t\t<div class=\"elementor-icon\">\n\t\t\t<svg aria-hidden=\"true\" class=\"e-font-icon-svg e-fas-angle-down\" viewBox=\"0 0 320 512\" xmlns=\"http:\/\/www.w3.org\/2000\/svg\"><path d=\"M143 352.3L7 216.3c-9.4-9.4-9.4-24.6 0-33.9l22.6-22.6c9.4-9.4 24.6-9.4 33.9 0l96.4 96.4 96.4-96.4c9.4-9.4 24.6-9.4 33.9 0l22.6 22.6c9.4 9.4 9.4 24.6 0 33.9l-136 136c-9.2 9.4-24.4 9.4-33.8 0z\"><\/path><\/svg>\t\t\t<\/div>\n\t\t<\/div>\n\t\t\t\t\t\t<\/div>\n\t\t\t\t<div class=\"elementor-element elementor-element-ac051a0 elementor-widget-divider--view-line elementor-widget elementor-widget-divider\" data-id=\"ac051a0\" data-element_type=\"widget\" data-e-type=\"widget\" data-widget_type=\"divider.default\">\n\t\t\t\t\t\t\t<div class=\"elementor-divider\">\n\t\t\t<span class=\"elementor-divider-separator\">\n\t\t\t\t\t\t<\/span>\n\t\t<\/div>\n\t\t\t\t\t\t<\/div>\n\t\t\t\t<\/div>\n\t\t\t\t\t<\/div>\n\t\t\t\t<\/div>\n\t\t<div class=\"elementor-element elementor-element-241ee78 elementor-hidden-desktop e-flex e-con-boxed wpr-particle-no wpr-jarallax-no wpr-parallax-no wpr-sticky-section-no wpr-equal-height-no e-con e-parent\" data-id=\"241ee78\" data-element_type=\"container\" data-e-type=\"container\" data-settings=\"{&quot;background_background&quot;:&quot;classic&quot;}\">\n\t\t\t\t\t<div class=\"e-con-inner\">\n\t\t<div class=\"elementor-element elementor-element-c5300e8 e-con-full e-flex wpr-particle-no wpr-jarallax-no wpr-parallax-no wpr-sticky-section-no wpr-equal-height-no e-con e-child\" data-id=\"c5300e8\" data-element_type=\"container\" data-e-type=\"container\" data-settings=\"{&quot;background_background&quot;:&quot;classic&quot;}\">\n\t\t\t\t<div class=\"elementor-element elementor-element-f2e29c2 elementor-widget-divider--view-line elementor-widget elementor-widget-divider\" data-id=\"f2e29c2\" data-element_type=\"widget\" data-e-type=\"widget\" data-widget_type=\"divider.default\">\n\t\t\t\t\t\t\t<div class=\"elementor-divider\">\n\t\t\t<span class=\"elementor-divider-separator\">\n\t\t\t\t\t\t<\/span>\n\t\t<\/div>\n\t\t\t\t\t\t<\/div>\n\t\t\t\t<div class=\"elementor-element elementor-element-da6029d elementor-widget elementor-widget-text-editor\" data-id=\"da6029d\" data-element_type=\"widget\" data-e-type=\"widget\" data-widget_type=\"text-editor.default\">\n\t\t\t\t\t\t\t\t\t<p><a href=\"\/\">Home<\/a> \u00bb <a href=\"\/tratamentos\/\">Tratamentos<\/a> \u00bb <a href=\"\/terapias-fisicas-e-biologicas\/\">Terapias f\u00edsicas e biol\u00f3gicas<\/a> \u00bb Ozonioterapia<\/p>\t\t\t\t\t\t\t\t<\/div>\n\t\t\t\t<div class=\"elementor-element elementor-element-8775635 elementor-widget elementor-widget-heading\" data-id=\"8775635\" data-element_type=\"widget\" data-e-type=\"widget\" data-widget_type=\"heading.default\">\n\t\t\t\t\t<h2 class=\"elementor-heading-title elementor-size-default\">Ozonioterapia<\/h2>\t\t\t\t<\/div>\n\t\t\t\t<div class=\"elementor-element elementor-element-b9ad61c elementor-widget elementor-widget-text-editor\" data-id=\"b9ad61c\" data-element_type=\"widget\" data-e-type=\"widget\" data-widget_type=\"text-editor.default\">\n\t\t\t\t\t\t\t\t\t<p>A Ozonioterapia \u00e9 uma terapia integrativa que utiliza uma mistura de oxig\u00eanio e oz\u00f4nio medicinal para estimular processos de cura, combater inflama\u00e7\u00f5es e modular o sistema imunol\u00f3gico.<\/p>\t\t\t\t\t\t\t\t<\/div>\n\t\t\t\t<div class=\"elementor-element elementor-element-ce5243e elementor-view-default elementor-widget elementor-widget-icon\" data-id=\"ce5243e\" data-element_type=\"widget\" data-e-type=\"widget\" data-widget_type=\"icon.default\">\n\t\t\t\t\t\t\t<div class=\"elementor-icon-wrapper\">\n\t\t\t<div class=\"elementor-icon\">\n\t\t\t<svg aria-hidden=\"true\" class=\"e-font-icon-svg e-fas-angle-down\" viewBox=\"0 0 320 512\" xmlns=\"http:\/\/www.w3.org\/2000\/svg\"><path d=\"M143 352.3L7 216.3c-9.4-9.4-9.4-24.6 0-33.9l22.6-22.6c9.4-9.4 24.6-9.4 33.9 0l96.4 96.4 96.4-96.4c9.4-9.4 24.6-9.4 33.9 0l22.6 22.6c9.4 9.4 9.4 24.6 0 33.9l-136 136c-9.2 9.4-24.4 9.4-33.8 0z\"><\/path><\/svg>\t\t\t<\/div>\n\t\t<\/div>\n\t\t\t\t\t\t<\/div>\n\t\t\t\t<div class=\"elementor-element elementor-element-ddf7335 elementor-widget-divider--view-line elementor-widget elementor-widget-divider\" data-id=\"ddf7335\" data-element_type=\"widget\" data-e-type=\"widget\" data-widget_type=\"divider.default\">\n\t\t\t\t\t\t\t<div class=\"elementor-divider\">\n\t\t\t<span class=\"elementor-divider-separator\">\n\t\t\t\t\t\t<\/span>\n\t\t<\/div>\n\t\t\t\t\t\t<\/div>\n\t\t\t\t<\/div>\n\t\t\t\t\t<\/div>\n\t\t\t\t<\/div>\n\t\t<div class=\"elementor-element elementor-element-332a4d6 e-flex e-con-boxed wpr-particle-no wpr-jarallax-no wpr-parallax-no wpr-sticky-section-no wpr-equal-height-no e-con e-parent\" data-id=\"332a4d6\" data-element_type=\"container\" data-e-type=\"container\">\n\t\t\t\t\t<div class=\"e-con-inner\">\n\t\t\t\t<div class=\"elementor-element elementor-element-6a83ffe elementor-widget-divider--view-line elementor-widget elementor-widget-divider\" data-id=\"6a83ffe\" data-element_type=\"widget\" data-e-type=\"widget\" data-widget_type=\"divider.default\">\n\t\t\t\t\t\t\t<div class=\"elementor-divider\">\n\t\t\t<span class=\"elementor-divider-separator\">\n\t\t\t\t\t\t<\/span>\n\t\t<\/div>\n\t\t\t\t\t\t<\/div>\n\t\t\t\t\t<\/div>\n\t\t\t\t<\/div>\n\t\t<div class=\"elementor-element elementor-element-130f26e e-flex e-con-boxed wpr-particle-no wpr-jarallax-no wpr-parallax-no wpr-sticky-section-no wpr-equal-height-no e-con e-parent\" data-id=\"130f26e\" data-element_type=\"container\" data-e-type=\"container\">\n\t\t\t\t\t<div class=\"e-con-inner\">\n\t\t\t\t<div class=\"elementor-element elementor-element-a851615 elementor-widget elementor-widget-text-editor\" data-id=\"a851615\" data-element_type=\"widget\" data-e-type=\"widget\" data-widget_type=\"text-editor.default\">\n\t\t\t\t\t\t\t\t\t<p>A\u00a0<strong>Ozonioterapia<\/strong>\u00a0\u00e9 uma terapia integrativa que utiliza uma mistura de oxig\u00eanio e oz\u00f4nio medicinal para estimular processos de cura, combater inflama\u00e7\u00f5es e modular o sistema imunol\u00f3gico. O oz\u00f4nio, quando aplicado de forma controlada, tem potente a\u00e7\u00e3o antimicrobiana, antioxidante e regenerativa.<\/p><p>Na medicina da dor e regenerativa, a Ozonioterapia \u00e9 uma aliada no tratamento de diversas condi\u00e7\u00f5es, oferecendo benef\u00edcios com seguran\u00e7a e baixa incid\u00eancia de efeitos colaterais. Pode ser aplicada por diferentes vias, como subcut\u00e2nea, intramuscular, intra-articular, retal ou sist\u00eamica, de acordo com o objetivo terap\u00eautico.<\/p><p>\u00a0<\/p><h2 id=\"h-indicacoes-da-ozonioterapia\" class=\"wp-block-heading\">Indica\u00e7\u00f5es da Ozonioterapia<\/h2><ul class=\"wp-block-list\"><li>H\u00e9rnia de disco e lombalgias<\/li><li>Artrose e inflama\u00e7\u00f5es articulares<\/li><li>Tendinites e bursites<\/li><li>Les\u00f5es musculares e ligamentares<\/li><li>Dor cr\u00f4nica e fibromialgia<\/li><li>Infec\u00e7\u00f5es e feridas de dif\u00edcil cicatriza\u00e7\u00e3o<\/li><li>Doen\u00e7as autoimunes (como artrite reumatoide)<\/li><li>Melhora da resposta imune e do estresse oxidativo<\/li><li>Suporte a tratamentos de sa\u00fade metab\u00f3lica<\/li><\/ul><div>\u00a0<\/div><h2 id=\"h-beneficios-da-ozonioterapia\" class=\"wp-block-heading\">Benef\u00edcios da Ozonioterapia<\/h2><ul class=\"wp-block-list\"><li><strong>A\u00e7\u00e3o anti-inflamat\u00f3ria e analg\u00e9sica:\u00a0<\/strong>Reduz a dor e inflama\u00e7\u00e3o de forma eficaz, sem sobrecarga medicamentosa.<\/li><li><strong>Est\u00edmulo \u00e0 regenera\u00e7\u00e3o tecidual:\u00a0<\/strong>Melhora a oxigena\u00e7\u00e3o e ativa mecanismos naturais de reparo.<\/li><li><strong>Potente efeito antimicrobiano:\u00a0<\/strong>Auxilia no combate a bact\u00e9rias, v\u00edrus e fungos.<\/li><li><strong>Modula\u00e7\u00e3o do sistema imunol\u00f3gico:\u00a0<\/strong>Fortalece e equilibra a imunidade conforme a necessidade cl\u00ednica.<\/li><li><strong>Tratamento minimamente invasivo e seguro:\u00a0<\/strong>Aplica\u00e7\u00f5es r\u00e1pidas, com baixo risco e excelentes resultados.<\/li><li><strong>Complementar a outras terapias regenerativas:\u00a0<\/strong>Potencializa os efeitos de PRP, laser, fisioterapia e outros recursos integrados.<\/li><\/ul><div>\u00a0<\/div><p>Na\u00a0<strong>SanosLife<\/strong>, a Ozonioterapia \u00e9 realizada com rigor t\u00e9cnico e personaliza\u00e7\u00e3o, sendo integrada a planos de tratamento completos e interdisciplinares. Uma ferramenta natural e poderosa no cuidado da dor e na promo\u00e7\u00e3o da sa\u00fade regenerativa.<\/p>\t\t\t\t\t\t\t\t<\/div>\n\t\t\t\t\t<\/div>\n\t\t\t\t<\/div>\n\t\t<div class=\"elementor-element elementor-element-6458a1f e-flex e-con-boxed wpr-particle-no wpr-jarallax-no wpr-parallax-no wpr-sticky-section-no wpr-equal-height-no e-con e-parent\" data-id=\"6458a1f\" data-element_type=\"container\" data-e-type=\"container\">\n\t\t\t\t\t<div class=\"e-con-inner\">\n\t\t\t\t<div class=\"elementor-element elementor-element-48ce192 elementor-align-center elementor-widget elementor-widget-button\" data-id=\"48ce192\" data-element_type=\"widget\" data-e-type=\"widget\" data-widget_type=\"button.default\">\n\t\t\t\t\t\t\t\t\t\t<a class=\"elementor-button elementor-button-link elementor-size-sm\" href=\"https:\/\/api.whatsapp.com\/send\/?phone=5521985635375&#038;text=Ol%C3%A1%21+Estou+vindo+pelo+SITE+e+gostaria+de+informa%C3%A7%C3%B5es.+Pode+me+ajudar%3F\">\n\t\t\t\t\t\t<span class=\"elementor-button-content-wrapper\">\n\t\t\t\t\t\t\t\t\t<span class=\"elementor-button-text\">Marque uma consulta<\/span>\n\t\t\t\t\t<\/span>\n\t\t\t\t\t<\/a>\n\t\t\t\t\t\t\t\t<\/div>\n\t\t\t\t\t<\/div>\n\t\t\t\t<\/div>\n\t\t<div class=\"elementor-element elementor-element-8eeb13c e-flex e-con-boxed wpr-particle-no wpr-jarallax-no wpr-parallax-no wpr-sticky-section-no wpr-equal-height-no e-con e-parent\" data-id=\"8eeb13c\" data-element_type=\"container\" data-e-type=\"container\">\n\t\t\t\t\t<div class=\"e-con-inner\">\n\t\t\t\t<div class=\"elementor-element elementor-element-19e647f elementor-widget-divider--view-line elementor-widget elementor-widget-divider\" data-id=\"19e647f\" data-element_type=\"widget\" data-e-type=\"widget\" data-widget_type=\"divider.default\">\n\t\t\t\t\t\t\t<div class=\"elementor-divider\">\n\t\t\t<span class=\"elementor-divider-separator\">\n\t\t\t\t\t\t<\/span>\n\t\t<\/div>\n\t\t\t\t\t\t<\/div>\n\t\t\t\t\t<\/div>\n\t\t\t\t<\/div>\n\t\t\t\t<\/div>\n\t\t","protected":false},"excerpt":{"rendered":"<p>Home \u00bb Tratamentos \u00bb Terapias f\u00edsicas e biol\u00f3gicas \u00bb Ozonioterapia Ozonioterapia A Ozonioterapia \u00e9 uma terapia integrativa que utiliza uma mistura de oxig\u00eanio e oz\u00f4nio medicinal para estimular processos de cura, combater inflama\u00e7\u00f5es e modular o sistema imunol\u00f3gico. Home \u00bb Tratamentos \u00bb Terapias f\u00edsicas e biol\u00f3gicas \u00bb Ozonioterapia Ozonioterapia A Ozonioterapia \u00e9 uma terapia integrativa que utiliza uma mistura de oxig\u00eanio e oz\u00f4nio medicinal para estimular processos de cura, combater inflama\u00e7\u00f5es e modular o sistema imunol\u00f3gico. A\u00a0Ozonioterapia\u00a0\u00e9 uma terapia integrativa que utiliza uma mistura de oxig\u00eanio e oz\u00f4nio medicinal para estimular processos de cura, combater inflama\u00e7\u00f5es e modular o sistema imunol\u00f3gico. O oz\u00f4nio, quando aplicado de forma controlada, tem potente a\u00e7\u00e3o antimicrobiana, antioxidante e regenerativa. Na medicina da dor e regenerativa, a Ozonioterapia \u00e9 uma aliada no tratamento de diversas condi\u00e7\u00f5es, oferecendo benef\u00edcios com seguran\u00e7a e baixa incid\u00eancia de efeitos colaterais. Pode ser aplicada por diferentes vias, como subcut\u00e2nea, intramuscular, intra-articular, retal ou sist\u00eamica, de acordo com o objetivo terap\u00eautico. \u00a0 Indica\u00e7\u00f5es da Ozonioterapia H\u00e9rnia de disco e lombalgias Artrose e inflama\u00e7\u00f5es articulares Tendinites e bursites Les\u00f5es musculares e ligamentares Dor cr\u00f4nica e fibromialgia Infec\u00e7\u00f5es e feridas de dif\u00edcil cicatriza\u00e7\u00e3o Doen\u00e7as autoimunes (como artrite reumatoide) Melhora da resposta imune e do estresse oxidativo Suporte a tratamentos de sa\u00fade metab\u00f3lica \u00a0 Benef\u00edcios da Ozonioterapia A\u00e7\u00e3o anti-inflamat\u00f3ria e analg\u00e9sica:\u00a0Reduz a dor e inflama\u00e7\u00e3o de forma eficaz, sem sobrecarga medicamentosa. Est\u00edmulo \u00e0 regenera\u00e7\u00e3o tecidual:\u00a0Melhora a oxigena\u00e7\u00e3o e ativa mecanismos naturais de reparo. Potente efeito antimicrobiano:\u00a0Auxilia no combate a bact\u00e9rias, v\u00edrus e fungos. Modula\u00e7\u00e3o do sistema imunol\u00f3gico:\u00a0Fortalece e equilibra a imunidade conforme a necessidade cl\u00ednica. Tratamento minimamente invasivo e seguro:\u00a0Aplica\u00e7\u00f5es r\u00e1pidas, com baixo risco e excelentes resultados. Complementar a outras terapias regenerativas:\u00a0Potencializa os efeitos de PRP, laser, fisioterapia e outros recursos integrados. \u00a0 Na\u00a0SanosLife, a Ozonioterapia \u00e9 realizada com rigor t\u00e9cnico e personaliza\u00e7\u00e3o, sendo integrada a planos de tratamento completos e interdisciplinares. Uma ferramenta natural e poderosa no cuidado da dor e na promo\u00e7\u00e3o da sa\u00fade regenerativa. Marque uma consulta<\/p>\n","protected":false},"author":1,"featured_media":0,"parent":0,"menu_order":0,"comment_status":"closed","ping_status":"closed","template":"elementor_canvas","meta":{"footnotes":""},"class_list":["post-4952","page","type-page","status-publish","hentry"],"aioseo_notices":[],"_links":{"self":[{"href":"https:\/\/cograjau.com.br\/index.php?rest_route=\/wp\/v2\/pages\/4952","targetHints":{"allow":["GET"]}}],"collection":[{"href":"https:\/\/cograjau.com.br\/index.php?rest_route=\/wp\/v2\/pages"}],"about":[{"href":"https:\/\/cograjau.com.br\/index.php?rest_route=\/wp\/v2\/types\/page"}],"author":[{"embeddable":true,"href":"https:\/\/cograjau.com.br\/index.php?rest_route=\/wp\/v2\/users\/1"}],"replies":[{"embeddable":true,"href":"https:\/\/cograjau.com.br\/index.php?rest_route=%2Fwp%2Fv2%2Fcomments&post=4952"}],"version-history":[{"count":6,"href":"https:\/\/cograjau.com.br\/index.php?rest_route=\/wp\/v2\/pages\/4952\/revisions"}],"predecessor-version":[{"id":7989,"href":"https:\/\/cograjau.com.br\/index.php?rest_route=\/wp\/v2\/pages\/4952\/revisions\/7989"}],"wp:attachment":[{"href":"https:\/\/cograjau.com.br\/index.php?rest_route=%2Fwp%2Fv2%2Fmedia&parent=4952"}],"curies":[{"name":"wp","href":"https:\/\/api.w.org\/{rel}","templated":true}]}}