{"id":4876,"date":"2025-11-28T21:04:45","date_gmt":"2025-11-28T21:04:45","guid":{"rendered":"https:\/\/darkorchid-narwhal-360002.hostingersite.com\/?page_id=4876"},"modified":"2026-02-12T12:29:21","modified_gmt":"2026-02-12T12:29:21","slug":"transtornos-comportamentais","status":"publish","type":"page","link":"https:\/\/cograjau.com.br\/?page_id=4876","title":{"rendered":"Transtornos Comportamentais"},"content":{"rendered":"\t\t<div data-elementor-type=\"wp-page\" data-elementor-id=\"4876\" class=\"elementor elementor-4876\">\n\t\t\t\t<div class=\"elementor-element elementor-element-a18edbe elementor-hidden-tablet elementor-hidden-mobile e-flex e-con-boxed wpr-particle-no wpr-jarallax-no wpr-parallax-no wpr-sticky-section-no wpr-equal-height-no e-con e-parent\" data-id=\"a18edbe\" data-element_type=\"container\" data-e-type=\"container\" data-settings=\"{&quot;background_background&quot;:&quot;classic&quot;}\">\n\t\t\t\t\t<div class=\"e-con-inner\">\n\t\t<div class=\"elementor-element elementor-element-b13b86f e-con-full e-flex wpr-particle-no wpr-jarallax-no wpr-parallax-no wpr-sticky-section-no wpr-equal-height-no e-con e-child\" data-id=\"b13b86f\" data-element_type=\"container\" data-e-type=\"container\" data-settings=\"{&quot;background_background&quot;:&quot;classic&quot;}\">\n\t\t\t\t<div class=\"elementor-element elementor-element-09486c3 elementor-widget-divider--view-line elementor-widget elementor-widget-divider\" data-id=\"09486c3\" data-element_type=\"widget\" data-e-type=\"widget\" data-widget_type=\"divider.default\">\n\t\t\t\t\t\t\t<div class=\"elementor-divider\">\n\t\t\t<span class=\"elementor-divider-separator\">\n\t\t\t\t\t\t<\/span>\n\t\t<\/div>\n\t\t\t\t\t\t<\/div>\n\t\t\t\t<div class=\"elementor-element elementor-element-6361d9b elementor-widget elementor-widget-text-editor\" data-id=\"6361d9b\" data-element_type=\"widget\" data-e-type=\"widget\" data-widget_type=\"text-editor.default\">\n\t\t\t\t\t\t\t\t\t<p><a href=\"\/\">Home<\/a> \u00bb <a href=\"\/tratamentos\/\">Tratamentos<\/a> \u00bb <a href=\"\/terapias-complementares\/\">Terapias Complementares<\/a> \u00bb Transtornos Comportamentais<\/p>\t\t\t\t\t\t\t\t<\/div>\n\t\t\t\t<div class=\"elementor-element elementor-element-8696cfd elementor-widget elementor-widget-heading\" data-id=\"8696cfd\" data-element_type=\"widget\" data-e-type=\"widget\" data-widget_type=\"heading.default\">\n\t\t\t\t\t<h2 class=\"elementor-heading-title elementor-size-default\">Transtornos Comportamentais<\/h2>\t\t\t\t<\/div>\n\t\t\t\t<div class=\"elementor-element elementor-element-e6fc700 elementor-widget elementor-widget-text-editor\" data-id=\"e6fc700\" data-element_type=\"widget\" data-e-type=\"widget\" data-widget_type=\"text-editor.default\">\n\t\t\t\t\t\t\t\t\t<p>Os transtornos comportamentais envolvem altera\u00e7\u00f5es persistentes na forma como a pessoa age, reage e se relaciona com o ambiente ao seu redor.<\/p>\t\t\t\t\t\t\t\t<\/div>\n\t\t\t\t<div class=\"elementor-element elementor-element-0a3a6ed elementor-view-default elementor-widget elementor-widget-icon\" data-id=\"0a3a6ed\" data-element_type=\"widget\" data-e-type=\"widget\" data-widget_type=\"icon.default\">\n\t\t\t\t\t\t\t<div class=\"elementor-icon-wrapper\">\n\t\t\t<div class=\"elementor-icon\">\n\t\t\t<svg aria-hidden=\"true\" class=\"e-font-icon-svg e-fas-angle-down\" viewBox=\"0 0 320 512\" xmlns=\"http:\/\/www.w3.org\/2000\/svg\"><path d=\"M143 352.3L7 216.3c-9.4-9.4-9.4-24.6 0-33.9l22.6-22.6c9.4-9.4 24.6-9.4 33.9 0l96.4 96.4 96.4-96.4c9.4-9.4 24.6-9.4 33.9 0l22.6 22.6c9.4 9.4 9.4 24.6 0 33.9l-136 136c-9.2 9.4-24.4 9.4-33.8 0z\"><\/path><\/svg>\t\t\t<\/div>\n\t\t<\/div>\n\t\t\t\t\t\t<\/div>\n\t\t\t\t<div class=\"elementor-element elementor-element-e39afc1 elementor-widget-divider--view-line elementor-widget elementor-widget-divider\" data-id=\"e39afc1\" data-element_type=\"widget\" data-e-type=\"widget\" data-widget_type=\"divider.default\">\n\t\t\t\t\t\t\t<div class=\"elementor-divider\">\n\t\t\t<span class=\"elementor-divider-separator\">\n\t\t\t\t\t\t<\/span>\n\t\t<\/div>\n\t\t\t\t\t\t<\/div>\n\t\t\t\t<\/div>\n\t\t\t\t\t<\/div>\n\t\t\t\t<\/div>\n\t\t<div class=\"elementor-element elementor-element-5871b73 elementor-hidden-desktop e-flex e-con-boxed wpr-particle-no wpr-jarallax-no wpr-parallax-no wpr-sticky-section-no wpr-equal-height-no e-con e-parent\" data-id=\"5871b73\" data-element_type=\"container\" data-e-type=\"container\" data-settings=\"{&quot;background_background&quot;:&quot;classic&quot;}\">\n\t\t\t\t\t<div class=\"e-con-inner\">\n\t\t<div class=\"elementor-element elementor-element-bf23b16 e-con-full e-flex wpr-particle-no wpr-jarallax-no wpr-parallax-no wpr-sticky-section-no wpr-equal-height-no e-con e-child\" data-id=\"bf23b16\" data-element_type=\"container\" data-e-type=\"container\" data-settings=\"{&quot;background_background&quot;:&quot;classic&quot;}\">\n\t\t\t\t<div class=\"elementor-element elementor-element-50d4456 elementor-widget-divider--view-line elementor-widget elementor-widget-divider\" data-id=\"50d4456\" data-element_type=\"widget\" data-e-type=\"widget\" data-widget_type=\"divider.default\">\n\t\t\t\t\t\t\t<div class=\"elementor-divider\">\n\t\t\t<span class=\"elementor-divider-separator\">\n\t\t\t\t\t\t<\/span>\n\t\t<\/div>\n\t\t\t\t\t\t<\/div>\n\t\t\t\t<div class=\"elementor-element elementor-element-e62e981 elementor-widget elementor-widget-text-editor\" data-id=\"e62e981\" data-element_type=\"widget\" data-e-type=\"widget\" data-widget_type=\"text-editor.default\">\n\t\t\t\t\t\t\t\t\t<p><a href=\"\/\">Home<\/a> \u00bb <a href=\"\/tratamentos\/\">Tratamentos<\/a> \u00bb <a href=\"\/terapias-complementares\/\">Terapias Complementares<\/a> \u00bb Transtornos Comportamentais<\/p>\t\t\t\t\t\t\t\t<\/div>\n\t\t\t\t<div class=\"elementor-element elementor-element-833f306 elementor-widget elementor-widget-heading\" data-id=\"833f306\" data-element_type=\"widget\" data-e-type=\"widget\" data-widget_type=\"heading.default\">\n\t\t\t\t\t<h2 class=\"elementor-heading-title elementor-size-default\">Transtornos Comportamentais<\/h2>\t\t\t\t<\/div>\n\t\t\t\t<div class=\"elementor-element elementor-element-dfc8e57 elementor-widget elementor-widget-text-editor\" data-id=\"dfc8e57\" data-element_type=\"widget\" data-e-type=\"widget\" data-widget_type=\"text-editor.default\">\n\t\t\t\t\t\t\t\t\t<p>Os transtornos comportamentais envolvem altera\u00e7\u00f5es persistentes na forma como a pessoa age, reage e se relaciona com o ambiente ao seu redor.<\/p>\t\t\t\t\t\t\t\t<\/div>\n\t\t\t\t<div class=\"elementor-element elementor-element-1f4dfa8 elementor-view-default elementor-widget elementor-widget-icon\" data-id=\"1f4dfa8\" data-element_type=\"widget\" data-e-type=\"widget\" data-widget_type=\"icon.default\">\n\t\t\t\t\t\t\t<div class=\"elementor-icon-wrapper\">\n\t\t\t<div class=\"elementor-icon\">\n\t\t\t<svg aria-hidden=\"true\" class=\"e-font-icon-svg e-fas-angle-down\" viewBox=\"0 0 320 512\" xmlns=\"http:\/\/www.w3.org\/2000\/svg\"><path d=\"M143 352.3L7 216.3c-9.4-9.4-9.4-24.6 0-33.9l22.6-22.6c9.4-9.4 24.6-9.4 33.9 0l96.4 96.4 96.4-96.4c9.4-9.4 24.6-9.4 33.9 0l22.6 22.6c9.4 9.4 9.4 24.6 0 33.9l-136 136c-9.2 9.4-24.4 9.4-33.8 0z\"><\/path><\/svg>\t\t\t<\/div>\n\t\t<\/div>\n\t\t\t\t\t\t<\/div>\n\t\t\t\t<div class=\"elementor-element elementor-element-7e09937 elementor-widget-divider--view-line elementor-widget elementor-widget-divider\" data-id=\"7e09937\" data-element_type=\"widget\" data-e-type=\"widget\" data-widget_type=\"divider.default\">\n\t\t\t\t\t\t\t<div class=\"elementor-divider\">\n\t\t\t<span class=\"elementor-divider-separator\">\n\t\t\t\t\t\t<\/span>\n\t\t<\/div>\n\t\t\t\t\t\t<\/div>\n\t\t\t\t<\/div>\n\t\t\t\t\t<\/div>\n\t\t\t\t<\/div>\n\t\t<div class=\"elementor-element elementor-element-130f26e e-flex e-con-boxed wpr-particle-no wpr-jarallax-no wpr-parallax-no wpr-sticky-section-no wpr-equal-height-no e-con e-parent\" data-id=\"130f26e\" data-element_type=\"container\" data-e-type=\"container\">\n\t\t\t\t\t<div class=\"e-con-inner\">\n\t\t\t\t<div class=\"elementor-element elementor-element-6a83ffe elementor-widget-divider--view-line elementor-widget elementor-widget-divider\" data-id=\"6a83ffe\" data-element_type=\"widget\" data-e-type=\"widget\" data-widget_type=\"divider.default\">\n\t\t\t\t\t\t\t<div class=\"elementor-divider\">\n\t\t\t<span class=\"elementor-divider-separator\">\n\t\t\t\t\t\t<\/span>\n\t\t<\/div>\n\t\t\t\t\t\t<\/div>\n\t\t\t\t<div class=\"elementor-element elementor-element-a851615 elementor-widget elementor-widget-text-editor\" data-id=\"a851615\" data-element_type=\"widget\" data-e-type=\"widget\" data-widget_type=\"text-editor.default\">\n\t\t\t\t\t\t\t\t\t<p>Essas altera\u00e7\u00f5es v\u00e3o al\u00e9m de fases passageiras ou tra\u00e7os de personalidade \u2014 elas afetam diretamente a rotina, os v\u00ednculos sociais, o desempenho profissional e o bem-estar emocional.<\/p><p>Esses transtornos podem se manifestar na inf\u00e2ncia, adolesc\u00eancia ou idade adulta, com sinais como impulsividade, agressividade, isolamento social, descontrole emocional, dificuldades com regras ou desaten\u00e7\u00e3o.<\/p><p>Na\u00a0<strong>SanosLife<\/strong>, tratamos os transtornos comportamentais com escuta ativa, cuidado interdisciplinar e planos terap\u00eauticos individualizados, respeitando a hist\u00f3ria e o momento de cada paciente.<\/p><p>\u00a0<\/p><h2 id=\"h-exemplos-de-transtornos-comportamentais\" class=\"wp-block-heading\">Exemplos de Transtornos Comportamentais<\/h2><ul class=\"wp-block-list\"><li>Transtorno de D\u00e9ficit de Aten\u00e7\u00e3o com Hiperatividade (TDAH)<\/li><li>Transtorno Opositivo Desafiador (TOD)<\/li><li>Transtornos de conduta<\/li><li>Transtornos do controle de impulsos<\/li><li>Comportamentos compulsivos (ex.: compras, alimenta\u00e7\u00e3o, uso de telas)<\/li><li>Comportamentos autolesivos<\/li><li>Transtornos do espectro obsessivo-compulsivo (TOC)<\/li><li>Transtornos comportamentais associados \u00e0 ansiedade, depress\u00e3o ou depend\u00eancia emocional<\/li><\/ul><div>\u00a0<\/div><h2 id=\"h-como-podemos-ajudar\" class=\"wp-block-heading\">Como podemos ajudar<\/h2><p>A abordagem da Sanos para transtornos comportamentais \u00e9 interdisciplinar e pode incluir:<\/p><ul class=\"wp-block-list\"><li><strong>Psicoterapia (como a Terapia Cognitivo-Comportamental)<\/strong><\/li><li><strong>Acompanhamento m\u00e9dico e psiqui\u00e1trico<\/strong>, quando necess\u00e1rio<\/li><li><strong>Orienta\u00e7\u00e3o nutricional e suporte ao equil\u00edbrio neuroqu\u00edmico<\/strong><\/li><li><strong>Terapias f\u00edsicas complementares<\/strong>, como ILIB e fotobiomodula\u00e7\u00e3o, que auxiliam no controle da ansiedade, ins\u00f4nia e agita\u00e7\u00e3o<\/li><li><strong>Atividades terap\u00eauticas e educa\u00e7\u00e3o emocional<\/strong>\u00a0para crian\u00e7as, adolescentes e adultos<\/li><li><strong>Apoio familiar<\/strong>, orienta\u00e7\u00e3o parental e rodas de escuta<\/li><\/ul><div>\u00a0<\/div><h2 id=\"h-beneficios-do-tratamento\" class=\"wp-block-heading\">Benef\u00edcios do tratamento<\/h2><ul class=\"wp-block-list\"><li>Melhora do controle emocional e da impulsividade<\/li><li>Aumento da autoestima e da autonomia<\/li><li>Fortalecimento dos v\u00ednculos sociais e familiares<\/li><li>Melhora na qualidade do sono, concentra\u00e7\u00e3o e disposi\u00e7\u00e3o<\/li><li>Redu\u00e7\u00e3o de comportamentos autodestrutivos ou desadaptativos<\/li><li>Desenvolvimento de habilidades para lidar com desafios do cotidiano<\/li><\/ul><p><strong>Todo comportamento tem uma hist\u00f3ria.<\/strong>\u00a0E aqui na\u00a0<strong>SanosLife<\/strong>, acolhemos o que est\u00e1 por tr\u00e1s das atitudes, com cuidado, empatia e recursos que promovem transforma\u00e7\u00e3o real e sustent\u00e1vel.<\/p>\t\t\t\t\t\t\t\t<\/div>\n\t\t\t\t\t<\/div>\n\t\t\t\t<\/div>\n\t\t<div class=\"elementor-element elementor-element-4bf5e22 e-flex e-con-boxed wpr-particle-no wpr-jarallax-no wpr-parallax-no wpr-sticky-section-no wpr-equal-height-no e-con e-parent\" data-id=\"4bf5e22\" data-element_type=\"container\" data-e-type=\"container\">\n\t\t\t\t\t<div class=\"e-con-inner\">\n\t\t\t\t<div class=\"elementor-element elementor-element-594e8b6 elementor-align-center elementor-widget elementor-widget-button\" data-id=\"594e8b6\" data-element_type=\"widget\" data-e-type=\"widget\" data-widget_type=\"button.default\">\n\t\t\t\t\t\t\t\t\t\t<a class=\"elementor-button elementor-button-link elementor-size-sm\" href=\"https:\/\/api.whatsapp.com\/send\/?phone=5521985635375&#038;text=Ol%C3%A1%21+Estou+vindo+pelo+SITE+e+gostaria+de+informa%C3%A7%C3%B5es.+Pode+me+ajudar%3F\">\n\t\t\t\t\t\t<span class=\"elementor-button-content-wrapper\">\n\t\t\t\t\t\t\t\t\t<span class=\"elementor-button-text\">Marque uma consulta<\/span>\n\t\t\t\t\t<\/span>\n\t\t\t\t\t<\/a>\n\t\t\t\t\t\t\t\t<\/div>\n\t\t\t\t\t<\/div>\n\t\t\t\t<\/div>\n\t\t<div class=\"elementor-element elementor-element-8eeb13c e-flex e-con-boxed wpr-particle-no wpr-jarallax-no wpr-parallax-no wpr-sticky-section-no wpr-equal-height-no e-con e-parent\" data-id=\"8eeb13c\" data-element_type=\"container\" data-e-type=\"container\">\n\t\t\t\t\t<div class=\"e-con-inner\">\n\t\t\t\t<div class=\"elementor-element elementor-element-19e647f elementor-widget-divider--view-line elementor-widget elementor-widget-divider\" data-id=\"19e647f\" data-element_type=\"widget\" data-e-type=\"widget\" data-widget_type=\"divider.default\">\n\t\t\t\t\t\t\t<div class=\"elementor-divider\">\n\t\t\t<span class=\"elementor-divider-separator\">\n\t\t\t\t\t\t<\/span>\n\t\t<\/div>\n\t\t\t\t\t\t<\/div>\n\t\t\t\t\t<\/div>\n\t\t\t\t<\/div>\n\t\t\t\t<\/div>\n\t\t","protected":false},"excerpt":{"rendered":"<p>Home \u00bb Tratamentos \u00bb Terapias Complementares \u00bb Transtornos Comportamentais Transtornos Comportamentais Os transtornos comportamentais envolvem altera\u00e7\u00f5es persistentes na forma como a pessoa age, reage e se relaciona com o ambiente ao seu redor. Home \u00bb Tratamentos \u00bb Terapias Complementares \u00bb Transtornos Comportamentais Transtornos Comportamentais Os transtornos comportamentais envolvem altera\u00e7\u00f5es persistentes na forma como a pessoa age, reage e se relaciona com o ambiente ao seu redor. Essas altera\u00e7\u00f5es v\u00e3o al\u00e9m de fases passageiras ou tra\u00e7os de personalidade \u2014 elas afetam diretamente a rotina, os v\u00ednculos sociais, o desempenho profissional e o bem-estar emocional. Esses transtornos podem se manifestar na inf\u00e2ncia, adolesc\u00eancia ou idade adulta, com sinais como impulsividade, agressividade, isolamento social, descontrole emocional, dificuldades com regras ou desaten\u00e7\u00e3o. Na\u00a0SanosLife, tratamos os transtornos comportamentais com escuta ativa, cuidado interdisciplinar e planos terap\u00eauticos individualizados, respeitando a hist\u00f3ria e o momento de cada paciente. \u00a0 Exemplos de Transtornos Comportamentais Transtorno de D\u00e9ficit de Aten\u00e7\u00e3o com Hiperatividade (TDAH) Transtorno Opositivo Desafiador (TOD) Transtornos de conduta Transtornos do controle de impulsos Comportamentos compulsivos (ex.: compras, alimenta\u00e7\u00e3o, uso de telas) Comportamentos autolesivos Transtornos do espectro obsessivo-compulsivo (TOC) Transtornos comportamentais associados \u00e0 ansiedade, depress\u00e3o ou depend\u00eancia emocional \u00a0 Como podemos ajudar A abordagem da Sanos para transtornos comportamentais \u00e9 interdisciplinar e pode incluir: Psicoterapia (como a Terapia Cognitivo-Comportamental) Acompanhamento m\u00e9dico e psiqui\u00e1trico, quando necess\u00e1rio Orienta\u00e7\u00e3o nutricional e suporte ao equil\u00edbrio neuroqu\u00edmico Terapias f\u00edsicas complementares, como ILIB e fotobiomodula\u00e7\u00e3o, que auxiliam no controle da ansiedade, ins\u00f4nia e agita\u00e7\u00e3o Atividades terap\u00eauticas e educa\u00e7\u00e3o emocional\u00a0para crian\u00e7as, adolescentes e adultos Apoio familiar, orienta\u00e7\u00e3o parental e rodas de escuta \u00a0 Benef\u00edcios do tratamento Melhora do controle emocional e da impulsividade Aumento da autoestima e da autonomia Fortalecimento dos v\u00ednculos sociais e familiares Melhora na qualidade do sono, concentra\u00e7\u00e3o e disposi\u00e7\u00e3o Redu\u00e7\u00e3o de comportamentos autodestrutivos ou desadaptativos Desenvolvimento de habilidades para lidar com desafios do cotidiano Todo comportamento tem uma hist\u00f3ria.\u00a0E aqui na\u00a0SanosLife, acolhemos o que est\u00e1 por tr\u00e1s das atitudes, com cuidado, empatia e recursos que promovem transforma\u00e7\u00e3o real e sustent\u00e1vel. Marque uma consulta<\/p>\n","protected":false},"author":1,"featured_media":0,"parent":0,"menu_order":0,"comment_status":"closed","ping_status":"closed","template":"elementor_canvas","meta":{"footnotes":""},"class_list":["post-4876","page","type-page","status-publish","hentry"],"aioseo_notices":[],"_links":{"self":[{"href":"https:\/\/cograjau.com.br\/index.php?rest_route=\/wp\/v2\/pages\/4876","targetHints":{"allow":["GET"]}}],"collection":[{"href":"https:\/\/cograjau.com.br\/index.php?rest_route=\/wp\/v2\/pages"}],"about":[{"href":"https:\/\/cograjau.com.br\/index.php?rest_route=\/wp\/v2\/types\/page"}],"author":[{"embeddable":true,"href":"https:\/\/cograjau.com.br\/index.php?rest_route=\/wp\/v2\/users\/1"}],"replies":[{"embeddable":true,"href":"https:\/\/cograjau.com.br\/index.php?rest_route=%2Fwp%2Fv2%2Fcomments&post=4876"}],"version-history":[{"count":6,"href":"https:\/\/cograjau.com.br\/index.php?rest_route=\/wp\/v2\/pages\/4876\/revisions"}],"predecessor-version":[{"id":7903,"href":"https:\/\/cograjau.com.br\/index.php?rest_route=\/wp\/v2\/pages\/4876\/revisions\/7903"}],"wp:attachment":[{"href":"https:\/\/cograjau.com.br\/index.php?rest_route=%2Fwp%2Fv2%2Fmedia&parent=4876"}],"curies":[{"name":"wp","href":"https:\/\/api.w.org\/{rel}","templated":true}]}}