{"id":4736,"date":"2025-11-28T18:43:30","date_gmt":"2025-11-28T18:43:30","guid":{"rendered":"https:\/\/darkorchid-narwhal-360002.hostingersite.com\/?page_id=4736"},"modified":"2026-02-12T12:34:58","modified_gmt":"2026-02-12T12:34:58","slug":"bioimpedanciometria","status":"publish","type":"page","link":"https:\/\/cograjau.com.br\/?page_id=4736","title":{"rendered":"Bioimpedanciometria"},"content":{"rendered":"\t\t<div data-elementor-type=\"wp-page\" data-elementor-id=\"4736\" class=\"elementor elementor-4736\">\n\t\t\t\t<div class=\"elementor-element elementor-element-93575c4 elementor-hidden-tablet elementor-hidden-mobile e-flex e-con-boxed wpr-particle-no wpr-jarallax-no wpr-parallax-no wpr-sticky-section-no wpr-equal-height-no e-con e-parent\" data-id=\"93575c4\" data-element_type=\"container\" data-e-type=\"container\" data-settings=\"{&quot;background_background&quot;:&quot;classic&quot;}\">\n\t\t\t\t\t<div class=\"e-con-inner\">\n\t\t<div class=\"elementor-element elementor-element-f568cdf e-con-full e-flex wpr-particle-no wpr-jarallax-no wpr-parallax-no wpr-sticky-section-no wpr-equal-height-no e-con e-child\" data-id=\"f568cdf\" data-element_type=\"container\" data-e-type=\"container\" data-settings=\"{&quot;background_background&quot;:&quot;classic&quot;}\">\n\t\t\t\t<div class=\"elementor-element elementor-element-bb1617b elementor-widget-divider--view-line elementor-widget elementor-widget-divider\" data-id=\"bb1617b\" data-element_type=\"widget\" data-e-type=\"widget\" data-widget_type=\"divider.default\">\n\t\t\t\t\t\t\t<div class=\"elementor-divider\">\n\t\t\t<span class=\"elementor-divider-separator\">\n\t\t\t\t\t\t<\/span>\n\t\t<\/div>\n\t\t\t\t\t\t<\/div>\n\t\t\t\t<div class=\"elementor-element elementor-element-11217cb elementor-widget elementor-widget-text-editor\" data-id=\"11217cb\" data-element_type=\"widget\" data-e-type=\"widget\" data-widget_type=\"text-editor.default\">\n\t\t\t\t\t\t\t\t\t<p><a href=\"\/\">Home<\/a> \u00bb <a href=\"\/tratamentos\/\">Tratamentos<\/a> \u00bb <a href=\"\/terapias-complementares\/\">Terapias Complementares<\/a> \u00bb Bioimpedanciometria<\/p>\t\t\t\t\t\t\t\t<\/div>\n\t\t\t\t<div class=\"elementor-element elementor-element-6c2f238 elementor-widget elementor-widget-heading\" data-id=\"6c2f238\" data-element_type=\"widget\" data-e-type=\"widget\" data-widget_type=\"heading.default\">\n\t\t\t\t\t<h2 class=\"elementor-heading-title elementor-size-default\">Bioimpedanciometria<\/h2>\t\t\t\t<\/div>\n\t\t\t\t<div class=\"elementor-element elementor-element-7b48f20 elementor-widget elementor-widget-text-editor\" data-id=\"7b48f20\" data-element_type=\"widget\" data-e-type=\"widget\" data-widget_type=\"text-editor.default\">\n\t\t\t\t\t\t\t\t\t<p>A bioimpedanciometria \u00e9 um exame simples, r\u00e1pido e n\u00e3o invasivo que avalia a composi\u00e7\u00e3o corporal com precis\u00e3o.<\/p>\t\t\t\t\t\t\t\t<\/div>\n\t\t\t\t<div class=\"elementor-element elementor-element-8bb1c13 elementor-view-default elementor-widget elementor-widget-icon\" data-id=\"8bb1c13\" data-element_type=\"widget\" data-e-type=\"widget\" data-widget_type=\"icon.default\">\n\t\t\t\t\t\t\t<div class=\"elementor-icon-wrapper\">\n\t\t\t<div class=\"elementor-icon\">\n\t\t\t<svg aria-hidden=\"true\" class=\"e-font-icon-svg e-fas-angle-down\" viewBox=\"0 0 320 512\" xmlns=\"http:\/\/www.w3.org\/2000\/svg\"><path d=\"M143 352.3L7 216.3c-9.4-9.4-9.4-24.6 0-33.9l22.6-22.6c9.4-9.4 24.6-9.4 33.9 0l96.4 96.4 96.4-96.4c9.4-9.4 24.6-9.4 33.9 0l22.6 22.6c9.4 9.4 9.4 24.6 0 33.9l-136 136c-9.2 9.4-24.4 9.4-33.8 0z\"><\/path><\/svg>\t\t\t<\/div>\n\t\t<\/div>\n\t\t\t\t\t\t<\/div>\n\t\t\t\t<div class=\"elementor-element elementor-element-60c6e12 elementor-widget-divider--view-line elementor-widget elementor-widget-divider\" data-id=\"60c6e12\" data-element_type=\"widget\" data-e-type=\"widget\" data-widget_type=\"divider.default\">\n\t\t\t\t\t\t\t<div class=\"elementor-divider\">\n\t\t\t<span class=\"elementor-divider-separator\">\n\t\t\t\t\t\t<\/span>\n\t\t<\/div>\n\t\t\t\t\t\t<\/div>\n\t\t\t\t<\/div>\n\t\t\t\t\t<\/div>\n\t\t\t\t<\/div>\n\t\t<div class=\"elementor-element elementor-element-dc88708 elementor-hidden-desktop e-flex e-con-boxed wpr-particle-no wpr-jarallax-no wpr-parallax-no wpr-sticky-section-no wpr-equal-height-no e-con e-parent\" data-id=\"dc88708\" data-element_type=\"container\" data-e-type=\"container\" data-settings=\"{&quot;background_background&quot;:&quot;classic&quot;}\">\n\t\t\t\t\t<div class=\"e-con-inner\">\n\t\t<div class=\"elementor-element elementor-element-fe60280 e-con-full e-flex wpr-particle-no wpr-jarallax-no wpr-parallax-no wpr-sticky-section-no wpr-equal-height-no e-con e-child\" data-id=\"fe60280\" data-element_type=\"container\" data-e-type=\"container\" data-settings=\"{&quot;background_background&quot;:&quot;classic&quot;}\">\n\t\t\t\t<div class=\"elementor-element elementor-element-78a6c0b elementor-widget-divider--view-line elementor-widget elementor-widget-divider\" data-id=\"78a6c0b\" data-element_type=\"widget\" data-e-type=\"widget\" data-widget_type=\"divider.default\">\n\t\t\t\t\t\t\t<div class=\"elementor-divider\">\n\t\t\t<span class=\"elementor-divider-separator\">\n\t\t\t\t\t\t<\/span>\n\t\t<\/div>\n\t\t\t\t\t\t<\/div>\n\t\t\t\t<div class=\"elementor-element elementor-element-1f3fcb3 elementor-widget elementor-widget-text-editor\" data-id=\"1f3fcb3\" data-element_type=\"widget\" data-e-type=\"widget\" data-widget_type=\"text-editor.default\">\n\t\t\t\t\t\t\t\t\t<p><a href=\"\/\">Home<\/a> \u00bb <a href=\"\/tratamentos\/\">Tratamentos<\/a> \u00bb <a href=\"\/terapias-complementares\/\">Terapias Complementares<\/a> \u00bb Bioimpedanciometria<\/p>\t\t\t\t\t\t\t\t<\/div>\n\t\t\t\t<div class=\"elementor-element elementor-element-b6bcfba elementor-widget elementor-widget-heading\" data-id=\"b6bcfba\" data-element_type=\"widget\" data-e-type=\"widget\" data-widget_type=\"heading.default\">\n\t\t\t\t\t<h2 class=\"elementor-heading-title elementor-size-default\">Bioimpedanciometria<\/h2>\t\t\t\t<\/div>\n\t\t\t\t<div class=\"elementor-element elementor-element-14f8477 elementor-widget elementor-widget-text-editor\" data-id=\"14f8477\" data-element_type=\"widget\" data-e-type=\"widget\" data-widget_type=\"text-editor.default\">\n\t\t\t\t\t\t\t\t\t<p>A bioimpedanciometria \u00e9 um exame simples, r\u00e1pido e n\u00e3o invasivo que avalia a composi\u00e7\u00e3o corporal com precis\u00e3o.<\/p>\t\t\t\t\t\t\t\t<\/div>\n\t\t\t\t<div class=\"elementor-element elementor-element-a0263a0 elementor-view-default elementor-widget elementor-widget-icon\" data-id=\"a0263a0\" data-element_type=\"widget\" data-e-type=\"widget\" data-widget_type=\"icon.default\">\n\t\t\t\t\t\t\t<div class=\"elementor-icon-wrapper\">\n\t\t\t<div class=\"elementor-icon\">\n\t\t\t<svg aria-hidden=\"true\" class=\"e-font-icon-svg e-fas-angle-down\" viewBox=\"0 0 320 512\" xmlns=\"http:\/\/www.w3.org\/2000\/svg\"><path d=\"M143 352.3L7 216.3c-9.4-9.4-9.4-24.6 0-33.9l22.6-22.6c9.4-9.4 24.6-9.4 33.9 0l96.4 96.4 96.4-96.4c9.4-9.4 24.6-9.4 33.9 0l22.6 22.6c9.4 9.4 9.4 24.6 0 33.9l-136 136c-9.2 9.4-24.4 9.4-33.8 0z\"><\/path><\/svg>\t\t\t<\/div>\n\t\t<\/div>\n\t\t\t\t\t\t<\/div>\n\t\t\t\t<div class=\"elementor-element elementor-element-d3089ac elementor-widget-divider--view-line elementor-widget elementor-widget-divider\" data-id=\"d3089ac\" data-element_type=\"widget\" data-e-type=\"widget\" data-widget_type=\"divider.default\">\n\t\t\t\t\t\t\t<div class=\"elementor-divider\">\n\t\t\t<span class=\"elementor-divider-separator\">\n\t\t\t\t\t\t<\/span>\n\t\t<\/div>\n\t\t\t\t\t\t<\/div>\n\t\t\t\t<\/div>\n\t\t\t\t\t<\/div>\n\t\t\t\t<\/div>\n\t\t<div class=\"elementor-element elementor-element-f478cc3 e-flex e-con-boxed wpr-particle-no wpr-jarallax-no wpr-parallax-no wpr-sticky-section-no wpr-equal-height-no e-con e-parent\" data-id=\"f478cc3\" data-element_type=\"container\" data-e-type=\"container\">\n\t\t\t\t\t<div class=\"e-con-inner\">\n\t\t\t\t<div class=\"elementor-element elementor-element-4fb4091 elementor-widget-divider--view-line elementor-widget elementor-widget-divider\" data-id=\"4fb4091\" data-element_type=\"widget\" data-e-type=\"widget\" data-widget_type=\"divider.default\">\n\t\t\t\t\t\t\t<div class=\"elementor-divider\">\n\t\t\t<span class=\"elementor-divider-separator\">\n\t\t\t\t\t\t<\/span>\n\t\t<\/div>\n\t\t\t\t\t\t<\/div>\n\t\t\t\t\t<\/div>\n\t\t\t\t<\/div>\n\t\t<div class=\"elementor-element elementor-element-130f26e e-flex e-con-boxed wpr-particle-no wpr-jarallax-no wpr-parallax-no wpr-sticky-section-no wpr-equal-height-no e-con e-parent\" data-id=\"130f26e\" data-element_type=\"container\" data-e-type=\"container\">\n\t\t\t\t\t<div class=\"e-con-inner\">\n\t\t\t\t<div class=\"elementor-element elementor-element-a851615 elementor-widget elementor-widget-text-editor\" data-id=\"a851615\" data-element_type=\"widget\" data-e-type=\"widget\" data-widget_type=\"text-editor.default\">\n\t\t\t\t\t\t\t\t\t<div class=\"wp-block-columns are-vertically-aligned-center is-layout-flex wp-container-core-columns-is-layout-28f84493 wp-block-columns-is-layout-flex\"><div class=\"wp-block-column is-vertically-aligned-center is-layout-flow wp-container-core-column-is-layout-f5bb311e wp-block-column-is-layout-flow\"><p>Por meio de uma corrente el\u00e9trica de baixa intensidade, o equipamento mede a resist\u00eancia e a rea\u00e7\u00e3o dos tecidos corporais, fornecendo dados importantes sobre:<\/p><ul class=\"wp-block-list\"><li>Percentual de gordura corporal<\/li><li>Massa muscular<\/li><li>Massa \u00f3ssea<\/li><li>N\u00edvel de hidrata\u00e7\u00e3o<\/li><li>Taxa metab\u00f3lica basal<\/li><li>Distribui\u00e7\u00e3o da gordura (visceral e subcut\u00e2nea)<\/li><\/ul><p>Essas informa\u00e7\u00f5es s\u00e3o essenciais para acompanhar a evolu\u00e7\u00e3o de tratamentos, identificar desequil\u00edbrios e ajustar estrat\u00e9gias personalizadas de sa\u00fade e bem-estar.<\/p><p>\u00a0<\/p><\/div><\/div><h2 id=\"h-para-que-serve-a-bioimpedanciometria\" class=\"wp-block-heading\">Para que serve a bioimpedanciometria?<\/h2><p>A avalia\u00e7\u00e3o por bioimped\u00e2ncia \u00e9 indicada para:<\/p><ul class=\"wp-block-list\"><li>Monitoramento em processos de emagrecimento ou ganho de massa muscular<\/li><li>Acompanhamento de tratamentos metab\u00f3licos, hormonais e nutricionais<\/li><li>Avalia\u00e7\u00e3o funcional em pacientes com dor cr\u00f4nica, fadiga, inflama\u00e7\u00f5es ou dist\u00farbios autoimunes<\/li><li>Planejamento de atividade f\u00edsica segura e eficaz<\/li><li>Preven\u00e7\u00e3o de perda de massa magra (em idosos, p\u00f3s-cir\u00fargicos, etc.)<\/li><li>Avalia\u00e7\u00e3o do estado de hidrata\u00e7\u00e3o e suporte \u00e0 performance esportiva<\/li><\/ul><div>\u00a0<\/div><h2 id=\"h-beneficios-da-bioimpedanciometria\" class=\"wp-block-heading\">Benef\u00edcios da bioimpedanciometria<\/h2><ul class=\"wp-block-list\"><li><strong>Exame r\u00e1pido e indolor:\u00a0<\/strong>Feito em poucos minutos, sem necessidade de preparo invasivo.<\/li><li><strong>Alta precis\u00e3o e detalhamento:<\/strong>\u00a0Resultados confi\u00e1veis para acompanhamento cl\u00ednico e terap\u00eautico.<\/li><li><strong>Base para decis\u00f5es personalizadas:\u00a0<\/strong>Permite que m\u00e9dicos, nutricionistas e educadores f\u00edsicos atuem de forma integrada e individualizada.<\/li><li><strong>Monitoramento de resultados reais:\u00a0<\/strong>Mais que peso na balan\u00e7a: revela o que est\u00e1 mudando no seu corpo internamente.<\/li><\/ul><p>Na\u00a0<strong>SanosLife<\/strong>, a\u00a0<strong>bioimpedanciometria<\/strong>\u00a0faz parte dos protocolos de avalia\u00e7\u00e3o global de sa\u00fade e \u00e9 utilizada em conjunto com outras ferramentas para tra\u00e7ar estrat\u00e9gias\u00a0<strong>personalizadas, seguras e eficazes<\/strong>.<\/p>\t\t\t\t\t\t\t\t<\/div>\n\t\t\t\t\t<\/div>\n\t\t\t\t<\/div>\n\t\t<div class=\"elementor-element elementor-element-f08b098 e-flex e-con-boxed wpr-particle-no wpr-jarallax-no wpr-parallax-no wpr-sticky-section-no wpr-equal-height-no e-con e-parent\" data-id=\"f08b098\" data-element_type=\"container\" data-e-type=\"container\">\n\t\t\t\t\t<div class=\"e-con-inner\">\n\t\t\t\t<div class=\"elementor-element elementor-element-a678d4b elementor-align-center elementor-widget elementor-widget-button\" data-id=\"a678d4b\" data-element_type=\"widget\" data-e-type=\"widget\" data-widget_type=\"button.default\">\n\t\t\t\t\t\t\t\t\t\t<a class=\"elementor-button elementor-button-link elementor-size-sm\" href=\"https:\/\/api.whatsapp.com\/send\/?phone=5521985635375&#038;text=Ol%C3%A1%21+Estou+vindo+pelo+SITE+e+gostaria+de+informa%C3%A7%C3%B5es.+Pode+me+ajudar%3F\">\n\t\t\t\t\t\t<span class=\"elementor-button-content-wrapper\">\n\t\t\t\t\t\t\t\t\t<span class=\"elementor-button-text\">Marque uma consulta<\/span>\n\t\t\t\t\t<\/span>\n\t\t\t\t\t<\/a>\n\t\t\t\t\t\t\t\t<\/div>\n\t\t\t\t\t<\/div>\n\t\t\t\t<\/div>\n\t\t<div class=\"elementor-element elementor-element-8eeb13c e-flex e-con-boxed wpr-particle-no wpr-jarallax-no wpr-parallax-no wpr-sticky-section-no wpr-equal-height-no e-con e-parent\" data-id=\"8eeb13c\" data-element_type=\"container\" data-e-type=\"container\">\n\t\t\t\t\t<div class=\"e-con-inner\">\n\t\t\t\t<div class=\"elementor-element elementor-element-19e647f elementor-widget-divider--view-line elementor-widget elementor-widget-divider\" data-id=\"19e647f\" data-element_type=\"widget\" data-e-type=\"widget\" data-widget_type=\"divider.default\">\n\t\t\t\t\t\t\t<div class=\"elementor-divider\">\n\t\t\t<span class=\"elementor-divider-separator\">\n\t\t\t\t\t\t<\/span>\n\t\t<\/div>\n\t\t\t\t\t\t<\/div>\n\t\t\t\t\t<\/div>\n\t\t\t\t<\/div>\n\t\t\t\t<\/div>\n\t\t","protected":false},"excerpt":{"rendered":"<p>Home \u00bb Tratamentos \u00bb Terapias Complementares \u00bb Bioimpedanciometria Bioimpedanciometria A bioimpedanciometria \u00e9 um exame simples, r\u00e1pido e n\u00e3o invasivo que avalia a composi\u00e7\u00e3o corporal com precis\u00e3o. Home \u00bb Tratamentos \u00bb Terapias Complementares \u00bb Bioimpedanciometria Bioimpedanciometria A bioimpedanciometria \u00e9 um exame simples, r\u00e1pido e n\u00e3o invasivo que avalia a composi\u00e7\u00e3o corporal com precis\u00e3o. Por meio de uma corrente el\u00e9trica de baixa intensidade, o equipamento mede a resist\u00eancia e a rea\u00e7\u00e3o dos tecidos corporais, fornecendo dados importantes sobre: Percentual de gordura corporal Massa muscular Massa \u00f3ssea N\u00edvel de hidrata\u00e7\u00e3o Taxa metab\u00f3lica basal Distribui\u00e7\u00e3o da gordura (visceral e subcut\u00e2nea) Essas informa\u00e7\u00f5es s\u00e3o essenciais para acompanhar a evolu\u00e7\u00e3o de tratamentos, identificar desequil\u00edbrios e ajustar estrat\u00e9gias personalizadas de sa\u00fade e bem-estar. \u00a0 Para que serve a bioimpedanciometria? A avalia\u00e7\u00e3o por bioimped\u00e2ncia \u00e9 indicada para: Monitoramento em processos de emagrecimento ou ganho de massa muscular Acompanhamento de tratamentos metab\u00f3licos, hormonais e nutricionais Avalia\u00e7\u00e3o funcional em pacientes com dor cr\u00f4nica, fadiga, inflama\u00e7\u00f5es ou dist\u00farbios autoimunes Planejamento de atividade f\u00edsica segura e eficaz Preven\u00e7\u00e3o de perda de massa magra (em idosos, p\u00f3s-cir\u00fargicos, etc.) Avalia\u00e7\u00e3o do estado de hidrata\u00e7\u00e3o e suporte \u00e0 performance esportiva \u00a0 Benef\u00edcios da bioimpedanciometria Exame r\u00e1pido e indolor:\u00a0Feito em poucos minutos, sem necessidade de preparo invasivo. Alta precis\u00e3o e detalhamento:\u00a0Resultados confi\u00e1veis para acompanhamento cl\u00ednico e terap\u00eautico. Base para decis\u00f5es personalizadas:\u00a0Permite que m\u00e9dicos, nutricionistas e educadores f\u00edsicos atuem de forma integrada e individualizada. Monitoramento de resultados reais:\u00a0Mais que peso na balan\u00e7a: revela o que est\u00e1 mudando no seu corpo internamente. Na\u00a0SanosLife, a\u00a0bioimpedanciometria\u00a0faz parte dos protocolos de avalia\u00e7\u00e3o global de sa\u00fade e \u00e9 utilizada em conjunto com outras ferramentas para tra\u00e7ar estrat\u00e9gias\u00a0personalizadas, seguras e eficazes. Marque uma consulta<\/p>\n","protected":false},"author":1,"featured_media":0,"parent":0,"menu_order":0,"comment_status":"closed","ping_status":"closed","template":"elementor_canvas","meta":{"footnotes":""},"class_list":["post-4736","page","type-page","status-publish","hentry"],"aioseo_notices":[],"_links":{"self":[{"href":"https:\/\/cograjau.com.br\/index.php?rest_route=\/wp\/v2\/pages\/4736","targetHints":{"allow":["GET"]}}],"collection":[{"href":"https:\/\/cograjau.com.br\/index.php?rest_route=\/wp\/v2\/pages"}],"about":[{"href":"https:\/\/cograjau.com.br\/index.php?rest_route=\/wp\/v2\/types\/page"}],"author":[{"embeddable":true,"href":"https:\/\/cograjau.com.br\/index.php?rest_route=\/wp\/v2\/users\/1"}],"replies":[{"embeddable":true,"href":"https:\/\/cograjau.com.br\/index.php?rest_route=%2Fwp%2Fv2%2Fcomments&post=4736"}],"version-history":[{"count":6,"href":"https:\/\/cograjau.com.br\/index.php?rest_route=\/wp\/v2\/pages\/4736\/revisions"}],"predecessor-version":[{"id":7921,"href":"https:\/\/cograjau.com.br\/index.php?rest_route=\/wp\/v2\/pages\/4736\/revisions\/7921"}],"wp:attachment":[{"href":"https:\/\/cograjau.com.br\/index.php?rest_route=%2Fwp%2Fv2%2Fmedia&parent=4736"}],"curies":[{"name":"wp","href":"https:\/\/api.w.org\/{rel}","templated":true}]}}