{"id":4718,"date":"2025-11-28T18:30:04","date_gmt":"2025-11-28T18:30:04","guid":{"rendered":"https:\/\/darkorchid-narwhal-360002.hostingersite.com\/?page_id=4718"},"modified":"2026-02-12T12:44:07","modified_gmt":"2026-02-12T12:44:07","slug":"ansiedade-e-depressao","status":"publish","type":"page","link":"https:\/\/cograjau.com.br\/?page_id=4718","title":{"rendered":"Ansiedade e Depress\u00e3o"},"content":{"rendered":"\t\t<div data-elementor-type=\"wp-page\" data-elementor-id=\"4718\" class=\"elementor elementor-4718\">\n\t\t\t\t<div class=\"elementor-element elementor-element-04e86cc elementor-hidden-tablet elementor-hidden-mobile e-flex e-con-boxed wpr-particle-no wpr-jarallax-no wpr-parallax-no wpr-sticky-section-no wpr-equal-height-no e-con e-parent\" data-id=\"04e86cc\" data-element_type=\"container\" data-e-type=\"container\" data-settings=\"{&quot;background_background&quot;:&quot;classic&quot;}\">\n\t\t\t\t\t<div class=\"e-con-inner\">\n\t\t<div class=\"elementor-element elementor-element-5c9d481 e-con-full e-flex wpr-particle-no wpr-jarallax-no wpr-parallax-no wpr-sticky-section-no wpr-equal-height-no e-con e-child\" data-id=\"5c9d481\" data-element_type=\"container\" data-e-type=\"container\" data-settings=\"{&quot;background_background&quot;:&quot;classic&quot;}\">\n\t\t\t\t<div class=\"elementor-element elementor-element-d543211 elementor-widget-divider--view-line elementor-widget elementor-widget-divider\" data-id=\"d543211\" data-element_type=\"widget\" data-e-type=\"widget\" data-widget_type=\"divider.default\">\n\t\t\t\t\t\t\t<div class=\"elementor-divider\">\n\t\t\t<span class=\"elementor-divider-separator\">\n\t\t\t\t\t\t<\/span>\n\t\t<\/div>\n\t\t\t\t\t\t<\/div>\n\t\t\t\t<div class=\"elementor-element elementor-element-37af0d7 elementor-widget elementor-widget-text-editor\" data-id=\"37af0d7\" data-element_type=\"widget\" data-e-type=\"widget\" data-widget_type=\"text-editor.default\">\n\t\t\t\t\t\t\t\t\t<p><a href=\"\/\">Home<\/a> \u00bb <a href=\"\/tratamentos\/\">Tratamentos<\/a> \u00bb <a href=\"\/terapias-complementares\/\">Terapias Complementares<\/a> \u00bb Ansiedade e Depress\u00e3o<\/p>\t\t\t\t\t\t\t\t<\/div>\n\t\t\t\t<div class=\"elementor-element elementor-element-b4aaf2a elementor-widget elementor-widget-heading\" data-id=\"b4aaf2a\" data-element_type=\"widget\" data-e-type=\"widget\" data-widget_type=\"heading.default\">\n\t\t\t\t\t<h2 class=\"elementor-heading-title elementor-size-default\">Ansiedade e Depress\u00e3o<\/h2>\t\t\t\t<\/div>\n\t\t\t\t<div class=\"elementor-element elementor-element-e9b3f0d elementor-widget elementor-widget-text-editor\" data-id=\"e9b3f0d\" data-element_type=\"widget\" data-e-type=\"widget\" data-widget_type=\"text-editor.default\">\n\t\t\t\t\t\t\t\t\t<p>Ansiedade e depress\u00e3o s\u00e3o duas das condi\u00e7\u00f5es emocionais mais comuns da atualidade \u2014 e tamb\u00e9m das que mais impactam a qualidade de vida, as rela\u00e7\u00f5es pessoais e a sa\u00fade f\u00edsica.<\/p>\t\t\t\t\t\t\t\t<\/div>\n\t\t\t\t<div class=\"elementor-element elementor-element-fe485e0 elementor-view-default elementor-widget elementor-widget-icon\" data-id=\"fe485e0\" data-element_type=\"widget\" data-e-type=\"widget\" data-widget_type=\"icon.default\">\n\t\t\t\t\t\t\t<div class=\"elementor-icon-wrapper\">\n\t\t\t<div class=\"elementor-icon\">\n\t\t\t<svg aria-hidden=\"true\" class=\"e-font-icon-svg e-fas-angle-down\" viewBox=\"0 0 320 512\" xmlns=\"http:\/\/www.w3.org\/2000\/svg\"><path d=\"M143 352.3L7 216.3c-9.4-9.4-9.4-24.6 0-33.9l22.6-22.6c9.4-9.4 24.6-9.4 33.9 0l96.4 96.4 96.4-96.4c9.4-9.4 24.6-9.4 33.9 0l22.6 22.6c9.4 9.4 9.4 24.6 0 33.9l-136 136c-9.2 9.4-24.4 9.4-33.8 0z\"><\/path><\/svg>\t\t\t<\/div>\n\t\t<\/div>\n\t\t\t\t\t\t<\/div>\n\t\t\t\t<div class=\"elementor-element elementor-element-5931400 elementor-widget-divider--view-line elementor-widget elementor-widget-divider\" data-id=\"5931400\" data-element_type=\"widget\" data-e-type=\"widget\" data-widget_type=\"divider.default\">\n\t\t\t\t\t\t\t<div class=\"elementor-divider\">\n\t\t\t<span class=\"elementor-divider-separator\">\n\t\t\t\t\t\t<\/span>\n\t\t<\/div>\n\t\t\t\t\t\t<\/div>\n\t\t\t\t<\/div>\n\t\t\t\t\t<\/div>\n\t\t\t\t<\/div>\n\t\t<div class=\"elementor-element elementor-element-22d8ae5 elementor-hidden-desktop e-flex e-con-boxed wpr-particle-no wpr-jarallax-no wpr-parallax-no wpr-sticky-section-no wpr-equal-height-no e-con e-parent\" data-id=\"22d8ae5\" data-element_type=\"container\" data-e-type=\"container\" data-settings=\"{&quot;background_background&quot;:&quot;classic&quot;}\">\n\t\t\t\t\t<div class=\"e-con-inner\">\n\t\t<div class=\"elementor-element elementor-element-9497102 e-con-full e-flex wpr-particle-no wpr-jarallax-no wpr-parallax-no wpr-sticky-section-no wpr-equal-height-no e-con e-child\" data-id=\"9497102\" data-element_type=\"container\" data-e-type=\"container\" data-settings=\"{&quot;background_background&quot;:&quot;classic&quot;}\">\n\t\t\t\t<div class=\"elementor-element elementor-element-08aead7 elementor-widget-divider--view-line elementor-widget elementor-widget-divider\" data-id=\"08aead7\" data-element_type=\"widget\" data-e-type=\"widget\" data-widget_type=\"divider.default\">\n\t\t\t\t\t\t\t<div class=\"elementor-divider\">\n\t\t\t<span class=\"elementor-divider-separator\">\n\t\t\t\t\t\t<\/span>\n\t\t<\/div>\n\t\t\t\t\t\t<\/div>\n\t\t\t\t<div class=\"elementor-element elementor-element-f6eba2d elementor-widget elementor-widget-text-editor\" data-id=\"f6eba2d\" data-element_type=\"widget\" data-e-type=\"widget\" data-widget_type=\"text-editor.default\">\n\t\t\t\t\t\t\t\t\t<p><a href=\"\/\">Home<\/a> \u00bb <a href=\"\/tratamentos\/\">Tratamentos<\/a> \u00bb <a href=\"\/terapias-complementares\/\">Terapias Complementares<\/a> \u00bb Ansiedade e Depress\u00e3o<\/p>\t\t\t\t\t\t\t\t<\/div>\n\t\t\t\t<div class=\"elementor-element elementor-element-aafcb0a elementor-widget elementor-widget-heading\" data-id=\"aafcb0a\" data-element_type=\"widget\" data-e-type=\"widget\" data-widget_type=\"heading.default\">\n\t\t\t\t\t<h2 class=\"elementor-heading-title elementor-size-default\">Ansiedade e Depress\u00e3o<\/h2>\t\t\t\t<\/div>\n\t\t\t\t<div class=\"elementor-element elementor-element-04096cb elementor-widget elementor-widget-text-editor\" data-id=\"04096cb\" data-element_type=\"widget\" data-e-type=\"widget\" data-widget_type=\"text-editor.default\">\n\t\t\t\t\t\t\t\t\t<p>Ansiedade e depress\u00e3o s\u00e3o duas das condi\u00e7\u00f5es emocionais mais comuns da atualidade \u2014 e tamb\u00e9m das que mais impactam a qualidade de vida, as rela\u00e7\u00f5es pessoais e a sa\u00fade f\u00edsica.<\/p>\t\t\t\t\t\t\t\t<\/div>\n\t\t\t\t<div class=\"elementor-element elementor-element-fc45aea elementor-view-default elementor-widget elementor-widget-icon\" data-id=\"fc45aea\" data-element_type=\"widget\" data-e-type=\"widget\" data-widget_type=\"icon.default\">\n\t\t\t\t\t\t\t<div class=\"elementor-icon-wrapper\">\n\t\t\t<div class=\"elementor-icon\">\n\t\t\t<svg aria-hidden=\"true\" class=\"e-font-icon-svg e-fas-angle-down\" viewBox=\"0 0 320 512\" xmlns=\"http:\/\/www.w3.org\/2000\/svg\"><path d=\"M143 352.3L7 216.3c-9.4-9.4-9.4-24.6 0-33.9l22.6-22.6c9.4-9.4 24.6-9.4 33.9 0l96.4 96.4 96.4-96.4c9.4-9.4 24.6-9.4 33.9 0l22.6 22.6c9.4 9.4 9.4 24.6 0 33.9l-136 136c-9.2 9.4-24.4 9.4-33.8 0z\"><\/path><\/svg>\t\t\t<\/div>\n\t\t<\/div>\n\t\t\t\t\t\t<\/div>\n\t\t\t\t<div class=\"elementor-element elementor-element-03523df elementor-widget-divider--view-line elementor-widget elementor-widget-divider\" data-id=\"03523df\" data-element_type=\"widget\" data-e-type=\"widget\" data-widget_type=\"divider.default\">\n\t\t\t\t\t\t\t<div class=\"elementor-divider\">\n\t\t\t<span class=\"elementor-divider-separator\">\n\t\t\t\t\t\t<\/span>\n\t\t<\/div>\n\t\t\t\t\t\t<\/div>\n\t\t\t\t<\/div>\n\t\t\t\t\t<\/div>\n\t\t\t\t<\/div>\n\t\t<div class=\"elementor-element elementor-element-130f26e e-flex e-con-boxed wpr-particle-no wpr-jarallax-no wpr-parallax-no wpr-sticky-section-no wpr-equal-height-no e-con e-parent\" data-id=\"130f26e\" data-element_type=\"container\" data-e-type=\"container\">\n\t\t\t\t\t<div class=\"e-con-inner\">\n\t\t\t\t<div class=\"elementor-element elementor-element-6a83ffe elementor-widget-divider--view-line elementor-widget elementor-widget-divider\" data-id=\"6a83ffe\" data-element_type=\"widget\" data-e-type=\"widget\" data-widget_type=\"divider.default\">\n\t\t\t\t\t\t\t<div class=\"elementor-divider\">\n\t\t\t<span class=\"elementor-divider-separator\">\n\t\t\t\t\t\t<\/span>\n\t\t<\/div>\n\t\t\t\t\t\t<\/div>\n\t\t\t\t<div class=\"elementor-element elementor-element-a851615 elementor-widget elementor-widget-text-editor\" data-id=\"a851615\" data-element_type=\"widget\" data-e-type=\"widget\" data-widget_type=\"text-editor.default\">\n\t\t\t\t\t\t\t\t\t<p>Elas podem surgir de forma isolada ou coexistirem, criando um ciclo de pensamentos negativos, cansa\u00e7o persistente, altera\u00e7\u00f5es de humor e sensa\u00e7\u00e3o de perda de controle sobre a pr\u00f3pria vida.<\/p><p>Na\u00a0<strong>SanosLife<\/strong>, reconhecemos que esses estados n\u00e3o s\u00e3o sinais de fraqueza, mas sim condi\u00e7\u00f5es reais, que precisam de acolhimento, diagn\u00f3stico correto e acompanhamento especializado.<\/p><p>\u00a0<\/p><h2 id=\"h-quando-se-preocupar\" class=\"wp-block-heading\">Quando se preocupar?<\/h2><p>Voc\u00ea pode estar enfrentando um quadro de ansiedade ou depress\u00e3o se apresentar sintomas como:<\/p><h3 id=\"h-ansiedade\" class=\"wp-block-heading\">Ansiedade:<\/h3><ul class=\"wp-block-list\"><li>Preocupa\u00e7\u00f5es excessivas e persistentes<\/li><li>Irritabilidade e sensa\u00e7\u00e3o constante de alerta<\/li><li>Dificuldade de concentra\u00e7\u00e3o<\/li><li>Tens\u00e3o muscular, dores no peito ou falta de ar<\/li><li>Ins\u00f4nia ou sono agitado<\/li><\/ul><h3 id=\"h-depressao\" class=\"wp-block-heading\">Depress\u00e3o:<\/h3><ul class=\"wp-block-list\"><li>Tristeza profunda e duradoura<\/li><li>Falta de energia e motiva\u00e7\u00e3o<\/li><li>Perda de interesse em atividades antes prazerosas<\/li><li>Altera\u00e7\u00f5es no apetite e no sono<\/li><li>Sentimentos de culpa, inutilidade ou desesperan\u00e7a<\/li><\/ul><p><strong>Abordagem Integrativa na SanosLife<\/strong><\/p><p>Nossa equipe oferece uma abordagem\u00a0<strong>interdisciplinar<\/strong>, que considera a sa\u00fade mental como parte essencial da sa\u00fade integral. O tratamento pode incluir:<\/p><ul class=\"wp-block-list\"><li><strong>Psicoterapia (Terapia Cognitivo-Comportamental)<\/strong><\/li><li><strong>Suporte m\u00e9dico especializado<\/strong>\u00a0para diagn\u00f3stico e acompanhamento<\/li><li><strong>Terapias regenerativas e moduladoras<\/strong>\u00a0(como ILIB, fotobiomodula\u00e7\u00e3o e soroterapia com ativos neuroprotetores e anti-inflamat\u00f3rios)<\/li><li><strong>Atividade f\u00edsica orientada<\/strong>\u00a0com foco em libera\u00e7\u00e3o de endorfinas e regula\u00e7\u00e3o do sono<\/li><li><strong>Nutri\u00e7\u00e3o funcional e apoio com nutrac\u00eauticos<\/strong>, quando necess\u00e1rio<\/li><li><strong>T\u00e9cnicas de respira\u00e7\u00e3o, relaxamento e regula\u00e7\u00e3o emocional<\/strong><\/li><\/ul><div><b>\u00a0<\/b><\/div><h2 id=\"h-o-que-oferecemos-a-quem-convive-com-ansiedade-ou-depressao\" class=\"wp-block-heading\">O que oferecemos a quem convive com ansiedade ou depress\u00e3o:<\/h2><ul class=\"wp-block-list\"><li>Um ambiente seguro, acolhedor e sem julgamentos<\/li><li>Olhar humano, integrativo e baseado em evid\u00eancias<\/li><li>Planos de cuidado personalizados e em constante evolu\u00e7\u00e3o<\/li><li>Suporte para retomar o equil\u00edbrio emocional, o foco e a vitalidade<\/li><\/ul><p><strong>Cuidar da mente \u00e9 tamb\u00e9m cuidar do corpo.<\/strong>\u00a0Na SanosLife, estamos prontos para caminhar ao seu lado, com empatia, escuta ativa e os melhores recursos da sa\u00fade integrativa.<\/p>\t\t\t\t\t\t\t\t<\/div>\n\t\t\t\t\t<\/div>\n\t\t\t\t<\/div>\n\t\t<div class=\"elementor-element elementor-element-3717f40 e-flex e-con-boxed wpr-particle-no wpr-jarallax-no wpr-parallax-no wpr-sticky-section-no wpr-equal-height-no e-con e-parent\" data-id=\"3717f40\" data-element_type=\"container\" data-e-type=\"container\">\n\t\t\t\t\t<div class=\"e-con-inner\">\n\t\t\t\t<div class=\"elementor-element elementor-element-da130a0 elementor-align-center elementor-widget elementor-widget-button\" data-id=\"da130a0\" data-element_type=\"widget\" data-e-type=\"widget\" data-widget_type=\"button.default\">\n\t\t\t\t\t\t\t\t\t\t<a class=\"elementor-button elementor-button-link elementor-size-sm\" href=\"https:\/\/api.whatsapp.com\/send\/?phone=5521985635375&#038;text=Ol%C3%A1%21+Estou+vindo+pelo+SITE+e+gostaria+de+informa%C3%A7%C3%B5es.+Pode+me+ajudar%3F\">\n\t\t\t\t\t\t<span class=\"elementor-button-content-wrapper\">\n\t\t\t\t\t\t\t\t\t<span class=\"elementor-button-text\">Marque uma consulta<\/span>\n\t\t\t\t\t<\/span>\n\t\t\t\t\t<\/a>\n\t\t\t\t\t\t\t\t<\/div>\n\t\t\t\t\t<\/div>\n\t\t\t\t<\/div>\n\t\t<div class=\"elementor-element elementor-element-8eeb13c e-flex e-con-boxed wpr-particle-no wpr-jarallax-no wpr-parallax-no wpr-sticky-section-no wpr-equal-height-no e-con e-parent\" data-id=\"8eeb13c\" data-element_type=\"container\" data-e-type=\"container\">\n\t\t\t\t\t<div class=\"e-con-inner\">\n\t\t\t\t<div class=\"elementor-element elementor-element-19e647f elementor-widget-divider--view-line elementor-widget elementor-widget-divider\" data-id=\"19e647f\" data-element_type=\"widget\" data-e-type=\"widget\" data-widget_type=\"divider.default\">\n\t\t\t\t\t\t\t<div class=\"elementor-divider\">\n\t\t\t<span class=\"elementor-divider-separator\">\n\t\t\t\t\t\t<\/span>\n\t\t<\/div>\n\t\t\t\t\t\t<\/div>\n\t\t\t\t\t<\/div>\n\t\t\t\t<\/div>\n\t\t\t\t<\/div>\n\t\t","protected":false},"excerpt":{"rendered":"<p>Home \u00bb Tratamentos \u00bb Terapias Complementares \u00bb Ansiedade e Depress\u00e3o Ansiedade e Depress\u00e3o Ansiedade e depress\u00e3o s\u00e3o duas das condi\u00e7\u00f5es emocionais mais comuns da atualidade \u2014 e tamb\u00e9m das que mais impactam a qualidade de vida, as rela\u00e7\u00f5es pessoais e a sa\u00fade f\u00edsica. Home \u00bb Tratamentos \u00bb Terapias Complementares \u00bb Ansiedade e Depress\u00e3o Ansiedade e Depress\u00e3o Ansiedade e depress\u00e3o s\u00e3o duas das condi\u00e7\u00f5es emocionais mais comuns da atualidade \u2014 e tamb\u00e9m das que mais impactam a qualidade de vida, as rela\u00e7\u00f5es pessoais e a sa\u00fade f\u00edsica. Elas podem surgir de forma isolada ou coexistirem, criando um ciclo de pensamentos negativos, cansa\u00e7o persistente, altera\u00e7\u00f5es de humor e sensa\u00e7\u00e3o de perda de controle sobre a pr\u00f3pria vida. Na\u00a0SanosLife, reconhecemos que esses estados n\u00e3o s\u00e3o sinais de fraqueza, mas sim condi\u00e7\u00f5es reais, que precisam de acolhimento, diagn\u00f3stico correto e acompanhamento especializado. \u00a0 Quando se preocupar? Voc\u00ea pode estar enfrentando um quadro de ansiedade ou depress\u00e3o se apresentar sintomas como: Ansiedade: Preocupa\u00e7\u00f5es excessivas e persistentes Irritabilidade e sensa\u00e7\u00e3o constante de alerta Dificuldade de concentra\u00e7\u00e3o Tens\u00e3o muscular, dores no peito ou falta de ar Ins\u00f4nia ou sono agitado Depress\u00e3o: Tristeza profunda e duradoura Falta de energia e motiva\u00e7\u00e3o Perda de interesse em atividades antes prazerosas Altera\u00e7\u00f5es no apetite e no sono Sentimentos de culpa, inutilidade ou desesperan\u00e7a Abordagem Integrativa na SanosLife Nossa equipe oferece uma abordagem\u00a0interdisciplinar, que considera a sa\u00fade mental como parte essencial da sa\u00fade integral. O tratamento pode incluir: Psicoterapia (Terapia Cognitivo-Comportamental) Suporte m\u00e9dico especializado\u00a0para diagn\u00f3stico e acompanhamento Terapias regenerativas e moduladoras\u00a0(como ILIB, fotobiomodula\u00e7\u00e3o e soroterapia com ativos neuroprotetores e anti-inflamat\u00f3rios) Atividade f\u00edsica orientada\u00a0com foco em libera\u00e7\u00e3o de endorfinas e regula\u00e7\u00e3o do sono Nutri\u00e7\u00e3o funcional e apoio com nutrac\u00eauticos, quando necess\u00e1rio T\u00e9cnicas de respira\u00e7\u00e3o, relaxamento e regula\u00e7\u00e3o emocional \u00a0 O que oferecemos a quem convive com ansiedade ou depress\u00e3o: Um ambiente seguro, acolhedor e sem julgamentos Olhar humano, integrativo e baseado em evid\u00eancias Planos de cuidado personalizados e em constante evolu\u00e7\u00e3o Suporte para retomar o equil\u00edbrio emocional, o foco e a vitalidade Cuidar da mente \u00e9 tamb\u00e9m cuidar do corpo.\u00a0Na SanosLife, estamos prontos para caminhar ao seu lado, com empatia, escuta ativa e os melhores recursos da sa\u00fade integrativa. Marque uma consulta<\/p>\n","protected":false},"author":1,"featured_media":0,"parent":0,"menu_order":0,"comment_status":"closed","ping_status":"closed","template":"elementor_canvas","meta":{"footnotes":""},"class_list":["post-4718","page","type-page","status-publish","hentry"],"aioseo_notices":[],"_links":{"self":[{"href":"https:\/\/cograjau.com.br\/index.php?rest_route=\/wp\/v2\/pages\/4718","targetHints":{"allow":["GET"]}}],"collection":[{"href":"https:\/\/cograjau.com.br\/index.php?rest_route=\/wp\/v2\/pages"}],"about":[{"href":"https:\/\/cograjau.com.br\/index.php?rest_route=\/wp\/v2\/types\/page"}],"author":[{"embeddable":true,"href":"https:\/\/cograjau.com.br\/index.php?rest_route=\/wp\/v2\/users\/1"}],"replies":[{"embeddable":true,"href":"https:\/\/cograjau.com.br\/index.php?rest_route=%2Fwp%2Fv2%2Fcomments&post=4718"}],"version-history":[{"count":6,"href":"https:\/\/cograjau.com.br\/index.php?rest_route=\/wp\/v2\/pages\/4718\/revisions"}],"predecessor-version":[{"id":7951,"href":"https:\/\/cograjau.com.br\/index.php?rest_route=\/wp\/v2\/pages\/4718\/revisions\/7951"}],"wp:attachment":[{"href":"https:\/\/cograjau.com.br\/index.php?rest_route=%2Fwp%2Fv2%2Fmedia&parent=4718"}],"curies":[{"name":"wp","href":"https:\/\/api.w.org\/{rel}","templated":true}]}}