{"id":4332,"date":"2025-11-28T13:18:51","date_gmt":"2025-11-28T13:18:51","guid":{"rendered":"https:\/\/darkorchid-narwhal-360002.hostingersite.com\/?page_id=4332"},"modified":"2026-02-11T14:33:17","modified_gmt":"2026-02-11T14:33:17","slug":"eletroterapia","status":"publish","type":"page","link":"https:\/\/cograjau.com.br\/?page_id=4332","title":{"rendered":"Eletroterapia"},"content":{"rendered":"\t\t<div data-elementor-type=\"wp-page\" data-elementor-id=\"4332\" class=\"elementor elementor-4332\">\n\t\t\t\t<div class=\"elementor-element elementor-element-4fad3f9 elementor-hidden-tablet elementor-hidden-mobile e-flex e-con-boxed wpr-particle-no wpr-jarallax-no wpr-parallax-no wpr-sticky-section-no wpr-equal-height-no e-con e-parent\" data-id=\"4fad3f9\" data-element_type=\"container\" data-e-type=\"container\" data-settings=\"{&quot;background_background&quot;:&quot;classic&quot;}\">\n\t\t\t\t\t<div class=\"e-con-inner\">\n\t\t<div class=\"elementor-element elementor-element-556d6da e-con-full e-flex wpr-particle-no wpr-jarallax-no wpr-parallax-no wpr-sticky-section-no wpr-equal-height-no e-con e-child\" data-id=\"556d6da\" data-element_type=\"container\" data-e-type=\"container\" data-settings=\"{&quot;background_background&quot;:&quot;classic&quot;}\">\n\t\t\t\t<div class=\"elementor-element elementor-element-d85b0f8 elementor-widget-divider--view-line elementor-widget elementor-widget-divider\" data-id=\"d85b0f8\" data-element_type=\"widget\" data-e-type=\"widget\" data-widget_type=\"divider.default\">\n\t\t\t\t\t\t\t<div class=\"elementor-divider\">\n\t\t\t<span class=\"elementor-divider-separator\">\n\t\t\t\t\t\t<\/span>\n\t\t<\/div>\n\t\t\t\t\t\t<\/div>\n\t\t\t\t<div class=\"elementor-element elementor-element-f7dbdaf elementor-widget elementor-widget-text-editor\" data-id=\"f7dbdaf\" data-element_type=\"widget\" data-e-type=\"widget\" data-widget_type=\"text-editor.default\">\n\t\t\t\t\t\t\t\t\t<p><a href=\"\/\">Home<\/a> \u00bb <a href=\"\/tratamentos\/\">Tratamentos<\/a> \u00bb <a href=\"\/terapias-regenerativas\/\">Fisioterapia e Reabilita\u00e7\u00e3o<\/a> \u00bb Eletroterapia<\/p>\t\t\t\t\t\t\t\t<\/div>\n\t\t\t\t<div class=\"elementor-element elementor-element-3170743 elementor-widget elementor-widget-heading\" data-id=\"3170743\" data-element_type=\"widget\" data-e-type=\"widget\" data-widget_type=\"heading.default\">\n\t\t\t\t\t<h2 class=\"elementor-heading-title elementor-size-default\">Eletroterapia<\/h2>\t\t\t\t<\/div>\n\t\t\t\t<div class=\"elementor-element elementor-element-1abe2fb elementor-widget elementor-widget-text-editor\" data-id=\"1abe2fb\" data-element_type=\"widget\" data-e-type=\"widget\" data-widget_type=\"text-editor.default\">\n\t\t\t\t\t\t\t\t\t<p>Tecnologia aplicada \u00e0 recupera\u00e7\u00e3o da dor, for\u00e7a e movimento.<\/p>\t\t\t\t\t\t\t\t<\/div>\n\t\t\t\t<div class=\"elementor-element elementor-element-26b7c61 elementor-view-default elementor-widget elementor-widget-icon\" data-id=\"26b7c61\" data-element_type=\"widget\" data-e-type=\"widget\" data-widget_type=\"icon.default\">\n\t\t\t\t\t\t\t<div class=\"elementor-icon-wrapper\">\n\t\t\t<div class=\"elementor-icon\">\n\t\t\t<svg aria-hidden=\"true\" class=\"e-font-icon-svg e-fas-angle-down\" viewBox=\"0 0 320 512\" xmlns=\"http:\/\/www.w3.org\/2000\/svg\"><path d=\"M143 352.3L7 216.3c-9.4-9.4-9.4-24.6 0-33.9l22.6-22.6c9.4-9.4 24.6-9.4 33.9 0l96.4 96.4 96.4-96.4c9.4-9.4 24.6-9.4 33.9 0l22.6 22.6c9.4 9.4 9.4 24.6 0 33.9l-136 136c-9.2 9.4-24.4 9.4-33.8 0z\"><\/path><\/svg>\t\t\t<\/div>\n\t\t<\/div>\n\t\t\t\t\t\t<\/div>\n\t\t\t\t<div class=\"elementor-element elementor-element-50328ed elementor-widget-divider--view-line elementor-widget elementor-widget-divider\" data-id=\"50328ed\" data-element_type=\"widget\" data-e-type=\"widget\" data-widget_type=\"divider.default\">\n\t\t\t\t\t\t\t<div class=\"elementor-divider\">\n\t\t\t<span class=\"elementor-divider-separator\">\n\t\t\t\t\t\t<\/span>\n\t\t<\/div>\n\t\t\t\t\t\t<\/div>\n\t\t\t\t<\/div>\n\t\t\t\t\t<\/div>\n\t\t\t\t<\/div>\n\t\t<div class=\"elementor-element elementor-element-77dfdf2 elementor-hidden-desktop e-flex e-con-boxed wpr-particle-no wpr-jarallax-no wpr-parallax-no wpr-sticky-section-no wpr-equal-height-no e-con e-parent\" data-id=\"77dfdf2\" data-element_type=\"container\" data-e-type=\"container\" data-settings=\"{&quot;background_background&quot;:&quot;classic&quot;}\">\n\t\t\t\t\t<div class=\"e-con-inner\">\n\t\t<div class=\"elementor-element elementor-element-8184015 e-con-full e-flex wpr-particle-no wpr-jarallax-no wpr-parallax-no wpr-sticky-section-no wpr-equal-height-no e-con e-child\" data-id=\"8184015\" data-element_type=\"container\" data-e-type=\"container\" data-settings=\"{&quot;background_background&quot;:&quot;classic&quot;}\">\n\t\t\t\t<div class=\"elementor-element elementor-element-1717d1c elementor-widget-divider--view-line elementor-widget elementor-widget-divider\" data-id=\"1717d1c\" data-element_type=\"widget\" data-e-type=\"widget\" data-widget_type=\"divider.default\">\n\t\t\t\t\t\t\t<div class=\"elementor-divider\">\n\t\t\t<span class=\"elementor-divider-separator\">\n\t\t\t\t\t\t<\/span>\n\t\t<\/div>\n\t\t\t\t\t\t<\/div>\n\t\t\t\t<div class=\"elementor-element elementor-element-27acb96 elementor-widget elementor-widget-text-editor\" data-id=\"27acb96\" data-element_type=\"widget\" data-e-type=\"widget\" data-widget_type=\"text-editor.default\">\n\t\t\t\t\t\t\t\t\t<p><a href=\"\/\">Home<\/a> \u00bb <a href=\"\/tratamentos\/\">Tratamentos<\/a> \u00bb <a href=\"\/terapias-regenerativas\/\">Fisioterapia e Reabilita\u00e7\u00e3o<\/a> \u00bb Eletroterapia<\/p>\t\t\t\t\t\t\t\t<\/div>\n\t\t\t\t<div class=\"elementor-element elementor-element-4b818cf elementor-widget elementor-widget-heading\" data-id=\"4b818cf\" data-element_type=\"widget\" data-e-type=\"widget\" data-widget_type=\"heading.default\">\n\t\t\t\t\t<h2 class=\"elementor-heading-title elementor-size-default\">Eletroterapia<\/h2>\t\t\t\t<\/div>\n\t\t\t\t<div class=\"elementor-element elementor-element-3a7008a elementor-widget elementor-widget-text-editor\" data-id=\"3a7008a\" data-element_type=\"widget\" data-e-type=\"widget\" data-widget_type=\"text-editor.default\">\n\t\t\t\t\t\t\t\t\t<p>Tecnologia aplicada \u00e0 recupera\u00e7\u00e3o da dor, for\u00e7a e movimento.<\/p>\t\t\t\t\t\t\t\t<\/div>\n\t\t\t\t<div class=\"elementor-element elementor-element-a3c3a1a elementor-view-default elementor-widget elementor-widget-icon\" data-id=\"a3c3a1a\" data-element_type=\"widget\" data-e-type=\"widget\" data-widget_type=\"icon.default\">\n\t\t\t\t\t\t\t<div class=\"elementor-icon-wrapper\">\n\t\t\t<div class=\"elementor-icon\">\n\t\t\t<svg aria-hidden=\"true\" class=\"e-font-icon-svg e-fas-angle-down\" viewBox=\"0 0 320 512\" xmlns=\"http:\/\/www.w3.org\/2000\/svg\"><path d=\"M143 352.3L7 216.3c-9.4-9.4-9.4-24.6 0-33.9l22.6-22.6c9.4-9.4 24.6-9.4 33.9 0l96.4 96.4 96.4-96.4c9.4-9.4 24.6-9.4 33.9 0l22.6 22.6c9.4 9.4 9.4 24.6 0 33.9l-136 136c-9.2 9.4-24.4 9.4-33.8 0z\"><\/path><\/svg>\t\t\t<\/div>\n\t\t<\/div>\n\t\t\t\t\t\t<\/div>\n\t\t\t\t<div class=\"elementor-element elementor-element-5e80798 elementor-widget-divider--view-line elementor-widget elementor-widget-divider\" data-id=\"5e80798\" data-element_type=\"widget\" data-e-type=\"widget\" data-widget_type=\"divider.default\">\n\t\t\t\t\t\t\t<div class=\"elementor-divider\">\n\t\t\t<span class=\"elementor-divider-separator\">\n\t\t\t\t\t\t<\/span>\n\t\t<\/div>\n\t\t\t\t\t\t<\/div>\n\t\t\t\t<\/div>\n\t\t\t\t\t<\/div>\n\t\t\t\t<\/div>\n\t\t<div class=\"elementor-element elementor-element-130f26e e-flex e-con-boxed wpr-particle-no wpr-jarallax-no wpr-parallax-no wpr-sticky-section-no wpr-equal-height-no e-con e-parent\" data-id=\"130f26e\" data-element_type=\"container\" data-e-type=\"container\">\n\t\t\t\t\t<div class=\"e-con-inner\">\n\t\t\t\t<div class=\"elementor-element elementor-element-6a83ffe elementor-widget-divider--view-line elementor-widget elementor-widget-divider\" data-id=\"6a83ffe\" data-element_type=\"widget\" data-e-type=\"widget\" data-widget_type=\"divider.default\">\n\t\t\t\t\t\t\t<div class=\"elementor-divider\">\n\t\t\t<span class=\"elementor-divider-separator\">\n\t\t\t\t\t\t<\/span>\n\t\t<\/div>\n\t\t\t\t\t\t<\/div>\n\t\t\t\t<div class=\"elementor-element elementor-element-a851615 elementor-widget elementor-widget-text-editor\" data-id=\"a851615\" data-element_type=\"widget\" data-e-type=\"widget\" data-widget_type=\"text-editor.default\">\n\t\t\t\t\t\t\t\t\t<p>A&nbsp;<strong>eletroterapia<\/strong>&nbsp;\u00e9 um recurso terap\u00eautico que utiliza correntes el\u00e9tricas controladas para estimular tecidos musculares, nervosos e circulat\u00f3rios, promovendo&nbsp;<strong>al\u00edvio da dor, redu\u00e7\u00e3o de inflama\u00e7\u00f5es, fortalecimento muscular e acelera\u00e7\u00e3o da cicatriza\u00e7\u00e3o.<\/strong><\/p>\n<p>Na&nbsp;<strong>SanosLife<\/strong>, a eletroterapia \u00e9 utilizada de forma integrada aos nossos programas de reabilita\u00e7\u00e3o, sempre ajustada \u00e0 necessidade individual de cada paciente, com seguran\u00e7a, precis\u00e3o e efic\u00e1cia.<\/p><p><br><\/p>\n<h2 id=\"h-para-que-serve-a-eletroterapia\" class=\"wp-block-heading\">Para que serve a eletroterapia?<\/h2>\n<p>A eletroterapia atua como um&nbsp;<strong>facilitador do processo de recupera\u00e7\u00e3o<\/strong>, sendo indicada tanto em casos agudos quanto cr\u00f4nicos, como parte de um plano de fisioterapia mais amplo.<\/p><p><br><\/p>\n<h2 id=\"h-indicacoes-comuns\" class=\"wp-block-heading\">Indica\u00e7\u00f5es comuns<\/h2>\n<ul class=\"wp-block-list\">\n<li>Dores musculares e articulares<\/li>\n<li>Lombalgia, cervicalgia, h\u00e9rnias de disco<\/li>\n<li>Tendinites, bursites e entorses<\/li>\n<li>Recupera\u00e7\u00e3o de cirurgias ortop\u00e9dicas<\/li>\n<li>Fortalecimento muscular ap\u00f3s imobiliza\u00e7\u00e3o<\/li>\n<li>Edemas e inflama\u00e7\u00f5es<\/li>\n<li>Reabilita\u00e7\u00e3o neurol\u00f3gica (AVC, paralisias)<\/li>\n<li>Incontin\u00eancia urin\u00e1ria (com eletroestimula\u00e7\u00e3o do assoalho p\u00e9lvico)<\/li>\n<\/ul><div><br><\/div>\n<h2 id=\"h-tipos-de-eletroterapia-utilizados\" class=\"wp-block-heading\">Tipos de eletroterapia utilizados<\/h2>\n<p>Na SanosLife, utilizamos diferentes formas de eletroterapia, dependendo da indica\u00e7\u00e3o:<\/p>\n<ul class=\"wp-block-list\">\n<li><strong>TENS (Estimula\u00e7\u00e3o Nervosa El\u00e9trica Transcut\u00e2nea):<\/strong>&nbsp;para al\u00edvio da dor<\/li>\n<li><strong>FES (Estimula\u00e7\u00e3o El\u00e9trica Funcional):<\/strong>&nbsp;para reabilita\u00e7\u00e3o muscular<\/li>\n<li><strong>Correntes Russas:<\/strong>&nbsp;para fortalecimento e tonifica\u00e7\u00e3o muscular<\/li>\n<li><strong>Corrente Galv\u00e2nica:<\/strong>&nbsp;para analgesia e drenagem de edemas<\/li>\n<li><strong>Microcorrentes:<\/strong>&nbsp;para regenera\u00e7\u00e3o celular e cicatriza\u00e7\u00e3o<\/li>\n<li><strong>Interferenciais:<\/strong>&nbsp;para dores mais profundas e quadros cr\u00f4nicos<\/li>\n<\/ul><div><br><\/div>\n<h2 id=\"h-beneficios-da-eletroterapia\" class=\"wp-block-heading\">Benef\u00edcios da eletroterapia<\/h2>\n<ul class=\"wp-block-list\">\n<li>Al\u00edvio r\u00e1pido e n\u00e3o invasivo da dor<\/li>\n<li>Est\u00edmulo \u00e0 regenera\u00e7\u00e3o tecidual<\/li>\n<li>Reativa\u00e7\u00e3o muscular em casos de fraqueza ou atrofia<\/li>\n<li>Acelera\u00e7\u00e3o do processo inflamat\u00f3rio controlado<\/li>\n<li>Aux\u00edlio na cicatriza\u00e7\u00e3o de les\u00f5es agudas ou cr\u00f4nicas<\/li>\n<li>Complemento eficaz \u00e0 fisioterapia manual e funcional<\/li>\n<\/ul><div><br><\/div>\n<h2 id=\"h-eletroterapia-com-proposito-na-sanoslife\" class=\"wp-block-heading\">Eletroterapia com prop\u00f3sito, na SanosLife<\/h2>\n<p>Na&nbsp;<strong>SanosLife<\/strong>, a eletroterapia \u00e9 aplicada com base em avalia\u00e7\u00e3o cl\u00ednica detalhada, integrando tecnologia e cuidado humano. \u00c9 um recurso poderoso quando inserido em um plano terap\u00eautico individualizado e conduzido por profissionais especializados.<\/p>\n<p>Tecnologia que trata com suavidade, precis\u00e3o e resultados. Na&nbsp;<strong>SanosLife<\/strong>, a eletroterapia \u00e9 mais que um recurso: \u00e9 parte de um cuidado completo para voc\u00ea voltar a se movimentar com seguran\u00e7a e bem-estar.<\/p>\t\t\t\t\t\t\t\t<\/div>\n\t\t\t\t\t<\/div>\n\t\t\t\t<\/div>\n\t\t<div class=\"elementor-element elementor-element-c6272aa e-flex e-con-boxed wpr-particle-no wpr-jarallax-no wpr-parallax-no wpr-sticky-section-no wpr-equal-height-no e-con e-parent\" data-id=\"c6272aa\" data-element_type=\"container\" data-e-type=\"container\">\n\t\t\t\t\t<div class=\"e-con-inner\">\n\t\t\t\t<div class=\"elementor-element elementor-element-7280371 elementor-align-center elementor-widget elementor-widget-button\" data-id=\"7280371\" data-element_type=\"widget\" data-e-type=\"widget\" data-widget_type=\"button.default\">\n\t\t\t\t\t\t\t\t\t\t<a class=\"elementor-button elementor-button-link elementor-size-sm\" href=\"https:\/\/api.whatsapp.com\/send\/?phone=5521985635375&#038;text=Ol%C3%A1%21+Estou+vindo+pelo+SITE+e+gostaria+de+informa%C3%A7%C3%B5es.+Pode+me+ajudar%3F\">\n\t\t\t\t\t\t<span class=\"elementor-button-content-wrapper\">\n\t\t\t\t\t\t\t\t\t<span class=\"elementor-button-text\">Marque uma consulta<\/span>\n\t\t\t\t\t<\/span>\n\t\t\t\t\t<\/a>\n\t\t\t\t\t\t\t\t<\/div>\n\t\t\t\t\t<\/div>\n\t\t\t\t<\/div>\n\t\t<div class=\"elementor-element elementor-element-8eeb13c e-flex e-con-boxed wpr-particle-no wpr-jarallax-no wpr-parallax-no wpr-sticky-section-no wpr-equal-height-no e-con e-parent\" data-id=\"8eeb13c\" data-element_type=\"container\" data-e-type=\"container\">\n\t\t\t\t\t<div class=\"e-con-inner\">\n\t\t\t\t<div class=\"elementor-element elementor-element-19e647f elementor-widget-divider--view-line elementor-widget elementor-widget-divider\" data-id=\"19e647f\" data-element_type=\"widget\" data-e-type=\"widget\" data-widget_type=\"divider.default\">\n\t\t\t\t\t\t\t<div class=\"elementor-divider\">\n\t\t\t<span class=\"elementor-divider-separator\">\n\t\t\t\t\t\t<\/span>\n\t\t<\/div>\n\t\t\t\t\t\t<\/div>\n\t\t\t\t\t<\/div>\n\t\t\t\t<\/div>\n\t\t\t\t<\/div>\n\t\t","protected":false},"excerpt":{"rendered":"<p>Home \u00bb Tratamentos \u00bb Fisioterapia e Reabilita\u00e7\u00e3o \u00bb Eletroterapia Eletroterapia Tecnologia aplicada \u00e0 recupera\u00e7\u00e3o da dor, for\u00e7a e movimento. Home \u00bb Tratamentos \u00bb Fisioterapia e Reabilita\u00e7\u00e3o \u00bb Eletroterapia Eletroterapia Tecnologia aplicada \u00e0 recupera\u00e7\u00e3o da dor, for\u00e7a e movimento. A&nbsp;eletroterapia&nbsp;\u00e9 um recurso terap\u00eautico que utiliza correntes el\u00e9tricas controladas para estimular tecidos musculares, nervosos e circulat\u00f3rios, promovendo&nbsp;al\u00edvio da dor, redu\u00e7\u00e3o de inflama\u00e7\u00f5es, fortalecimento muscular e acelera\u00e7\u00e3o da cicatriza\u00e7\u00e3o. Na&nbsp;SanosLife, a eletroterapia \u00e9 utilizada de forma integrada aos nossos programas de reabilita\u00e7\u00e3o, sempre ajustada \u00e0 necessidade individual de cada paciente, com seguran\u00e7a, precis\u00e3o e efic\u00e1cia. Para que serve a eletroterapia? A eletroterapia atua como um&nbsp;facilitador do processo de recupera\u00e7\u00e3o, sendo indicada tanto em casos agudos quanto cr\u00f4nicos, como parte de um plano de fisioterapia mais amplo. Indica\u00e7\u00f5es comuns Dores musculares e articulares Lombalgia, cervicalgia, h\u00e9rnias de disco Tendinites, bursites e entorses Recupera\u00e7\u00e3o de cirurgias ortop\u00e9dicas Fortalecimento muscular ap\u00f3s imobiliza\u00e7\u00e3o Edemas e inflama\u00e7\u00f5es Reabilita\u00e7\u00e3o neurol\u00f3gica (AVC, paralisias) Incontin\u00eancia urin\u00e1ria (com eletroestimula\u00e7\u00e3o do assoalho p\u00e9lvico) Tipos de eletroterapia utilizados Na SanosLife, utilizamos diferentes formas de eletroterapia, dependendo da indica\u00e7\u00e3o: TENS (Estimula\u00e7\u00e3o Nervosa El\u00e9trica Transcut\u00e2nea):&nbsp;para al\u00edvio da dor FES (Estimula\u00e7\u00e3o El\u00e9trica Funcional):&nbsp;para reabilita\u00e7\u00e3o muscular Correntes Russas:&nbsp;para fortalecimento e tonifica\u00e7\u00e3o muscular Corrente Galv\u00e2nica:&nbsp;para analgesia e drenagem de edemas Microcorrentes:&nbsp;para regenera\u00e7\u00e3o celular e cicatriza\u00e7\u00e3o Interferenciais:&nbsp;para dores mais profundas e quadros cr\u00f4nicos Benef\u00edcios da eletroterapia Al\u00edvio r\u00e1pido e n\u00e3o invasivo da dor Est\u00edmulo \u00e0 regenera\u00e7\u00e3o tecidual Reativa\u00e7\u00e3o muscular em casos de fraqueza ou atrofia Acelera\u00e7\u00e3o do processo inflamat\u00f3rio controlado Aux\u00edlio na cicatriza\u00e7\u00e3o de les\u00f5es agudas ou cr\u00f4nicas Complemento eficaz \u00e0 fisioterapia manual e funcional Eletroterapia com prop\u00f3sito, na SanosLife Na&nbsp;SanosLife, a eletroterapia \u00e9 aplicada com base em avalia\u00e7\u00e3o cl\u00ednica detalhada, integrando tecnologia e cuidado humano. \u00c9 um recurso poderoso quando inserido em um plano terap\u00eautico individualizado e conduzido por profissionais especializados. Tecnologia que trata com suavidade, precis\u00e3o e resultados. Na&nbsp;SanosLife, a eletroterapia \u00e9 mais que um recurso: \u00e9 parte de um cuidado completo para voc\u00ea voltar a se movimentar com seguran\u00e7a e bem-estar. Marque uma consulta<\/p>\n","protected":false},"author":1,"featured_media":0,"parent":0,"menu_order":0,"comment_status":"closed","ping_status":"closed","template":"elementor_canvas","meta":{"footnotes":""},"class_list":["post-4332","page","type-page","status-publish","hentry"],"aioseo_notices":[],"_links":{"self":[{"href":"https:\/\/cograjau.com.br\/index.php?rest_route=\/wp\/v2\/pages\/4332","targetHints":{"allow":["GET"]}}],"collection":[{"href":"https:\/\/cograjau.com.br\/index.php?rest_route=\/wp\/v2\/pages"}],"about":[{"href":"https:\/\/cograjau.com.br\/index.php?rest_route=\/wp\/v2\/types\/page"}],"author":[{"embeddable":true,"href":"https:\/\/cograjau.com.br\/index.php?rest_route=\/wp\/v2\/users\/1"}],"replies":[{"embeddable":true,"href":"https:\/\/cograjau.com.br\/index.php?rest_route=%2Fwp%2Fv2%2Fcomments&post=4332"}],"version-history":[{"count":6,"href":"https:\/\/cograjau.com.br\/index.php?rest_route=\/wp\/v2\/pages\/4332\/revisions"}],"predecessor-version":[{"id":7824,"href":"https:\/\/cograjau.com.br\/index.php?rest_route=\/wp\/v2\/pages\/4332\/revisions\/7824"}],"wp:attachment":[{"href":"https:\/\/cograjau.com.br\/index.php?rest_route=%2Fwp%2Fv2%2Fmedia&parent=4332"}],"curies":[{"name":"wp","href":"https:\/\/api.w.org\/{rel}","templated":true}]}}